{"id":996,"date":"2020-04-26T16:06:42","date_gmt":"2020-04-26T16:06:42","guid":{"rendered":"http:\/\/test.kuwehi.de\/?page_id=996"},"modified":"2023-01-23T10:16:36","modified_gmt":"2023-01-23T09:16:36","slug":"faszinierendes-3d","status":"publish","type":"page","link":"https:\/\/kuwehi.de\/?page_id=996","title":{"rendered":"Faszinierendes 3D"},"content":{"rendered":"<h3 style=\"text-align: center;\"><span style=\"color: #ff0000;\"><strong>Samstagswerkstatt<br \/>\n<\/strong><\/span><\/h3>\n<h2 style=\"text-align: center;\"><strong>Faszinierendes 3D<\/strong><\/h2>\n<h3 style=\"text-align: center;\">(ab 9 Jahren)<\/h3>\n<h5 style=\"text-align: center;\">Der Computer kann es mit einem Knopfdruck. Aber welche M\u00f6glichkeiten hast Du selbst, mit etwas K\u00f6pfchen und Deinen H\u00e4nden, Dinge auf dem Papier wie K\u00f6rper erscheinen zu lassen?<\/h5>\n<h5 style=\"text-align: center;\">Das kannst Du hier mit Tusche, Zeichenkohle und Acrylfarben ausprobieren und \u00fcben.<\/h5>\n<h5 style=\"text-align: center;\"><\/h5>\n","protected":false},"excerpt":{"rendered":"<p>Samstagswerkstatt Faszinierendes 3D (ab 9 Jahren) Der Computer kann es mit einem Knopfdruck. Aber welche M\u00f6glichkeiten hast Du selbst, mit&hellip;<\/p>\n","protected":false},"author":1,"featured_media":1265,"parent":0,"menu_order":0,"comment_status":"closed","ping_status":"closed","template":"","meta":{"_price":"","_stock":"","_tribe_ticket_header":"","_tribe_default_ticket_provider":"","_tribe_ticket_capacity":"0","_ticket_start_date":"","_ticket_end_date":"","_tribe_ticket_show_description":"","_tribe_ticket_show_not_going":false,"_tribe_ticket_use_global_stock":"","_tribe_ticket_global_stock_level":"","_global_stock_mode":"","_global_stock_cap":"","_tribe_rsvp_for_event":"","_tribe_ticket_going_count":"","_tribe_ticket_not_going_count":"","_tribe_tickets_list":"[]","_tribe_ticket_has_attendee_info_fields":false,"footnotes":"","_tec_slr_enabled":"","_tec_slr_layout":""},"class_list":["post-996","page","type-page","status-publish","has-post-thumbnail","hentry"],"ticketed":false,"_links":{"self":[{"href":"https:\/\/kuwehi.de\/index.php?rest_route=\/wp\/v2\/pages\/996","targetHints":{"allow":["GET"]}}],"collection":[{"href":"https:\/\/kuwehi.de\/index.php?rest_route=\/wp\/v2\/pages"}],"about":[{"href":"https:\/\/kuwehi.de\/index.php?rest_route=\/wp\/v2\/types\/page"}],"author":[{"embeddable":true,"href":"https:\/\/kuwehi.de\/index.php?rest_route=\/wp\/v2\/users\/1"}],"replies":[{"embeddable":true,"href":"https:\/\/kuwehi.de\/index.php?rest_route=%2Fwp%2Fv2%2Fcomments&post=996"}],"version-history":[{"count":4,"href":"https:\/\/kuwehi.de\/index.php?rest_route=\/wp\/v2\/pages\/996\/revisions"}],"predecessor-version":[{"id":6595,"href":"https:\/\/kuwehi.de\/index.php?rest_route=\/wp\/v2\/pages\/996\/revisions\/6595"}],"wp:featuredmedia":[{"embeddable":true,"href":"https:\/\/kuwehi.de\/index.php?rest_route=\/wp\/v2\/media\/1265"}],"wp:attachment":[{"href":"https:\/\/kuwehi.de\/index.php?rest_route=%2Fwp%2Fv2%2Fmedia&parent=996"}],"curies":[{"name":"wp","href":"https:\/\/api.w.org\/{rel}","templated":true}]}}