{"id":9801,"date":"2025-01-08T17:39:23","date_gmt":"2025-01-08T16:39:23","guid":{"rendered":"https:\/\/kuwehi.de\/?page_id=9801"},"modified":"2025-03-10T18:27:42","modified_gmt":"2025-03-10T17:27:42","slug":"yin-yoga-mit-alexandra-ab-januar-2025","status":"publish","type":"page","link":"https:\/\/kuwehi.de\/?page_id=9801","title":{"rendered":"YIN YOGA mit Alexandra"},"content":{"rendered":"<h2 style=\"text-align: center;\">YIN YOGA<\/h2>\n<h4 style=\"text-align: center;\">mit Alexandra Jacobsen<\/h4>\n<h5><\/h5>\n<h5><img fetchpriority=\"high\" decoding=\"async\" class=\"wp-image-9718 size-large aligncenter\" src=\"https:\/\/kuwehi.de\/wp-content\/uploads\/2025\/01\/Yoga-mit-Alex-1-1024x358.png\" alt=\"\" width=\"688\" height=\"241\" srcset=\"https:\/\/kuwehi.de\/wp-content\/uploads\/2025\/01\/Yoga-mit-Alex-1-1024x358.png 1024w, https:\/\/kuwehi.de\/wp-content\/uploads\/2025\/01\/Yoga-mit-Alex-1-300x105.png 300w, https:\/\/kuwehi.de\/wp-content\/uploads\/2025\/01\/Yoga-mit-Alex-1-150x52.png 150w, https:\/\/kuwehi.de\/wp-content\/uploads\/2025\/01\/Yoga-mit-Alex-1-768x268.png 768w, https:\/\/kuwehi.de\/wp-content\/uploads\/2025\/01\/Yoga-mit-Alex-1.png 1119w\" sizes=\"(max-width: 688px) 100vw, 688px\" \/><\/h5>\n<p>&nbsp;<\/p>\n<h5 style=\"text-align: center;\"><span style=\"font-family: helvetica;\">Yoga ist wie Musik, die uns anspricht!<\/span><\/h5>\n<p>&nbsp;<\/p>\n<h5><span style=\"font-family: helvetica;\">Die Magie einer Yogastunde besteht nicht nur in der Abfolge der Asanas, sondern durch die Kombination aus Asanas (k\u00f6rperlichen Haltungen), das Ansprechen der Sinne (Duft\u00f6le) und<\/span><br \/>\n<span style=\"font-family: helvetica;\">des Geistes (Fantasiereisen\/Meditation, Affirmation) gelangen wir in Bewegung und Harmonie.<\/span><br \/>\n<span style=\"font-family: helvetica;\">Wer sich von diesen drei Themen angesprochen f\u00fchlt und mit mir auf eine besondere<\/span><br \/>\n<span style=\"font-family: helvetica;\">Reise gehen m\u00f6chte, eine Reise zu mehr innerer Ruhe und Gelassenheit, der ist in diesem Yogakurs herzlich willkommen.<\/span><\/h5>\n<h5><span style=\"font-family: helvetica;\">Der Yogastil der in diesem Kurs praktiziert wird, ist das Yin Yoga in Kombination mit Akupressur. Wir l\u00f6sen Blockade, mobilisieren unsere K\u00f6rperkraft und erhalten so unsere Gesundheit. Unser K\u00f6rper hat Selbstheilungskr\u00e4fte, die durch Bewegungsmangel, ungesunde Ern\u00e4hrung, Schlafmangel und die moderne Lebensweise mit ihren verschiedenen Facetten, verborgen oder fehlgeleitet werden.<\/span><\/h5>\n<h5><span style=\"font-family: helvetica;\">Wecke 2025 diese Heilkraft in Dir!<\/span><\/h5>\n<h5><span style=\"font-family: helvetica;\">Du wirst dich beweglicher, ges\u00fcnder und energiereicher f\u00fchlen. Der Kurs richtet sich an Interessierte die langfristig ihren Stress, ihre Schlafst\u00f6rungen, Verdauungsprobleme oder Kreislaufbeschwerden reduzieren m\u00f6chten.<\/span><br \/>\n<span style=\"font-family: helvetica;\">F\u00fcr deine Yoga-Praxis bring bitte eine Yogamatte, eine Decke und ein kleines Handtuch mit,\u00a0 falls vorhanden, gerne auch ein Yogakissen\/Bolster. Bequeme Kleidung, evtl. warme Socken f\u00fcr die Entspannung.<\/span><\/h5>\n<h5><span style=\"font-family: helvetica;\">Termine:<\/span><\/h5>\n<h5><span style=\"font-family: helvetica;\">Block 1: 27.02.2025, 06.03.2025, 13.03.2025, 20.03.2025, 27.03.2025, 03.04.2025 und 10.04.2025<\/span><\/h5>\n<h5><span style=\"font-family: helvetica;\">Block 2: 17.04.; 24.04.; 08.05.; 15.05.; 05.06; 12.06.2025<\/span><\/h5>\n<h5><span style=\"font-family: helvetica;\">Donnerstag, jeweils von 19:00 &#8211; 20:15 Uhr<\/span><\/h5>\n<h5><span style=\"font-family: helvetica;\">Kosten:<\/span><\/h5>\n<h5><span style=\"font-family: helvetica;\">Block 1<\/span><span style=\"font-family: helvetica;\">: 105 \u20ac f\u00fcr 7 Yogaeinheiten<\/span><\/h5>\n<h5><span style=\"font-family: helvetica;\">Block 2: 90 \u20ac f\u00fcr 6 Yogaeinheiten\u00a0\u00a0\u00a0\u00a0\u00a0 <span style=\"color: #666699;\"><a style=\"color: #666699;\" href=\"https:\/\/kuwehi.de\/?tribe_events=yin-yoga-mit-alex-4\">-&gt; Zur Anmeldung<\/a><\/span><\/span><\/h5>\n<p>&nbsp;<\/p>\n<h5><\/h5>\n","protected":false},"excerpt":{"rendered":"<p>YIN YOGA mit Alexandra Jacobsen &nbsp; Yoga ist wie Musik, die uns anspricht! &nbsp; Die Magie einer Yogastunde besteht nicht&hellip;<\/p>\n","protected":false},"author":1,"featured_media":9763,"parent":0,"menu_order":0,"comment_status":"closed","ping_status":"closed","template":"","meta":{"_price":"","_stock":"","_tribe_ticket_header":"","_tribe_default_ticket_provider":"","_tribe_ticket_capacity":"0","_ticket_start_date":"","_ticket_end_date":"","_tribe_ticket_show_description":"","_tribe_ticket_show_not_going":false,"_tribe_ticket_use_global_stock":"","_tribe_ticket_global_stock_level":"","_global_stock_mode":"","_global_stock_cap":"","_tribe_rsvp_for_event":"","_tribe_ticket_going_count":"","_tribe_ticket_not_going_count":"","_tribe_tickets_list":"[]","_tribe_ticket_has_attendee_info_fields":false,"footnotes":"","_tec_slr_enabled":"","_tec_slr_layout":""},"class_list":["post-9801","page","type-page","status-publish","has-post-thumbnail","hentry"],"ticketed":false,"_links":{"self":[{"href":"https:\/\/kuwehi.de\/index.php?rest_route=\/wp\/v2\/pages\/9801","targetHints":{"allow":["GET"]}}],"collection":[{"href":"https:\/\/kuwehi.de\/index.php?rest_route=\/wp\/v2\/pages"}],"about":[{"href":"https:\/\/kuwehi.de\/index.php?rest_route=\/wp\/v2\/types\/page"}],"author":[{"embeddable":true,"href":"https:\/\/kuwehi.de\/index.php?rest_route=\/wp\/v2\/users\/1"}],"replies":[{"embeddable":true,"href":"https:\/\/kuwehi.de\/index.php?rest_route=%2Fwp%2Fv2%2Fcomments&post=9801"}],"version-history":[{"count":6,"href":"https:\/\/kuwehi.de\/index.php?rest_route=\/wp\/v2\/pages\/9801\/revisions"}],"predecessor-version":[{"id":10112,"href":"https:\/\/kuwehi.de\/index.php?rest_route=\/wp\/v2\/pages\/9801\/revisions\/10112"}],"wp:featuredmedia":[{"embeddable":true,"href":"https:\/\/kuwehi.de\/index.php?rest_route=\/wp\/v2\/media\/9763"}],"wp:attachment":[{"href":"https:\/\/kuwehi.de\/index.php?rest_route=%2Fwp%2Fv2%2Fmedia&parent=9801"}],"curies":[{"name":"wp","href":"https:\/\/api.w.org\/{rel}","templated":true}]}}