{"id":978,"date":"2020-04-26T15:54:03","date_gmt":"2020-04-26T15:54:03","guid":{"rendered":"http:\/\/test.kuwehi.de\/?page_id=978"},"modified":"2023-01-23T10:18:44","modified_gmt":"2023-01-23T09:18:44","slug":"978-2","status":"publish","type":"page","link":"https:\/\/kuwehi.de\/?page_id=978","title":{"rendered":"Der Natur auf der Spur"},"content":{"rendered":"<h3 style=\"text-align: center;\"><span style=\"color: #ff0000;\"><strong>Samstagswerkstatt<br \/>\n<\/strong><\/span><\/h3>\n<h2 style=\"text-align: center;\"><strong>Der Natur auf der Spur<\/strong><\/h2>\n<h3 style=\"text-align: center;\">(ab 8 Jahren)<\/h3>\n<h5 style=\"text-align: center;\">Die Sch\u00f6nheit der Natur &#8211; kleine Pflanzen, Insekten, V\u00f6gel, B\u00e4ume &#8211; entdecken wir mit dem Zeichenstift.<\/h5>\n<h5 style=\"text-align: center;\">Du lernst Zeichentechniken kennen und dabei schulen wir unseren Blick f\u00fcr die Natur, die wir erhalten wollen.<\/h5>\n","protected":false},"excerpt":{"rendered":"<p>Samstagswerkstatt Der Natur auf der Spur (ab 8 Jahren) Die Sch\u00f6nheit der Natur &#8211; kleine Pflanzen, Insekten, V\u00f6gel, B\u00e4ume &#8211;&hellip;<\/p>\n","protected":false},"author":1,"featured_media":0,"parent":0,"menu_order":0,"comment_status":"closed","ping_status":"closed","template":"","meta":{"_price":"","_stock":"","_tribe_ticket_header":"","_tribe_default_ticket_provider":"","_tribe_ticket_capacity":"0","_ticket_start_date":"","_ticket_end_date":"","_tribe_ticket_show_description":"","_tribe_ticket_show_not_going":false,"_tribe_ticket_use_global_stock":"","_tribe_ticket_global_stock_level":"","_global_stock_mode":"","_global_stock_cap":"","_tribe_rsvp_for_event":"","_tribe_ticket_going_count":"","_tribe_ticket_not_going_count":"","_tribe_tickets_list":"[]","_tribe_ticket_has_attendee_info_fields":false,"footnotes":"","_tec_slr_enabled":"","_tec_slr_layout":""},"class_list":["post-978","page","type-page","status-publish","hentry"],"ticketed":false,"_links":{"self":[{"href":"https:\/\/kuwehi.de\/index.php?rest_route=\/wp\/v2\/pages\/978","targetHints":{"allow":["GET"]}}],"collection":[{"href":"https:\/\/kuwehi.de\/index.php?rest_route=\/wp\/v2\/pages"}],"about":[{"href":"https:\/\/kuwehi.de\/index.php?rest_route=\/wp\/v2\/types\/page"}],"author":[{"embeddable":true,"href":"https:\/\/kuwehi.de\/index.php?rest_route=\/wp\/v2\/users\/1"}],"replies":[{"embeddable":true,"href":"https:\/\/kuwehi.de\/index.php?rest_route=%2Fwp%2Fv2%2Fcomments&post=978"}],"version-history":[{"count":9,"href":"https:\/\/kuwehi.de\/index.php?rest_route=\/wp\/v2\/pages\/978\/revisions"}],"predecessor-version":[{"id":6599,"href":"https:\/\/kuwehi.de\/index.php?rest_route=\/wp\/v2\/pages\/978\/revisions\/6599"}],"wp:attachment":[{"href":"https:\/\/kuwehi.de\/index.php?rest_route=%2Fwp%2Fv2%2Fmedia&parent=978"}],"curies":[{"name":"wp","href":"https:\/\/api.w.org\/{rel}","templated":true}]}}