{"id":9304,"date":"2024-08-14T14:04:08","date_gmt":"2024-08-14T12:04:08","guid":{"rendered":"https:\/\/kuwehi.de\/?page_id=9304"},"modified":"2026-01-27T19:02:55","modified_gmt":"2026-01-27T18:02:55","slug":"vereinsmitgliedschaft","status":"publish","type":"page","link":"https:\/\/kuwehi.de\/?page_id=9304","title":{"rendered":"Vereinsmitgliedschaft"},"content":{"rendered":"<h3 style=\"text-align: center;\"><span style=\"font-family: comic sans ms, sans-serif;\">Sie wollen Unsere Arbeit unterst\u00fctzen indem Sie Mitglied in unserem Verein werden ?<\/span><\/h3>\n<h3 style=\"text-align: center;\"><span style=\"font-family: comic sans ms, sans-serif;\">Wir freuen uns sehr dar\u00fcber!<\/span><\/h3>\n<h3 style=\"text-align: center;\"><span style=\"font-family: comic sans ms, sans-serif;\">F\u00fcllen sie dazu bitte den Antrag aus und schicken ihn an info@kuwehi.de oder postalisch an:<\/span><\/h3>\n<h3 style=\"text-align: center;\"><span style=\"font-family: comic sans ms, sans-serif;\"> Kulturwerkstatt Hiddenhausen (e.V.);\u00a0 Sonntagstrasse\u00a0 11 , <\/span><span style=\"font-family: comic sans ms, sans-serif;\">32120 Hiddenhausen. <\/span><\/h3>\n<h3 style=\"text-align: center;\"><span style=\"font-family: comic sans ms, sans-serif;\">Wir freuen uns aber auch \u00fcber einen Besuch von Ihnen!<\/span><\/h3>\n<h3 style=\"text-align: center;\"><\/h3>\n<h3 style=\"text-align: center;\"><span style=\"font-family: comic sans ms, sans-serif;\"><a href=\"https:\/\/kuwehi.de\/wp-content\/uploads\/2024\/08\/Mitgliedsantrag-Kulturwerkstatt-Hiddenhausen-e.V.pdf\"><span style=\"color: #666699;\">&gt; Zum Mitgliedsantrag &lt;<\/span><\/a><\/span><\/h3>\n","protected":false},"excerpt":{"rendered":"<p>Sie wollen Unsere Arbeit unterst\u00fctzen indem Sie Mitglied in unserem Verein werden ? Wir freuen uns sehr dar\u00fcber! F\u00fcllen sie&hellip;<\/p>\n","protected":false},"author":1,"featured_media":1947,"parent":0,"menu_order":0,"comment_status":"closed","ping_status":"closed","template":"","meta":{"_price":"","_stock":"","_tribe_ticket_header":"","_tribe_default_ticket_provider":"","_tribe_ticket_capacity":"0","_ticket_start_date":"","_ticket_end_date":"","_tribe_ticket_show_description":"","_tribe_ticket_show_not_going":false,"_tribe_ticket_use_global_stock":"","_tribe_ticket_global_stock_level":"","_global_stock_mode":"","_global_stock_cap":"","_tribe_rsvp_for_event":"","_tribe_ticket_going_count":"","_tribe_ticket_not_going_count":"","_tribe_tickets_list":"[]","_tribe_ticket_has_attendee_info_fields":false,"footnotes":"","_tec_slr_enabled":"","_tec_slr_layout":""},"class_list":["post-9304","page","type-page","status-publish","has-post-thumbnail","hentry"],"ticketed":false,"_links":{"self":[{"href":"https:\/\/kuwehi.de\/index.php?rest_route=\/wp\/v2\/pages\/9304","targetHints":{"allow":["GET"]}}],"collection":[{"href":"https:\/\/kuwehi.de\/index.php?rest_route=\/wp\/v2\/pages"}],"about":[{"href":"https:\/\/kuwehi.de\/index.php?rest_route=\/wp\/v2\/types\/page"}],"author":[{"embeddable":true,"href":"https:\/\/kuwehi.de\/index.php?rest_route=\/wp\/v2\/users\/1"}],"replies":[{"embeddable":true,"href":"https:\/\/kuwehi.de\/index.php?rest_route=%2Fwp%2Fv2%2Fcomments&post=9304"}],"version-history":[{"count":6,"href":"https:\/\/kuwehi.de\/index.php?rest_route=\/wp\/v2\/pages\/9304\/revisions"}],"predecessor-version":[{"id":11225,"href":"https:\/\/kuwehi.de\/index.php?rest_route=\/wp\/v2\/pages\/9304\/revisions\/11225"}],"wp:featuredmedia":[{"embeddable":true,"href":"https:\/\/kuwehi.de\/index.php?rest_route=\/wp\/v2\/media\/1947"}],"wp:attachment":[{"href":"https:\/\/kuwehi.de\/index.php?rest_route=%2Fwp%2Fv2%2Fmedia&parent=9304"}],"curies":[{"name":"wp","href":"https:\/\/api.w.org\/{rel}","templated":true}]}}