{"id":8815,"date":"2024-04-06T00:16:41","date_gmt":"2024-04-05T22:16:41","guid":{"rendered":"https:\/\/kuwehi.de\/?page_id=8815"},"modified":"2025-02-24T11:14:58","modified_gmt":"2025-02-24T10:14:58","slug":"balfolk-livemusik-tanzen-und-spass","status":"publish","type":"page","link":"https:\/\/kuwehi.de\/?page_id=8815","title":{"rendered":"Balfolk &#8211; Livemusik, Tanzen und Spa\u00df"},"content":{"rendered":"<h1 style=\"text-align: center;\"><strong><span style=\"font-family: comic sans ms, sans-serif;\">Balfolk mit <span style=\"color: #ffcc00;\">P<\/span><span style=\"color: #333399;\">A<\/span><span style=\"color: #ccffff;\">R<\/span><span style=\"color: #ff0000;\">A<\/span><span style=\"color: #ffcc00;\">SOL<\/span><\/span><\/strong><\/h1>\n<h3 style=\"text-align: center;\"><span style=\"font-family: comic sans ms, sans-serif;\"><strong>am 30. M\u00e4rz 2025\u00a0<\/strong><\/span><\/h3>\n<h3 style=\"text-align: center;\"><span style=\"font-family: comic sans ms, sans-serif;\"><strong> 15:00 bis 19:00 Uhr<\/strong><br \/>\n<\/span><\/h3>\n<h5><img fetchpriority=\"high\" decoding=\"async\" class=\"alignleft wp-image-9591\" src=\"https:\/\/kuwehi.de\/wp-content\/uploads\/2024\/11\/Parasol25-300x200.jpg\" alt=\"\" width=\"600\" height=\"400\" srcset=\"https:\/\/kuwehi.de\/wp-content\/uploads\/2024\/11\/Parasol25-300x200.jpg 300w, https:\/\/kuwehi.de\/wp-content\/uploads\/2024\/11\/Parasol25-150x100.jpg 150w, https:\/\/kuwehi.de\/wp-content\/uploads\/2024\/11\/Parasol25.jpg 744w\" sizes=\"(max-width: 600px) 100vw, 600px\" \/><span style=\"font-size: 24px;\"><span style=\"font-family: 'comic sans ms', sans-serif;\">Wenn Parasol nach Deutschland kommen, bringen sie immer auch ein <\/span><span style=\"font-family: 'comic sans ms', sans-serif;\">bisschen Sonne mit.<\/span><\/span><br \/>\n<span style=\"font-size: 24px;\"><span style=\"font-family: 'comic sans ms', sans-serif;\">Beim Tanz um den Sonnenschirm [Parasol] verlieren sich die Tanzpaare <\/span><span style=\"font-family: 'comic sans ms', sans-serif;\">schnell in den Augen des Partners. Die Welt dreht sich einen Takt <\/span><span style=\"font-family: 'comic sans ms', sans-serif;\">schneller und die Zeit scheint sich in irgendeiner Ecke des Tanzsaales <\/span><span style=\"font-family: 'comic sans ms', sans-serif;\">verloren zu haben.<\/span><\/span><\/h5>\n<h5><span style=\"font-family: 'comic sans ms', sans-serif;\">Parasol ist eine Legende in der Balfolk-Szene und spielt derzeit in der Besetzung G\u00e9rard Godon (Akkordeon) und Eric Th\u00e9z\u00e9 (Saxophon, Klarinette, Melodika). Uns erwarten Mazurka, Walzer, Scottish, Bourr\u00e9e vom Feinsten, Mixer (Chapelloise, Cercle Cirkassion), bei denen Partner oder Partnerin gewechselt werden, Gavotte de l&#8217;Aven und vieles mehr. <\/span><\/h5>\n<h5><span style=\"font-family: 'comic sans ms', sans-serif;\">Im Vordergrund stehen der Spa\u00df und die Freude am Tanzen und nicht die Perfektion. Es wird mit Sicherheit ein sehr vergn\u00fcglicher Nachmittag. <\/span><\/h5>\n<p>&nbsp;<\/p>\n<h5 style=\"text-align: center;\">Karten:<\/h5>\n<h5 style=\"text-align: center;\">Vorverkauf (bis 28. M\u00e4rz 2025):\u00a0 \u00a0 12 \u20ac<\/h5>\n<h5 style=\"text-align: center;\">Abendkasse: 15 \u20ac<\/h5>\n<h5 style=\"text-align: center;\"><span style=\"color: #666699;\"><a style=\"color: #666699;\" href=\"https:\/\/kuwehi.de\/?tribe_events=balfolk-mit-parasol-im-maerz-2025\">Karte jetzt kaufen!<\/a><\/span><\/h5>\n","protected":false},"excerpt":{"rendered":"<p>Balfolk mit PARASOL am 30. M\u00e4rz 2025\u00a0 15:00 bis 19:00 Uhr Wenn Parasol nach Deutschland kommen, bringen sie immer auch&hellip;<\/p>\n","protected":false},"author":1,"featured_media":451,"parent":0,"menu_order":0,"comment_status":"closed","ping_status":"closed","template":"","meta":{"_price":"","_stock":"","_tribe_ticket_header":"","_tribe_default_ticket_provider":"","_tribe_ticket_capacity":"0","_ticket_start_date":"","_ticket_end_date":"","_tribe_ticket_show_description":"","_tribe_ticket_show_not_going":false,"_tribe_ticket_use_global_stock":"","_tribe_ticket_global_stock_level":"","_global_stock_mode":"","_global_stock_cap":"","_tribe_rsvp_for_event":"","_tribe_ticket_going_count":"","_tribe_ticket_not_going_count":"","_tribe_tickets_list":"[]","_tribe_ticket_has_attendee_info_fields":false,"footnotes":"","_tec_slr_enabled":"","_tec_slr_layout":""},"class_list":["post-8815","page","type-page","status-publish","has-post-thumbnail","hentry"],"ticketed":false,"_links":{"self":[{"href":"https:\/\/kuwehi.de\/index.php?rest_route=\/wp\/v2\/pages\/8815","targetHints":{"allow":["GET"]}}],"collection":[{"href":"https:\/\/kuwehi.de\/index.php?rest_route=\/wp\/v2\/pages"}],"about":[{"href":"https:\/\/kuwehi.de\/index.php?rest_route=\/wp\/v2\/types\/page"}],"author":[{"embeddable":true,"href":"https:\/\/kuwehi.de\/index.php?rest_route=\/wp\/v2\/users\/1"}],"replies":[{"embeddable":true,"href":"https:\/\/kuwehi.de\/index.php?rest_route=%2Fwp%2Fv2%2Fcomments&post=8815"}],"version-history":[{"count":31,"href":"https:\/\/kuwehi.de\/index.php?rest_route=\/wp\/v2\/pages\/8815\/revisions"}],"predecessor-version":[{"id":9975,"href":"https:\/\/kuwehi.de\/index.php?rest_route=\/wp\/v2\/pages\/8815\/revisions\/9975"}],"wp:featuredmedia":[{"embeddable":true,"href":"https:\/\/kuwehi.de\/index.php?rest_route=\/wp\/v2\/media\/451"}],"wp:attachment":[{"href":"https:\/\/kuwehi.de\/index.php?rest_route=%2Fwp%2Fv2%2Fmedia&parent=8815"}],"curies":[{"name":"wp","href":"https:\/\/api.w.org\/{rel}","templated":true}]}}