{"id":8188,"date":"2024-01-12T12:38:30","date_gmt":"2024-01-12T11:38:30","guid":{"rendered":"https:\/\/kuwehi.de\/?page_id=8188"},"modified":"2024-09-09T11:59:36","modified_gmt":"2024-09-09T09:59:36","slug":"kalligrafie-gegensaetze-ziehen-sich-an","status":"publish","type":"page","link":"https:\/\/kuwehi.de\/?page_id=8188","title":{"rendered":"Kalligrafie &#8211; Gegens\u00e4tze ziehen sich an!"},"content":{"rendered":"<h2 style=\"text-align: left;\"><span style=\"font-family: times new roman, times;\"><strong>Kalligrafie \u2013 Gegens\u00e4tze ziehen an! &#8211; <span style=\"color: #ff0000;\">Musste leider abgesagt werden!<\/span><br \/>\n<\/strong><\/span><\/h2>\n<h4 style=\"text-align: left;\"><span style=\"font-family: times new roman, times;\">Mit Sabine Pfeiffer<\/span><\/h4>\n<h2><strong><img fetchpriority=\"high\" decoding=\"async\" class=\"alignleft wp-image-8193\" src=\"https:\/\/kuwehi.de\/wp-content\/uploads\/2024\/01\/GegenSatz01-geaenderte-Bildgroesse-300x234.jpg\" alt=\"\" width=\"385\" height=\"300\" srcset=\"https:\/\/kuwehi.de\/wp-content\/uploads\/2024\/01\/GegenSatz01-geaenderte-Bildgroesse-300x234.jpg 300w, https:\/\/kuwehi.de\/wp-content\/uploads\/2024\/01\/GegenSatz01-geaenderte-Bildgroesse-1024x798.jpg 1024w, https:\/\/kuwehi.de\/wp-content\/uploads\/2024\/01\/GegenSatz01-geaenderte-Bildgroesse-150x117.jpg 150w, https:\/\/kuwehi.de\/wp-content\/uploads\/2024\/01\/GegenSatz01-geaenderte-Bildgroesse-768x598.jpg 768w, https:\/\/kuwehi.de\/wp-content\/uploads\/2024\/01\/GegenSatz01-geaenderte-Bildgroesse-1536x1197.jpg 1536w, https:\/\/kuwehi.de\/wp-content\/uploads\/2024\/01\/GegenSatz01-geaenderte-Bildgroesse-1600x1247.jpg 1600w, https:\/\/kuwehi.de\/wp-content\/uploads\/2024\/01\/GegenSatz01-geaenderte-Bildgroesse.jpg 1892w\" sizes=\"(max-width: 385px) 100vw, 385px\" \/><\/strong><\/h2>\n<h5><span style=\"font-family: times new roman, times;\">Kontraste sind ein wesentliches Kompositionsmerkmal \u2013 nicht nur in der Kalligrafie. Wir experimentieren mit unterschiedlichen Schrifttypen, Werkzeugen und Techniken und bringen Gegens\u00e4tzliches (wie Sommer und Winter, Feuer und Wasser, Ebbe und Flut\u2026) in unseren Textbl\u00e4ttern zusammen: filigrane handschriftliche Elemente und kr\u00e4ftige (auch gezeichnete) Monoline-Schriften verbinden sich zu lebhaften Kompositionen; gepr\u00e4gte Elemente verleihen den Schriftbl\u00e4ttern zus\u00e4tzlich Tiefe.<\/span><\/h5>\n<h5><span style=\"font-family: times new roman, times;\">Einsteiger, Fortgeschrittene und Experimentierfreudige sind gleicherma\u00dfen willkommen! Vorkenntnisse sind nicht erforderlich.<\/span><\/h5>\n<p>&nbsp;<\/p>\n<h5><\/h5>\n<h5><span style=\"font-family: times new roman, times;\"><strong><img decoding=\"async\" class=\"alignright wp-image-8194\" src=\"https:\/\/kuwehi.de\/wp-content\/uploads\/2024\/01\/GegenSatz06-300x214.jpg\" alt=\"\" width=\"421\" height=\"300\" srcset=\"https:\/\/kuwehi.de\/wp-content\/uploads\/2024\/01\/GegenSatz06-300x214.jpg 300w, https:\/\/kuwehi.de\/wp-content\/uploads\/2024\/01\/GegenSatz06-1024x730.jpg 1024w, https:\/\/kuwehi.de\/wp-content\/uploads\/2024\/01\/GegenSatz06-150x107.jpg 150w, https:\/\/kuwehi.de\/wp-content\/uploads\/2024\/01\/GegenSatz06-768x547.jpg 768w, https:\/\/kuwehi.de\/wp-content\/uploads\/2024\/01\/GegenSatz06-1536x1095.jpg 1536w, https:\/\/kuwehi.de\/wp-content\/uploads\/2024\/01\/GegenSatz06-1600x1141.jpg 1600w, https:\/\/kuwehi.de\/wp-content\/uploads\/2024\/01\/GegenSatz06.jpg 1978w\" sizes=\"(max-width: 421px) 100vw, 421px\" \/>Bitte mitbringen:<\/strong>\u00a0 Zeichen-\/Skizzenblock DIN A3, einige B\u00f6gen Tonpapier, Tansparent- oder Butterbrotpapier; Federhalter mit Redis- und Bandzugfedern i1 und 2 mm (auch im Kurs erh\u00e4ltlich), Fineliner, Bleistift, Radiergummi, Lineal, Schere\/Cutter, K\u00fcchenrolle, Wasserbeh\u00e4lter, farbige Tinten sowie Beh\u00e4lter mit einfachem Pinsel zum Mischen von Farben; Pr\u00e4gestift (oder Strick-\/H\u00e4kelnadel); Nadel und Zwirn zum Heften eines Werkbuches.<\/span><\/h5>\n<h5><span style=\"font-family: times new roman, times;\"><strong><em>Falls vorhanden bitte mitbringen:<\/em><\/strong> Automatic Pens, Plakatfedern, Balsaholz und sonstige Schreibwerkzeuge; Gouachen\/Deck-\/Aquarellfarben.<\/span><\/h5>\n<p>&nbsp;<\/p>\n<h5 style=\"text-align: center;\"><span style=\"font-family: times new roman, times;\">Termin: 14. September 2024 von 11:00 bis 17:00 Uhr und 15. September 2024 von 10:00 bis 16:00 Uhr<\/span><\/h5>\n<h5 style=\"text-align: center;\"><span style=\"font-family: times new roman, times;\">Kursgeb\u00fchr: 150,00 \u20ac<\/span><\/h5>\n<h5 style=\"text-align: left;\">Weitere Informationen zur Dozentin und zum Thema Kalligrafie finden Sie auch unter folgendem Link: <span style=\"color: #000000;\"><a style=\"color: #000000;\" href=\"http:\/\/www.KalligrafieBS.de\" target=\"_blank\" rel=\"noopener\" data-saferedirecturl=\"https:\/\/www.google.com\/url?q=http:\/\/www.KalligrafieBS.de&amp;source=gmail&amp;ust=1674288897867000&amp;usg=AOvVaw2D0PBOjDCTb8arSpaF7SwA\">www.KalligrafieBS.de<\/a><\/span><\/h5>\n","protected":false},"excerpt":{"rendered":"<p>Kalligrafie \u2013 Gegens\u00e4tze ziehen an! &#8211; Musste leider abgesagt werden! Mit Sabine Pfeiffer Kontraste sind ein wesentliches Kompositionsmerkmal \u2013 nicht&hellip;<\/p>\n","protected":false},"author":1,"featured_media":8190,"parent":0,"menu_order":0,"comment_status":"closed","ping_status":"closed","template":"","meta":{"_price":"","_stock":"","_tribe_ticket_header":"","_tribe_default_ticket_provider":"","_tribe_ticket_capacity":"0","_ticket_start_date":"","_ticket_end_date":"","_tribe_ticket_show_description":"","_tribe_ticket_show_not_going":false,"_tribe_ticket_use_global_stock":"","_tribe_ticket_global_stock_level":"","_global_stock_mode":"","_global_stock_cap":"","_tribe_rsvp_for_event":"","_tribe_ticket_going_count":"","_tribe_ticket_not_going_count":"","_tribe_tickets_list":"[]","_tribe_ticket_has_attendee_info_fields":false,"footnotes":"","_tec_slr_enabled":"","_tec_slr_layout":""},"class_list":["post-8188","page","type-page","status-publish","has-post-thumbnail","hentry"],"ticketed":false,"_links":{"self":[{"href":"https:\/\/kuwehi.de\/index.php?rest_route=\/wp\/v2\/pages\/8188","targetHints":{"allow":["GET"]}}],"collection":[{"href":"https:\/\/kuwehi.de\/index.php?rest_route=\/wp\/v2\/pages"}],"about":[{"href":"https:\/\/kuwehi.de\/index.php?rest_route=\/wp\/v2\/types\/page"}],"author":[{"embeddable":true,"href":"https:\/\/kuwehi.de\/index.php?rest_route=\/wp\/v2\/users\/1"}],"replies":[{"embeddable":true,"href":"https:\/\/kuwehi.de\/index.php?rest_route=%2Fwp%2Fv2%2Fcomments&post=8188"}],"version-history":[{"count":18,"href":"https:\/\/kuwehi.de\/index.php?rest_route=\/wp\/v2\/pages\/8188\/revisions"}],"predecessor-version":[{"id":9396,"href":"https:\/\/kuwehi.de\/index.php?rest_route=\/wp\/v2\/pages\/8188\/revisions\/9396"}],"wp:featuredmedia":[{"embeddable":true,"href":"https:\/\/kuwehi.de\/index.php?rest_route=\/wp\/v2\/media\/8190"}],"wp:attachment":[{"href":"https:\/\/kuwehi.de\/index.php?rest_route=%2Fwp%2Fv2%2Fmedia&parent=8188"}],"curies":[{"name":"wp","href":"https:\/\/api.w.org\/{rel}","templated":true}]}}