{"id":8138,"date":"2024-01-11T12:10:30","date_gmt":"2024-01-11T11:10:30","guid":{"rendered":"https:\/\/kuwehi.de\/?page_id=8138"},"modified":"2024-01-26T15:28:21","modified_gmt":"2024-01-26T14:28:21","slug":"sonntagsfilzen-waermflaschen","status":"publish","type":"page","link":"https:\/\/kuwehi.de\/?page_id=8138","title":{"rendered":"SonntagsFilzen &#8211; W\u00e4rmflaschen"},"content":{"rendered":"<h2 style=\"text-align: center;\">SonntagsFilzen &#8211; W\u00e4rmflaschen<\/h2>\n<h4 style=\"text-align: center;\"><strong>Mit Clotilde Bonhert und Kirsten Brauns<\/strong><\/h4>\n<p>&nbsp;<\/p>\n<h5><span style=\"font-family: georgia, palatino;\"><strong><img fetchpriority=\"high\" decoding=\"async\" class=\"alignleft wp-image-8142\" src=\"https:\/\/kuwehi.de\/wp-content\/uploads\/2024\/01\/Waermflasche-Gruenspecht-3zu4-768x1024.jpg\" alt=\"\" width=\"500\" height=\"667\" srcset=\"https:\/\/kuwehi.de\/wp-content\/uploads\/2024\/01\/Waermflasche-Gruenspecht-3zu4-768x1024.jpg 768w, https:\/\/kuwehi.de\/wp-content\/uploads\/2024\/01\/Waermflasche-Gruenspecht-3zu4-225x300.jpg 225w, https:\/\/kuwehi.de\/wp-content\/uploads\/2024\/01\/Waermflasche-Gruenspecht-3zu4-113x150.jpg 113w, https:\/\/kuwehi.de\/wp-content\/uploads\/2024\/01\/Waermflasche-Gruenspecht-3zu4-1152x1536.jpg 1152w, https:\/\/kuwehi.de\/wp-content\/uploads\/2024\/01\/Waermflasche-Gruenspecht-3zu4-1536x2048.jpg 1536w, https:\/\/kuwehi.de\/wp-content\/uploads\/2024\/01\/Waermflasche-Gruenspecht-3zu4-1600x2133.jpg 1600w, https:\/\/kuwehi.de\/wp-content\/uploads\/2024\/01\/Waermflasche-Gruenspecht-3zu4-scaled.jpg 1920w\" sizes=\"(max-width: 500px) 100vw, 500px\" \/>Gute Laune W\u00e4rmflaschen \u2013 gerade ist sie wieder da, die Zeit, in der man sie nicht missen m\u00f6chte!<\/strong><\/span><\/h5>\n<h5><span style=\"font-family: georgia, palatino;\">An diesem Tag filzen wir in einer gem\u00fctlichen Runde einen gro\u00dfen oder kleinen, langen oder herzf\u00f6rmigen W\u00e4rmflaschenbezug. Der Bezug sch\u00fctzt die Haut vor Verbrennungen und h\u00e4lt das Wasser in der W\u00e4rmflasche lange warm.<\/span><\/h5>\n<h5><span style=\"font-family: georgia, palatino;\">Wir arbeiten mit zwei Techniken: Nass- und Trockenfilzen<\/span><\/h5>\n<h5><span style=\"font-family: georgia, palatino;\">Zur Verwendung kommt Neuseelandwolle, wobei aber auch mit anderen Wollsorten experimentiert werden kann. Zuerst wird die W\u00e4rmflasche nass umfilzt. Nach einer kurzen Trockenpause geht es weiter und nun wird der Phantasie keine Grenzen gesetzt: Mit Hilfe der Filznadel wird aus unserem W\u00e4rmflaschen-Bezug ein kleines Kunstwerk, so dass sich das Ergebnis auch Prima als Geschenk eignet.<\/span><\/h5>\n<h5><span style=\"font-family: georgia, palatino;\">Eigene W\u00e4rmflaschen k\u00f6nnen mitgebracht oder im Kurs erworben werden. (Bitte bei der Anmeldung mit angeben) Getr\u00e4nke und ein kleiner Pausensnack werden gestellt.<\/span><\/h5>\n<h5><span style=\"font-family: georgia, palatino;\"><strong><img decoding=\"async\" class=\"size-medium wp-image-8144 alignleft\" src=\"https:\/\/kuwehi.de\/wp-content\/uploads\/2024\/01\/Waermflasche-Blau-218x300.jpg\" alt=\"\" width=\"218\" height=\"300\" srcset=\"https:\/\/kuwehi.de\/wp-content\/uploads\/2024\/01\/Waermflasche-Blau-218x300.jpg 218w, https:\/\/kuwehi.de\/wp-content\/uploads\/2024\/01\/Waermflasche-Blau-745x1024.jpg 745w, https:\/\/kuwehi.de\/wp-content\/uploads\/2024\/01\/Waermflasche-Blau-109x150.jpg 109w, https:\/\/kuwehi.de\/wp-content\/uploads\/2024\/01\/Waermflasche-Blau-768x1056.jpg 768w, https:\/\/kuwehi.de\/wp-content\/uploads\/2024\/01\/Waermflasche-Blau-1117x1536.jpg 1117w, https:\/\/kuwehi.de\/wp-content\/uploads\/2024\/01\/Waermflasche-Blau.jpg 1164w\" sizes=\"(max-width: 218px) 100vw, 218px\" \/><\/strong><\/span><\/h5>\n<h5><\/h5>\n<h5><\/h5>\n<h5><span style=\"font-family: georgia, palatino;\"><strong>Datum: 11.02.2024<\/strong><\/span><\/h5>\n<h5><span style=\"font-family: georgia, palatino;\"><strong>Uhrzeit: 10:00 \u2013 ca. 15:00 Uhr <\/strong><\/span><\/h5>\n<h5><span style=\"font-family: georgia, palatino;\"><strong>Kursgeb\u00fchr: 50 Euro + Material<\/strong><\/span><\/h5>\n<h5><span style=\"color: #000000;\"><a style=\"color: #000000;\" href=\"https:\/\/kuwehi.de\/?tribe_events=8156\">&gt; Zur Anmeldung &lt;<\/a><\/span><\/h5>\n","protected":false},"excerpt":{"rendered":"<p>SonntagsFilzen &#8211; W\u00e4rmflaschen Mit Clotilde Bonhert und Kirsten Brauns &nbsp; Gute Laune W\u00e4rmflaschen \u2013 gerade ist sie wieder da, die&hellip;<\/p>\n","protected":false},"author":1,"featured_media":2563,"parent":0,"menu_order":0,"comment_status":"closed","ping_status":"closed","template":"","meta":{"_price":"","_stock":"","_tribe_ticket_header":"","_tribe_default_ticket_provider":"","_tribe_ticket_capacity":"0","_ticket_start_date":"","_ticket_end_date":"","_tribe_ticket_show_description":"","_tribe_ticket_show_not_going":false,"_tribe_ticket_use_global_stock":"","_tribe_ticket_global_stock_level":"","_global_stock_mode":"","_global_stock_cap":"","_tribe_rsvp_for_event":"","_tribe_ticket_going_count":"","_tribe_ticket_not_going_count":"","_tribe_tickets_list":"[]","_tribe_ticket_has_attendee_info_fields":false,"footnotes":"","_tec_slr_enabled":"","_tec_slr_layout":""},"class_list":["post-8138","page","type-page","status-publish","has-post-thumbnail","hentry"],"ticketed":false,"_links":{"self":[{"href":"https:\/\/kuwehi.de\/index.php?rest_route=\/wp\/v2\/pages\/8138","targetHints":{"allow":["GET"]}}],"collection":[{"href":"https:\/\/kuwehi.de\/index.php?rest_route=\/wp\/v2\/pages"}],"about":[{"href":"https:\/\/kuwehi.de\/index.php?rest_route=\/wp\/v2\/types\/page"}],"author":[{"embeddable":true,"href":"https:\/\/kuwehi.de\/index.php?rest_route=\/wp\/v2\/users\/1"}],"replies":[{"embeddable":true,"href":"https:\/\/kuwehi.de\/index.php?rest_route=%2Fwp%2Fv2%2Fcomments&post=8138"}],"version-history":[{"count":14,"href":"https:\/\/kuwehi.de\/index.php?rest_route=\/wp\/v2\/pages\/8138\/revisions"}],"predecessor-version":[{"id":8344,"href":"https:\/\/kuwehi.de\/index.php?rest_route=\/wp\/v2\/pages\/8138\/revisions\/8344"}],"wp:featuredmedia":[{"embeddable":true,"href":"https:\/\/kuwehi.de\/index.php?rest_route=\/wp\/v2\/media\/2563"}],"wp:attachment":[{"href":"https:\/\/kuwehi.de\/index.php?rest_route=%2Fwp%2Fv2%2Fmedia&parent=8138"}],"curies":[{"name":"wp","href":"https:\/\/api.w.org\/{rel}","templated":true}]}}