{"id":8048,"date":"2023-12-18T14:02:47","date_gmt":"2023-12-18T13:02:47","guid":{"rendered":"https:\/\/kuwehi.de\/?page_id=8048"},"modified":"2025-01-04T12:01:02","modified_gmt":"2025-01-04T11:01:02","slug":"biografisches-schreiben-licht-ins-dunkle-bringen-2","status":"publish","type":"page","link":"https:\/\/kuwehi.de\/?page_id=8048","title":{"rendered":"Biografisches Schreiben &#8211; Licht ins Dunkle bringen &#8211; im Februar 2025"},"content":{"rendered":"<h2 style=\"text-align: center;\">Tagesseminar Biografisches Schreiben &#8211;<\/h2>\n<h2 style=\"text-align: center;\">Licht ins Dunkle bringen<\/h2>\n<h4 style=\"text-align: center;\">Mit Karin Winter<\/h4>\n<p>&nbsp;<\/p>\n<h5><em><img fetchpriority=\"high\" decoding=\"async\" class=\"alignleft size-medium wp-image-8049\" src=\"https:\/\/kuwehi.de\/wp-content\/uploads\/2023\/12\/biografisches-Schreiben-Bild-Karin-Winter-300x226.jpg\" alt=\"\" width=\"300\" height=\"226\" srcset=\"https:\/\/kuwehi.de\/wp-content\/uploads\/2023\/12\/biografisches-Schreiben-Bild-Karin-Winter-300x226.jpg 300w, https:\/\/kuwehi.de\/wp-content\/uploads\/2023\/12\/biografisches-Schreiben-Bild-Karin-Winter-150x113.jpg 150w, https:\/\/kuwehi.de\/wp-content\/uploads\/2023\/12\/biografisches-Schreiben-Bild-Karin-Winter.jpg 496w\" sizes=\"(max-width: 300px) 100vw, 300px\" \/> Jede Sache, die uns geschehen ist, ist ein unersch\u00f6pflicher Reichtum: jede R\u00fcckkehr zu ihr l\u00e4sst sie wachsen, macht sie weiter, begabt sie mit Beziehungen und vertieft sie. Die Kindheit ist nicht nur die durchlebte Kindheit, sondern die Idee, die wir uns von ihr machten in der Jugend, in der Reife usw. Darum erscheint sie als die wichtigste Zeit: weil sie am reichsten geworden ist durch das viele darauffolgende Wieder-\u00dcberdenken.<\/em><\/h5>\n<h6 style=\"text-align: right;\"><em>Cesare Pavese<\/em><\/h6>\n<p>&nbsp;<\/p>\n<h5><strong><em>Karin Winter (Jhg.1953) <\/em><\/strong><em>leitet seit vielen Jahren Gruppen im Biografischen Schreiben an. Dabei geht es nicht darum, eine vollst\u00e4ndige Biografie zu schreiben, sondern durch Anregen der Erinnerung kleine Mosaikst\u00fccke der eigenen Biografie zu entdecken, in kurzen Texten festzuhalten und zu sammeln. Methoden des Kreativen Schreibens bringen den Schreibfluss in Gang und der Austausch in der Gruppe bereichert die eigene Erinnerung.\u00a0\u00a0\u00a0\u00a0\u00a0\u00a0\u00a0\u00a0\u00a0\u00a0 <\/em><\/h5>\n<h5><em>Bei Fragen zum\u00a0 Angebot k\u00f6nnen Sie gern Karin Winter per Mail kontaktieren:\u00a0 karin.winter@posteo.de<\/em><\/h5>\n<h5 style=\"text-align: center;\"><strong><em>Tagesseminar am Samstag, 15. Februar 2025 von 10 bis 16 Uhr<\/em><\/strong><\/h5>\n<h5 style=\"text-align: center;\">Kosten: 45\u20ac<\/h5>\n<h5 style=\"text-align: center;\">F\u00fcr den Mittagsimbiss bitte etwas mitbringen. Getr\u00e4nke werden bereitstehen.<\/h5>\n<h5 style=\"text-align: center;\"><a href=\"https:\/\/kuwehi.de\/?tribe_events=tagesseminar-biografisches-schreiben-mit-karin-winter\"><span style=\"color: #000000;\">&gt; Zur Anmeldung &lt;<\/span><\/a><\/h5>\n<h5><\/h5>\n<p><strong><em>\u00a0<\/em><\/strong><\/p>\n","protected":false},"excerpt":{"rendered":"<p>Tagesseminar Biografisches Schreiben &#8211; Licht ins Dunkle bringen Mit Karin Winter &nbsp; Jede Sache, die uns geschehen ist, ist ein&hellip;<\/p>\n","protected":false},"author":1,"featured_media":8050,"parent":0,"menu_order":0,"comment_status":"closed","ping_status":"closed","template":"","meta":{"_price":"","_stock":"","_tribe_ticket_header":"","_tribe_default_ticket_provider":"","_tribe_ticket_capacity":"0","_ticket_start_date":"","_ticket_end_date":"","_tribe_ticket_show_description":"","_tribe_ticket_show_not_going":false,"_tribe_ticket_use_global_stock":"","_tribe_ticket_global_stock_level":"","_global_stock_mode":"","_global_stock_cap":"","_tribe_rsvp_for_event":"","_tribe_ticket_going_count":"","_tribe_ticket_not_going_count":"","_tribe_tickets_list":"[]","_tribe_ticket_has_attendee_info_fields":false,"footnotes":"","_tec_slr_enabled":"","_tec_slr_layout":""},"class_list":["post-8048","page","type-page","status-publish","has-post-thumbnail","hentry"],"ticketed":false,"_links":{"self":[{"href":"https:\/\/kuwehi.de\/index.php?rest_route=\/wp\/v2\/pages\/8048","targetHints":{"allow":["GET"]}}],"collection":[{"href":"https:\/\/kuwehi.de\/index.php?rest_route=\/wp\/v2\/pages"}],"about":[{"href":"https:\/\/kuwehi.de\/index.php?rest_route=\/wp\/v2\/types\/page"}],"author":[{"embeddable":true,"href":"https:\/\/kuwehi.de\/index.php?rest_route=\/wp\/v2\/users\/1"}],"replies":[{"embeddable":true,"href":"https:\/\/kuwehi.de\/index.php?rest_route=%2Fwp%2Fv2%2Fcomments&post=8048"}],"version-history":[{"count":12,"href":"https:\/\/kuwehi.de\/index.php?rest_route=\/wp\/v2\/pages\/8048\/revisions"}],"predecessor-version":[{"id":9760,"href":"https:\/\/kuwehi.de\/index.php?rest_route=\/wp\/v2\/pages\/8048\/revisions\/9760"}],"wp:featuredmedia":[{"embeddable":true,"href":"https:\/\/kuwehi.de\/index.php?rest_route=\/wp\/v2\/media\/8050"}],"wp:attachment":[{"href":"https:\/\/kuwehi.de\/index.php?rest_route=%2Fwp%2Fv2%2Fmedia&parent=8048"}],"curies":[{"name":"wp","href":"https:\/\/api.w.org\/{rel}","templated":true}]}}