{"id":7875,"date":"2023-11-08T18:01:23","date_gmt":"2023-11-08T17:01:23","guid":{"rendered":"https:\/\/kuwehi.de\/?page_id=7875"},"modified":"2024-10-08T11:52:14","modified_gmt":"2024-10-08T09:52:14","slug":"sterneworkshop-im-dezember-2023","status":"publish","type":"page","link":"https:\/\/kuwehi.de\/?page_id=7875","title":{"rendered":"Sterneworkshop im Oktober 2024"},"content":{"rendered":"<h2 style=\"text-align: center;\">Sterneworkshop<\/h2>\n<h4 style=\"text-align: center;\">mit Sabine Andr\u00e9e-Reimers<\/h4>\n<h2><\/h2>\n<figure id=\"attachment_7876\" aria-describedby=\"caption-attachment-7876\" style=\"width: 300px\" class=\"wp-caption alignleft\"><img fetchpriority=\"high\" decoding=\"async\" class=\"wp-image-7876 size-medium\" src=\"https:\/\/kuwehi.de\/wp-content\/uploads\/2023\/11\/20231106_135129-300x300.jpg\" alt=\"\" width=\"300\" height=\"300\" srcset=\"https:\/\/kuwehi.de\/wp-content\/uploads\/2023\/11\/20231106_135129-300x300.jpg 300w, https:\/\/kuwehi.de\/wp-content\/uploads\/2023\/11\/20231106_135129-1024x1024.jpg 1024w, https:\/\/kuwehi.de\/wp-content\/uploads\/2023\/11\/20231106_135129-150x150.jpg 150w, https:\/\/kuwehi.de\/wp-content\/uploads\/2023\/11\/20231106_135129-768x768.jpg 768w, https:\/\/kuwehi.de\/wp-content\/uploads\/2023\/11\/20231106_135129-1536x1536.jpg 1536w, https:\/\/kuwehi.de\/wp-content\/uploads\/2023\/11\/20231106_135129-2048x2048.jpg 2048w, https:\/\/kuwehi.de\/wp-content\/uploads\/2023\/11\/20231106_135129-1600x1600.jpg 1600w\" sizes=\"(max-width: 300px) 100vw, 300px\" \/><figcaption id=\"caption-attachment-7876\" class=\"wp-caption-text\">Sabine Andr\u00e9e-Reimers<\/figcaption><\/figure>\n<figure id=\"attachment_7877\" aria-describedby=\"caption-attachment-7877\" style=\"width: 300px\" class=\"wp-caption alignright\"><img decoding=\"async\" class=\"wp-image-7877 size-medium\" src=\"https:\/\/kuwehi.de\/wp-content\/uploads\/2023\/11\/20231106_135145-scaled-e1699462270957-300x300.jpg\" alt=\"\" width=\"300\" height=\"300\" srcset=\"https:\/\/kuwehi.de\/wp-content\/uploads\/2023\/11\/20231106_135145-scaled-e1699462270957-300x300.jpg 300w, https:\/\/kuwehi.de\/wp-content\/uploads\/2023\/11\/20231106_135145-scaled-e1699462270957-1024x1024.jpg 1024w, https:\/\/kuwehi.de\/wp-content\/uploads\/2023\/11\/20231106_135145-scaled-e1699462270957-150x150.jpg 150w, https:\/\/kuwehi.de\/wp-content\/uploads\/2023\/11\/20231106_135145-scaled-e1699462270957-768x768.jpg 768w, https:\/\/kuwehi.de\/wp-content\/uploads\/2023\/11\/20231106_135145-scaled-e1699462270957-1536x1536.jpg 1536w, https:\/\/kuwehi.de\/wp-content\/uploads\/2023\/11\/20231106_135145-scaled-e1699462270957-2048x2048.jpg 2048w, https:\/\/kuwehi.de\/wp-content\/uploads\/2023\/11\/20231106_135145-scaled-e1699462270957-1600x1600.jpg 1600w\" sizes=\"(max-width: 300px) 100vw, 300px\" \/><figcaption id=\"caption-attachment-7877\" class=\"wp-caption-text\">Sabine Andr\u00e9e-Reimers<\/figcaption><\/figure>\n<h5>Am Dienstag, 29. Oktober, m\u00f6chte ich gerne mit Ihnen Sterne falten.<\/h5>\n<h5>Es handelt sich um eine Origami-Falttechnik, f\u00fcr die pro Stern 8 Quadrate (15 \u00d7 15 cm) auf spezielle Art gefaltet und dann ineinandergesteckt werden. Sie ben\u00f6tigen also keinen Klebstoff!<\/h5>\n<h5>Wenn Sie eines haben, bringen Sie bitte ein Falzbein und sofern vorhanden, gerne auch Origamipapier mit. Ich bringe auf jeden Fall einige Falzbeine und Origamipapier mit.<\/h5>\n<h5 style=\"text-align: center;\">Ich freue mich darauf,\u00a0 Ihnen die Falttechnik vermitteln zu d\u00fcrfen.<\/h5>\n<p>&nbsp;<\/p>\n<h5 style=\"text-align: center;\">Termin: 29. Oktober 2024 , 18:00 &#8211; 20:00 Uhr<\/h5>\n<h5 style=\"text-align: center;\">Kosten: 20 \u20ac (Bitte vorab \u00fcberweisen!)<\/h5>\n<h5 style=\"text-align: center;\">Zus\u00e4tzlich zur Kursgeb\u00fchr fallen, in Abh\u00e4ngigkeit der genutzten Papiersorte, pro Stern Materialkosten von ca. 2 bis 3 Euro an (bitte im Kurs an die Kursleiterin bezahlen!).<\/h5>\n<p>&nbsp;<\/p>\n<h5 style=\"text-align: center;\"><span style=\"color: #000000;\"><a style=\"color: #000000;\" href=\"https:\/\/kuwehi.de\/?tribe_events=sterne-workshop-im-dezember-2023\">&gt; Zur Anmeldung &lt;<\/a><\/span><\/h5>\n<h5><\/h5>\n","protected":false},"excerpt":{"rendered":"<p>Sterneworkshop mit Sabine Andr\u00e9e-Reimers Am Dienstag, 29. Oktober, m\u00f6chte ich gerne mit Ihnen Sterne falten. Es handelt sich um eine&hellip;<\/p>\n","protected":false},"author":1,"featured_media":7878,"parent":0,"menu_order":0,"comment_status":"closed","ping_status":"closed","template":"","meta":{"_price":"","_stock":"","_tribe_ticket_header":"","_tribe_default_ticket_provider":"","_tribe_ticket_capacity":"0","_ticket_start_date":"","_ticket_end_date":"","_tribe_ticket_show_description":"","_tribe_ticket_show_not_going":false,"_tribe_ticket_use_global_stock":"","_tribe_ticket_global_stock_level":"","_global_stock_mode":"","_global_stock_cap":"","_tribe_rsvp_for_event":"","_tribe_ticket_going_count":"","_tribe_ticket_not_going_count":"","_tribe_tickets_list":"[]","_tribe_ticket_has_attendee_info_fields":false,"footnotes":"","_tec_slr_enabled":"","_tec_slr_layout":""},"class_list":["post-7875","page","type-page","status-publish","has-post-thumbnail","hentry"],"ticketed":false,"_links":{"self":[{"href":"https:\/\/kuwehi.de\/index.php?rest_route=\/wp\/v2\/pages\/7875","targetHints":{"allow":["GET"]}}],"collection":[{"href":"https:\/\/kuwehi.de\/index.php?rest_route=\/wp\/v2\/pages"}],"about":[{"href":"https:\/\/kuwehi.de\/index.php?rest_route=\/wp\/v2\/types\/page"}],"author":[{"embeddable":true,"href":"https:\/\/kuwehi.de\/index.php?rest_route=\/wp\/v2\/users\/1"}],"replies":[{"embeddable":true,"href":"https:\/\/kuwehi.de\/index.php?rest_route=%2Fwp%2Fv2%2Fcomments&post=7875"}],"version-history":[{"count":13,"href":"https:\/\/kuwehi.de\/index.php?rest_route=\/wp\/v2\/pages\/7875\/revisions"}],"predecessor-version":[{"id":9520,"href":"https:\/\/kuwehi.de\/index.php?rest_route=\/wp\/v2\/pages\/7875\/revisions\/9520"}],"wp:featuredmedia":[{"embeddable":true,"href":"https:\/\/kuwehi.de\/index.php?rest_route=\/wp\/v2\/media\/7878"}],"wp:attachment":[{"href":"https:\/\/kuwehi.de\/index.php?rest_route=%2Fwp%2Fv2%2Fmedia&parent=7875"}],"curies":[{"name":"wp","href":"https:\/\/api.w.org\/{rel}","templated":true}]}}