{"id":7830,"date":"2023-11-08T13:00:07","date_gmt":"2023-11-08T12:00:07","guid":{"rendered":"https:\/\/kuwehi.de\/?page_id=7830"},"modified":"2023-11-11T09:06:54","modified_gmt":"2023-11-11T08:06:54","slug":"buchbinden-einfuehrungskurs-im-januar-2024","status":"publish","type":"page","link":"https:\/\/kuwehi.de\/?page_id=7830","title":{"rendered":"Buchbinden &#8211; Einf\u00fchrungskurs im Januar 2024"},"content":{"rendered":"<h2><\/h2>\n<h2><strong><img decoding=\"async\" class=\"alignright wp-image-7831 size-thumbnail\" src=\"https:\/\/kuwehi.de\/wp-content\/uploads\/2023\/11\/Zunftzeichen-Buchbinden-145x150.jpg\" alt=\"\" width=\"145\" height=\"150\" srcset=\"https:\/\/kuwehi.de\/wp-content\/uploads\/2023\/11\/Zunftzeichen-Buchbinden-145x150.jpg 145w, https:\/\/kuwehi.de\/wp-content\/uploads\/2023\/11\/Zunftzeichen-Buchbinden.jpg 212w\" sizes=\"(max-width: 145px) 100vw, 145px\" \/><\/strong><\/h2>\n<h2 style=\"text-align: center;\"><span style=\"font-family: book antiqua, palatino;\"><strong>Einf\u00fchrungskurs Buchbinden<\/strong><\/span><\/h2>\n<h4 style=\"text-align: center;\"><span style=\"font-family: book antiqua, palatino;\">mit Detlef Groth<\/span><\/h4>\n<h5><\/h5>\n<figure id=\"attachment_7833\" aria-describedby=\"caption-attachment-7833\" style=\"width: 300px\" class=\"wp-caption alignleft\"><img fetchpriority=\"high\" decoding=\"async\" class=\"wp-image-7833 size-medium\" src=\"https:\/\/kuwehi.de\/wp-content\/uploads\/2023\/11\/Buch-ruter-Deckel-Buchbinden-Detlef-Groth-300x225.jpg\" alt=\"\" width=\"300\" height=\"225\" srcset=\"https:\/\/kuwehi.de\/wp-content\/uploads\/2023\/11\/Buch-ruter-Deckel-Buchbinden-Detlef-Groth-300x225.jpg 300w, https:\/\/kuwehi.de\/wp-content\/uploads\/2023\/11\/Buch-ruter-Deckel-Buchbinden-Detlef-Groth-1024x768.jpg 1024w, https:\/\/kuwehi.de\/wp-content\/uploads\/2023\/11\/Buch-ruter-Deckel-Buchbinden-Detlef-Groth-150x113.jpg 150w, https:\/\/kuwehi.de\/wp-content\/uploads\/2023\/11\/Buch-ruter-Deckel-Buchbinden-Detlef-Groth-768x576.jpg 768w, https:\/\/kuwehi.de\/wp-content\/uploads\/2023\/11\/Buch-ruter-Deckel-Buchbinden-Detlef-Groth-1536x1152.jpg 1536w, https:\/\/kuwehi.de\/wp-content\/uploads\/2023\/11\/Buch-ruter-Deckel-Buchbinden-Detlef-Groth-2048x1536.jpg 2048w, https:\/\/kuwehi.de\/wp-content\/uploads\/2023\/11\/Buch-ruter-Deckel-Buchbinden-Detlef-Groth-1600x1200.jpg 1600w\" sizes=\"(max-width: 300px) 100vw, 300px\" \/><figcaption id=\"caption-attachment-7833\" class=\"wp-caption-text\"><span style=\"font-family: book antiqua, palatino;\">Detlef Groth<\/span><\/figcaption><\/figure>\n<h5><span style=\"font-family: book antiqua, palatino;\">Bis in 19. Jahrhundert hinein war das Binden von B\u00fcchern ein reines Handwerk.<\/span><\/h5>\n<h5><span style=\"font-family: book antiqua, palatino;\">Heutzutage wird das Buch in industrieller Serienfertigung hergestellt. Das zugrunde liegende Prinzip ist das gleiche geblieben, in der Ausf\u00fchrung unterscheiden sich handwerkliche und industrielle Fertigung aber wesentlich voneinander. Das handwerkliche\u00a0Buchbinden\u00a0f\u00fchrt alle Arbeitsschritte nacheinander aus und benutzt daf\u00fcr nur wenige handbetriebene Ger\u00e4tschaften, fertigt den Einband also vollst\u00e4ndig selbst.<\/span><\/h5>\n<p>&nbsp;<\/p>\n<p>&nbsp;<\/p>\n<figure id=\"attachment_7834\" aria-describedby=\"caption-attachment-7834\" style=\"width: 300px\" class=\"wp-caption alignleft\"><img decoding=\"async\" class=\"size-medium wp-image-7834\" src=\"https:\/\/kuwehi.de\/wp-content\/uploads\/2023\/11\/Buch-gruener-Deckel-Buchbinden-Detlef-Groth-300x225.jpg\" alt=\"\" width=\"300\" height=\"225\" srcset=\"https:\/\/kuwehi.de\/wp-content\/uploads\/2023\/11\/Buch-gruener-Deckel-Buchbinden-Detlef-Groth-300x225.jpg 300w, https:\/\/kuwehi.de\/wp-content\/uploads\/2023\/11\/Buch-gruener-Deckel-Buchbinden-Detlef-Groth-1024x768.jpg 1024w, https:\/\/kuwehi.de\/wp-content\/uploads\/2023\/11\/Buch-gruener-Deckel-Buchbinden-Detlef-Groth-150x113.jpg 150w, https:\/\/kuwehi.de\/wp-content\/uploads\/2023\/11\/Buch-gruener-Deckel-Buchbinden-Detlef-Groth-768x576.jpg 768w, https:\/\/kuwehi.de\/wp-content\/uploads\/2023\/11\/Buch-gruener-Deckel-Buchbinden-Detlef-Groth-1536x1152.jpg 1536w, https:\/\/kuwehi.de\/wp-content\/uploads\/2023\/11\/Buch-gruener-Deckel-Buchbinden-Detlef-Groth-2048x1536.jpg 2048w, https:\/\/kuwehi.de\/wp-content\/uploads\/2023\/11\/Buch-gruener-Deckel-Buchbinden-Detlef-Groth-1600x1200.jpg 1600w\" sizes=\"(max-width: 300px) 100vw, 300px\" \/><figcaption id=\"caption-attachment-7834\" class=\"wp-caption-text\"><span style=\"font-family: book antiqua, palatino;\">Detlef Groth<\/span><\/figcaption><\/figure>\n<h5><span style=\"font-family: book antiqua, palatino;\">Der Schwerpunkt dieses Einf\u00fchrungskurses liegt in der Materialerkundung und der Bearbeitung von diversen Papieren, Pappen, von Leinen und Klebstoffen. Die Bindetechnik orientiert sich an traditioneller japanischer Bindung. In diesem Workshop lernt man die Grundlagen der handwerklichen Buchbinderei kennen und kann mit einem eigenen selbst gefertigten Buch nach Hause gehen.<\/span><\/h5>\n<h5><span style=\"font-family: book antiqua, palatino;\">Andere Bindetechniken k\u00f6nnen in weiteren Kursen nach Absprache erkundet werden.<\/span><\/h5>\n<p>&nbsp;<\/p>\n<h5><\/h5>\n<h5><span style=\"font-family: book antiqua, palatino;\">Falls vorhanden, k\u00f6nnen Sie gern folgende Materialien und Werkzeuge mitbringen: Farbiges Papier, wei\u00dfes Computerpapier, Zeichenblock, feste Bindf\u00e4den und Wurstgarne, Stoffe, Nadeln, Acrylfarbe, Schneidematte<\/span><\/h5>\n<p>&nbsp;<\/p>\n<h5 style=\"text-align: center;\"><span style=\"font-family: book antiqua, palatino;\">Termin: Samstag, 20. Januar 2024 von 14:00 bis 18:00 Uhr<\/span><\/h5>\n<h5 style=\"text-align: center;\"><span style=\"font-family: book antiqua, palatino;\">Kursgeb\u00fchr: 60 \u20ac (bitte vorab an die KuWeHi \u00fcberweisen) <\/span><\/h5>\n<h5 style=\"text-align: center;\"><span style=\"font-family: book antiqua, palatino;\">und <\/span><span style=\"font-family: book antiqua, palatino;\">maximal 10 \u20ac Materialkosten (individuell nach Verbrauch beim Kursleiter zu entrichten)<\/span><\/h5>\n<h5 style=\"text-align: center;\"><a href=\"https:\/\/kuwehi.de\/?tribe_events=buchbinden-einfuehrungskurs-im-januar-2024\"><span style=\"font-family: book antiqua, palatino;\"><span style=\"color: #666699;\">&gt; Zur Anmeldung &lt;<\/span><\/span><\/a><\/h5>\n","protected":false},"excerpt":{"rendered":"<p>Einf\u00fchrungskurs Buchbinden mit Detlef Groth Bis in 19. Jahrhundert hinein war das Binden von B\u00fcchern ein reines Handwerk. Heutzutage wird&hellip;<\/p>\n","protected":false},"author":1,"featured_media":7835,"parent":0,"menu_order":0,"comment_status":"closed","ping_status":"closed","template":"","meta":{"_price":"","_stock":"","_tribe_ticket_header":"","_tribe_default_ticket_provider":"","_tribe_ticket_capacity":"0","_ticket_start_date":"","_ticket_end_date":"","_tribe_ticket_show_description":"","_tribe_ticket_show_not_going":false,"_tribe_ticket_use_global_stock":"","_tribe_ticket_global_stock_level":"","_global_stock_mode":"","_global_stock_cap":"","_tribe_rsvp_for_event":"","_tribe_ticket_going_count":"","_tribe_ticket_not_going_count":"","_tribe_tickets_list":"[]","_tribe_ticket_has_attendee_info_fields":false,"footnotes":"","_tec_slr_enabled":"","_tec_slr_layout":""},"class_list":["post-7830","page","type-page","status-publish","has-post-thumbnail","hentry"],"ticketed":false,"_links":{"self":[{"href":"https:\/\/kuwehi.de\/index.php?rest_route=\/wp\/v2\/pages\/7830","targetHints":{"allow":["GET"]}}],"collection":[{"href":"https:\/\/kuwehi.de\/index.php?rest_route=\/wp\/v2\/pages"}],"about":[{"href":"https:\/\/kuwehi.de\/index.php?rest_route=\/wp\/v2\/types\/page"}],"author":[{"embeddable":true,"href":"https:\/\/kuwehi.de\/index.php?rest_route=\/wp\/v2\/users\/1"}],"replies":[{"embeddable":true,"href":"https:\/\/kuwehi.de\/index.php?rest_route=%2Fwp%2Fv2%2Fcomments&post=7830"}],"version-history":[{"count":26,"href":"https:\/\/kuwehi.de\/index.php?rest_route=\/wp\/v2\/pages\/7830\/revisions"}],"predecessor-version":[{"id":7872,"href":"https:\/\/kuwehi.de\/index.php?rest_route=\/wp\/v2\/pages\/7830\/revisions\/7872"}],"wp:featuredmedia":[{"embeddable":true,"href":"https:\/\/kuwehi.de\/index.php?rest_route=\/wp\/v2\/media\/7835"}],"wp:attachment":[{"href":"https:\/\/kuwehi.de\/index.php?rest_route=%2Fwp%2Fv2%2Fmedia&parent=7830"}],"curies":[{"name":"wp","href":"https:\/\/api.w.org\/{rel}","templated":true}]}}