{"id":77,"date":"2020-02-29T18:16:34","date_gmt":"2020-02-29T18:16:34","guid":{"rendered":"http:\/\/test.kuwehi.de\/?page_id=77"},"modified":"2026-03-13T10:28:09","modified_gmt":"2026-03-13T09:28:09","slug":"ueber-uns","status":"publish","type":"page","link":"https:\/\/kuwehi.de\/","title":{"rendered":"Willkommen"},"content":{"rendered":"\t\t<div data-elementor-type=\"wp-page\" data-elementor-id=\"77\" class=\"elementor elementor-77\">\n\t\t\t\t<div class=\"elementor-element elementor-element-e1ccf7d e-grid e-con-boxed e-con e-parent\" data-id=\"e1ccf7d\" data-element_type=\"container\">\n\t\t\t\t\t<div class=\"e-con-inner\">\n\t\t\t\t<div class=\"elementor-element elementor-element-93bb95d elementor-widget elementor-widget-text-editor\" data-id=\"93bb95d\" data-element_type=\"widget\" data-widget_type=\"text-editor.default\">\n\t\t\t\t<div class=\"elementor-widget-container\">\n\t\t\t\t\t\t\t\t\t<h5 style=\"text-align: center;\">Willkommen in der <img fetchpriority=\"high\" decoding=\"async\" class=\"aligncenter wp-image-65\" src=\"http:\/\/test.kuwehi.de\/wp-content\/uploads\/2016\/05\/Schrift-programm-neu1-300x57.jpg\" alt=\"\" width=\"530\" height=\"100\" srcset=\"https:\/\/kuwehi.de\/wp-content\/uploads\/2016\/05\/Schrift-programm-neu1-300x57.jpg 300w, https:\/\/kuwehi.de\/wp-content\/uploads\/2016\/05\/Schrift-programm-neu1-1024x193.jpg 1024w, https:\/\/kuwehi.de\/wp-content\/uploads\/2016\/05\/Schrift-programm-neu1-768x145.jpg 768w, https:\/\/kuwehi.de\/wp-content\/uploads\/2016\/05\/Schrift-programm-neu1-1536x290.jpg 1536w, https:\/\/kuwehi.de\/wp-content\/uploads\/2016\/05\/Schrift-programm-neu1-1600x302.jpg 1600w, https:\/\/kuwehi.de\/wp-content\/uploads\/2016\/05\/Schrift-programm-neu1.jpg 1750w\" sizes=\"(max-width: 530px) 100vw, 530px\" \/><\/h5><h5 style=\"text-align: center;\">Hiddenhausen.<\/h5>\t\t\t\t\t\t\t\t<\/div>\n\t\t\t\t<\/div>\n\t\t\t\t<div class=\"elementor-element elementor-element-278d3f1 elementor-widget elementor-widget-text-editor\" data-id=\"278d3f1\" data-element_type=\"widget\" data-widget_type=\"text-editor.default\">\n\t\t\t\t<div class=\"elementor-widget-container\">\n\t\t\t\t\t\t\t\t\t<p style=\"text-align: center;\"><span style=\"font-size: 26px; color: #000000;\"><strong><span style=\"color: #800080;\">Info:<\/span><\/strong> Die Kulturwerkstatt ist umgezogen!<\/span><br \/><span style=\"font-size: 26px; color: #000000;\">Ab dem 16.02.2026 geht es in der Sonntagstra\u00dfe <span style=\"font-family: verdana, geneva; font-size: 22px;\">11<\/span> in Oetinghausen weiter!<\/span><\/p><p style=\"text-align: center;\"><span style=\"font-size: 26px; color: #800080;\"><a style=\"color: #800080;\" href=\"https:\/\/kuwehi.de\/?page_id=10855\">Alle Infos gibt es <span style=\"text-decoration: underline;\">hier&#8230;<\/span><\/a><\/span><\/p>\t\t\t\t\t\t\t\t<\/div>\n\t\t\t\t<\/div>\n\t\t\t\t\t<\/div>\n\t\t\t\t<\/div>\n\t\t<div class=\"elementor-element elementor-element-71edae81 e-flex e-con-boxed e-con e-parent\" data-id=\"71edae81\" data-element_type=\"container\">\n\t\t\t\t\t<div class=\"e-con-inner\">\n\t\t\t\t<div class=\"elementor-element elementor-element-d0c172d elementor-widget elementor-widget-text-editor\" data-id=\"d0c172d\" data-element_type=\"widget\" data-widget_type=\"text-editor.default\">\n\t\t\t\t<div class=\"elementor-widget-container\">\n\t\t\t\t\t\t\t\t\t<p style=\"text-align: center;\"><span style=\"font-size: 20px; color: #000000;\"><span style=\"text-decoration: underline; font-size: 24px;\"><strong>Unsere B\u00fcrozeiten:<\/strong><\/span><br \/><span style=\"font-family: comic sans ms, sans-serif;\"><strong>Dienstags 17-19 Uhr<\/strong> auch pers\u00f6nlich vor Ort<\/span><br \/><span style=\"font-family: comic sans ms, sans-serif;\"><strong>Freitags 10-12 Uhr<\/strong> per Telefon und Email<\/span><\/span><\/p><p style=\"text-align: center;\"><span style=\"font-size: 20px; color: #000000;\">Gerne k\u00f6nnen Sie uns jederzeit eine Nachricht hinterlassen.<br \/>Entweder per Email unter: info@kuwehi.de oder telefonisch auf dem AB unter: 05223 \u2013 98 59 88 0<\/span><\/p>\t\t\t\t\t\t\t\t<\/div>\n\t\t\t\t<\/div>\n\t\t\t\t<div class=\"elementor-element elementor-element-30c7219d elementor-widget elementor-widget-text-editor\" data-id=\"30c7219d\" data-element_type=\"widget\" data-widget_type=\"text-editor.default\">\n\t\t\t\t<div class=\"elementor-widget-container\">\n\t\t\t\t\t\t\t\t\t<h5><img decoding=\"async\" class=\"alignleft size-medium wp-image-11255\" src=\"https:\/\/kuwehi.de\/wp-content\/uploads\/2026\/02\/Sonntagsstrasse_Aussenansicht-mit-Kuwhei-Schild-193x300.jpg\" alt=\"\" width=\"193\" height=\"300\" srcset=\"https:\/\/kuwehi.de\/wp-content\/uploads\/2026\/02\/Sonntagsstrasse_Aussenansicht-mit-Kuwhei-Schild-193x300.jpg 193w, https:\/\/kuwehi.de\/wp-content\/uploads\/2026\/02\/Sonntagsstrasse_Aussenansicht-mit-Kuwhei-Schild-659x1024.jpg 659w, https:\/\/kuwehi.de\/wp-content\/uploads\/2026\/02\/Sonntagsstrasse_Aussenansicht-mit-Kuwhei-Schild-97x150.jpg 97w, https:\/\/kuwehi.de\/wp-content\/uploads\/2026\/02\/Sonntagsstrasse_Aussenansicht-mit-Kuwhei-Schild.jpg 727w\" sizes=\"(max-width: 193px) 100vw, 193px\" \/><\/h5><h5 style=\"text-align: center;\"><span style=\"font-family: comic sans ms, sans-serif;\">Bei uns finden Sie Raum, Zeit und Inspiration f\u00fcr Gestaltungsfragen.<br \/><\/span><span style=\"font-family: comic sans ms, sans-serif;\">Mit einf\u00fchlsamer und fachlich kompetenter Begleitung lernen Sie k\u00fcnstlerische Ideen umzusetzen und handwerkliche F\u00e4higkeiten auszubauen.<br \/><\/span><span style=\"font-family: comic sans ms, sans-serif;\">Wir laden mit verschiedenen Werktechniken zum kreativen Tun ein und Sie begegnen anderen Menschen, die Freude an k\u00fcnstlerischer Gestaltung haben.<\/span><\/h5><h5 style=\"text-align: center;\"><span style=\"font-size: 24pt; font-family: comic sans ms, sans-serif;\">Wir freuen uns auf Ihren Besuch.<\/span><\/h5><h5 style=\"text-align: center;\"><span style=\"font-size: 24pt; font-family: comic sans ms, sans-serif;\">Ihr KulturWerkstatt-Team<\/span><\/h5><p style=\"text-align: center;\"><a href=\"https:\/\/www.instagram.com\/kulturwerkstatt_hiddenhausen\/?next=%2F\"><img decoding=\"async\" class=\"wp-image-10714 aligncenter\" src=\"https:\/\/kuwehi.de\/wp-content\/uploads\/2025\/08\/Instagram-Icon.jpg\" alt=\"\" width=\"44\" height=\"41\" srcset=\"https:\/\/kuwehi.de\/wp-content\/uploads\/2025\/08\/Instagram-Icon.jpg 158w, https:\/\/kuwehi.de\/wp-content\/uploads\/2025\/08\/Instagram-Icon-150x141.jpg 150w\" sizes=\"(max-width: 44px) 100vw, 44px\" \/><\/a><span class=\"x1lliihq x193iq5w x6ikm8r x10wlt62 xlyipyv xuxw1ft\">kulturwerkstatt_hiddenhausen\u00a0 \u00a0 ||\u00a0 \u00a0Folge uns auf Instagram und verpasse keine neuen Angebote mehr!<\/span><\/p>\t\t\t\t\t\t\t\t<\/div>\n\t\t\t\t<\/div>\n\t\t\t\t\t<\/div>\n\t\t\t\t<\/div>\n\t\t\t\t<\/div>\n\t\t","protected":false},"excerpt":{"rendered":"<p>Willkommen in der Hiddenhausen. Info: Die Kulturwerkstatt ist umgezogen!Ab dem 16.02.2026 geht es in der Sonntagstra\u00dfe 11 in Oetinghausen weiter!&hellip;<\/p>\n","protected":false},"author":1,"featured_media":1700,"parent":0,"menu_order":0,"comment_status":"closed","ping_status":"closed","template":"","meta":{"_price":"","_stock":"","_tribe_ticket_header":"","_tribe_default_ticket_provider":"","_tribe_ticket_capacity":"0","_ticket_start_date":"","_ticket_end_date":"","_tribe_ticket_show_description":"","_tribe_ticket_show_not_going":false,"_tribe_ticket_use_global_stock":"","_tribe_ticket_global_stock_level":"","_global_stock_mode":"","_global_stock_cap":"","_tribe_rsvp_for_event":"","_tribe_ticket_going_count":"","_tribe_ticket_not_going_count":"","_tribe_tickets_list":"[]","_tribe_ticket_has_attendee_info_fields":false,"footnotes":"","_tec_slr_enabled":"","_tec_slr_layout":""},"class_list":["post-77","page","type-page","status-publish","has-post-thumbnail","hentry"],"ticketed":false,"_links":{"self":[{"href":"https:\/\/kuwehi.de\/index.php?rest_route=\/wp\/v2\/pages\/77","targetHints":{"allow":["GET"]}}],"collection":[{"href":"https:\/\/kuwehi.de\/index.php?rest_route=\/wp\/v2\/pages"}],"about":[{"href":"https:\/\/kuwehi.de\/index.php?rest_route=\/wp\/v2\/types\/page"}],"author":[{"embeddable":true,"href":"https:\/\/kuwehi.de\/index.php?rest_route=\/wp\/v2\/users\/1"}],"replies":[{"embeddable":true,"href":"https:\/\/kuwehi.de\/index.php?rest_route=%2Fwp%2Fv2%2Fcomments&post=77"}],"version-history":[{"count":101,"href":"https:\/\/kuwehi.de\/index.php?rest_route=\/wp\/v2\/pages\/77\/revisions"}],"predecessor-version":[{"id":11333,"href":"https:\/\/kuwehi.de\/index.php?rest_route=\/wp\/v2\/pages\/77\/revisions\/11333"}],"wp:featuredmedia":[{"embeddable":true,"href":"https:\/\/kuwehi.de\/index.php?rest_route=\/wp\/v2\/media\/1700"}],"wp:attachment":[{"href":"https:\/\/kuwehi.de\/index.php?rest_route=%2Fwp%2Fv2%2Fmedia&parent=77"}],"curies":[{"name":"wp","href":"https:\/\/api.w.org\/{rel}","templated":true}]}}