{"id":6951,"date":"2023-03-21T17:54:05","date_gmt":"2023-03-21T16:54:05","guid":{"rendered":"https:\/\/kuwehi.de\/?page_id=6951"},"modified":"2023-03-21T18:13:26","modified_gmt":"2023-03-21T17:13:26","slug":"natur-von-der-skizze-zum-bild","status":"publish","type":"page","link":"https:\/\/kuwehi.de\/?page_id=6951","title":{"rendered":"Natur von der Skizze zum Bild"},"content":{"rendered":"<p>&nbsp;<\/p>\n<h3 style=\"text-align: center;\"><strong><span style=\"color: #ff0000;\">Samstagswerkstatt (NUR 8 \u20ac)<\/span><br \/>\n<\/strong><\/h3>\n<h1 style=\"text-align: center;\"><strong>Natur von der Skizze zum Bild<\/strong><\/h1>\n<h4 style=\"text-align: center;\"><img fetchpriority=\"high\" decoding=\"async\" class=\"alignleft wp-image-6952\" src=\"https:\/\/kuwehi.de\/wp-content\/uploads\/2023\/03\/Blumenzwiebel-mit-Trieben-schmal-150x300.jpg\" alt=\"\" width=\"225\" height=\"450\" srcset=\"https:\/\/kuwehi.de\/wp-content\/uploads\/2023\/03\/Blumenzwiebel-mit-Trieben-schmal-150x300.jpg 150w, https:\/\/kuwehi.de\/wp-content\/uploads\/2023\/03\/Blumenzwiebel-mit-Trieben-schmal-512x1024.jpg 512w, https:\/\/kuwehi.de\/wp-content\/uploads\/2023\/03\/Blumenzwiebel-mit-Trieben-schmal-75x150.jpg 75w, https:\/\/kuwehi.de\/wp-content\/uploads\/2023\/03\/Blumenzwiebel-mit-Trieben-schmal-768x1536.jpg 768w, https:\/\/kuwehi.de\/wp-content\/uploads\/2023\/03\/Blumenzwiebel-mit-Trieben-schmal.jpg 1008w\" sizes=\"(max-width: 225px) 100vw, 225px\" \/><img decoding=\"async\" class=\"alignright wp-image-6953\" src=\"https:\/\/kuwehi.de\/wp-content\/uploads\/2023\/03\/Blatt-schmal-150x300.jpg\" alt=\"\" width=\"225\" height=\"450\" srcset=\"https:\/\/kuwehi.de\/wp-content\/uploads\/2023\/03\/Blatt-schmal-150x300.jpg 150w, https:\/\/kuwehi.de\/wp-content\/uploads\/2023\/03\/Blatt-schmal-512x1024.jpg 512w, https:\/\/kuwehi.de\/wp-content\/uploads\/2023\/03\/Blatt-schmal-75x150.jpg 75w, https:\/\/kuwehi.de\/wp-content\/uploads\/2023\/03\/Blatt-schmal-768x1536.jpg 768w, https:\/\/kuwehi.de\/wp-content\/uploads\/2023\/03\/Blatt-schmal-1024x2048.jpg 1024w, https:\/\/kuwehi.de\/wp-content\/uploads\/2023\/03\/Blatt-schmal-1600x3200.jpg 1600w, https:\/\/kuwehi.de\/wp-content\/uploads\/2023\/03\/Blatt-schmal-scaled.jpg 1280w\" sizes=\"(max-width: 225px) 100vw, 225px\" \/>Mit Kristine W.Benn<\/h4>\n<h5 style=\"text-align: center;\">(ab 8 Jahre)<\/h5>\n<h5 style=\"text-align: center;\"><strong>\u00a0<\/strong><span style=\"font-family: verdana, geneva;\"><em>Ein Fundst\u00fcck aus der erbl\u00fchenden Pflanzenwelt ist Basis f\u00fcr eine kleine Reise <\/em><\/span><span style=\"font-family: verdana, geneva;\"><em>von der Skizze zum Bild.<\/em><\/span><\/h5>\n<h5 style=\"text-align: center;\"><span style=\"font-family: verdana, geneva;\"><em>Wir lernen zu beobachten und \u00fcben den Umgang mit verschiedenen Zeichentechniken.<\/em><\/span><\/h5>\n<h5 style=\"text-align: center;\"><span style=\"font-family: verdana, geneva;\">Termin: 15.04.2023 von 10:00 bis 12:30 Uhr<\/span><\/h5>\n<h5 style=\"text-align: center;\"><span style=\"color: #808080;\"><a style=\"color: #808080;\" href=\"https:\/\/kuwehi.de\/?tribe_events=natur-von-der-skizze-zum-bild\"><span style=\"font-family: verdana, geneva;\">&gt; Zur Anmeldung &lt;<\/span><\/a><\/span><\/h5>\n","protected":false},"excerpt":{"rendered":"<p>&nbsp; Samstagswerkstatt (NUR 8 \u20ac) Natur von der Skizze zum Bild Mit Kristine W.Benn (ab 8 Jahre) \u00a0Ein Fundst\u00fcck aus&hellip;<\/p>\n","protected":false},"author":1,"featured_media":1325,"parent":0,"menu_order":0,"comment_status":"closed","ping_status":"closed","template":"","meta":{"_price":"","_stock":"","_tribe_ticket_header":"","_tribe_default_ticket_provider":"","_tribe_ticket_capacity":"0","_ticket_start_date":"","_ticket_end_date":"","_tribe_ticket_show_description":"","_tribe_ticket_show_not_going":false,"_tribe_ticket_use_global_stock":"","_tribe_ticket_global_stock_level":"","_global_stock_mode":"","_global_stock_cap":"","_tribe_rsvp_for_event":"","_tribe_ticket_going_count":"","_tribe_ticket_not_going_count":"","_tribe_tickets_list":"[]","_tribe_ticket_has_attendee_info_fields":false,"footnotes":"","_tec_slr_enabled":"","_tec_slr_layout":""},"class_list":["post-6951","page","type-page","status-publish","has-post-thumbnail","hentry"],"ticketed":false,"_links":{"self":[{"href":"https:\/\/kuwehi.de\/index.php?rest_route=\/wp\/v2\/pages\/6951","targetHints":{"allow":["GET"]}}],"collection":[{"href":"https:\/\/kuwehi.de\/index.php?rest_route=\/wp\/v2\/pages"}],"about":[{"href":"https:\/\/kuwehi.de\/index.php?rest_route=\/wp\/v2\/types\/page"}],"author":[{"embeddable":true,"href":"https:\/\/kuwehi.de\/index.php?rest_route=\/wp\/v2\/users\/1"}],"replies":[{"embeddable":true,"href":"https:\/\/kuwehi.de\/index.php?rest_route=%2Fwp%2Fv2%2Fcomments&post=6951"}],"version-history":[{"count":7,"href":"https:\/\/kuwehi.de\/index.php?rest_route=\/wp\/v2\/pages\/6951\/revisions"}],"predecessor-version":[{"id":6967,"href":"https:\/\/kuwehi.de\/index.php?rest_route=\/wp\/v2\/pages\/6951\/revisions\/6967"}],"wp:featuredmedia":[{"embeddable":true,"href":"https:\/\/kuwehi.de\/index.php?rest_route=\/wp\/v2\/media\/1325"}],"wp:attachment":[{"href":"https:\/\/kuwehi.de\/index.php?rest_route=%2Fwp%2Fv2%2Fmedia&parent=6951"}],"curies":[{"name":"wp","href":"https:\/\/api.w.org\/{rel}","templated":true}]}}