{"id":6764,"date":"2023-02-16T15:07:11","date_gmt":"2023-02-16T14:07:11","guid":{"rendered":"https:\/\/kuwehi.de\/?page_id=6764"},"modified":"2023-02-16T15:39:06","modified_gmt":"2023-02-16T14:39:06","slug":"skulpturen-aus-holz-wochenendkurs-mit-sergej-poweliza","status":"publish","type":"page","link":"https:\/\/kuwehi.de\/?page_id=6764","title":{"rendered":"Skulpturen aus Holz &#8211; Wochenendkurs mit Sergej Poweliza"},"content":{"rendered":"<h1 style=\"text-align: center;\"><strong>Skulpturen aus Holz <\/strong><\/h1>\n<h3 style=\"text-align: center;\"><strong>Wochenendkurs mit Sergej Poweliza<\/strong><\/h3>\n<h5><img fetchpriority=\"high\" decoding=\"async\" class=\"alignleft wp-image-6765\" src=\"https:\/\/kuwehi.de\/wp-content\/uploads\/2023\/02\/Bildhauerkurs-Erwachsene-hochkannt-schmal-stehender-Mann-Poweliza-3-169x300.jpg\" alt=\"\" width=\"225\" height=\"400\" srcset=\"https:\/\/kuwehi.de\/wp-content\/uploads\/2023\/02\/Bildhauerkurs-Erwachsene-hochkannt-schmal-stehender-Mann-Poweliza-3-169x300.jpg 169w, https:\/\/kuwehi.de\/wp-content\/uploads\/2023\/02\/Bildhauerkurs-Erwachsene-hochkannt-schmal-stehender-Mann-Poweliza-3-84x150.jpg 84w, https:\/\/kuwehi.de\/wp-content\/uploads\/2023\/02\/Bildhauerkurs-Erwachsene-hochkannt-schmal-stehender-Mann-Poweliza-3.jpg 478w\" sizes=\"(max-width: 225px) 100vw, 225px\" \/><img decoding=\"async\" class=\"alignright wp-image-6766\" src=\"https:\/\/kuwehi.de\/wp-content\/uploads\/2023\/02\/Bildhauerkurs-Erwachsene-hochkannt-schmal-Poweliza-6-169x300.jpg\" alt=\"\" width=\"225\" height=\"400\" srcset=\"https:\/\/kuwehi.de\/wp-content\/uploads\/2023\/02\/Bildhauerkurs-Erwachsene-hochkannt-schmal-Poweliza-6-169x300.jpg 169w, https:\/\/kuwehi.de\/wp-content\/uploads\/2023\/02\/Bildhauerkurs-Erwachsene-hochkannt-schmal-Poweliza-6-576x1024.jpg 576w, https:\/\/kuwehi.de\/wp-content\/uploads\/2023\/02\/Bildhauerkurs-Erwachsene-hochkannt-schmal-Poweliza-6-84x150.jpg 84w, https:\/\/kuwehi.de\/wp-content\/uploads\/2023\/02\/Bildhauerkurs-Erwachsene-hochkannt-schmal-Poweliza-6.jpg 638w\" sizes=\"(max-width: 225px) 100vw, 225px\" \/><span style=\"font-family: comic sans ms, sans-serif;\">Ob Anf\u00e4nger oder Fortgeschrittene, hier sind Sie richtig, wenn Sie Freude am Entstehen lassen einer Skulptur haben. Holz, ein lebendiger Werkstoff, l\u00e4dt ein, seiner Maserung, seinen Farben und seiner Wuchsform zu folgen. Das gemeinsame Klopfen und Bearbeiten erzeugt eine zugleich meditative wie sch\u00f6pferische Atmosph\u00e4re, in der Ihre Kreativit\u00e4t flie\u00dfen und Neues entstehen kann.<\/span><\/h5>\n<h5><span style=\"font-family: comic sans ms, sans-serif;\">In diesem Kurs werden die Teilnehmer\/innen in den wichtigsten Grundtechniken des Holzbildhauens unterrichtet und lernen das Werkzeug und seine Handhabung kennen. Ebenfalls im Vordergrund steht die Vermittlung von wichtigem Grundwissen des bildhauerischen Gestaltens. Der Kurs richtet sich sowohl an Einsteiger\/innen als auch an erfahrene Gestalter\/innen, die neue Wege im k\u00fcnstlerischen Prozess suchen.<\/span><\/h5>\n<h5 style=\"text-align: center;\"><span style=\"font-family: comic sans ms, sans-serif;\">Das Werkzeug wird zur Verf\u00fcgung gestellt. Bitte bringen Sie Ihre Arbeitskleidung mit.<\/span><\/h5>\n<h5><\/h5>\n<h5 style=\"text-align: center;\"><span style=\"font-family: comic sans ms, sans-serif;\">Termin: 10. und 11. Juni jeweils von 10 &#8211; 16 Uhr\u00a0<\/span><\/h5>\n<h5 style=\"text-align: center;\"><span style=\"font-family: comic sans ms, sans-serif;\">\u00a0<strong>Kosten: 145 EUR pro Person <\/strong><\/span><\/h5>\n<h5 style=\"text-align: center;\"><span style=\"color: #808080;\"><a style=\"color: #808080;\" href=\"https:\/\/kuwehi.de\/?tribe_events=skulpturen-aus-holz-tag-1\"><span style=\"font-family: comic sans ms, sans-serif;\"><strong>&gt; Zur Anmeldung &lt;<\/strong><\/span><\/a><\/span><\/h5>\n","protected":false},"excerpt":{"rendered":"<p>Skulpturen aus Holz Wochenendkurs mit Sergej Poweliza Ob Anf\u00e4nger oder Fortgeschrittene, hier sind Sie richtig, wenn Sie Freude am Entstehen&hellip;<\/p>\n","protected":false},"author":1,"featured_media":6773,"parent":0,"menu_order":0,"comment_status":"closed","ping_status":"closed","template":"","meta":{"_price":"","_stock":"","_tribe_ticket_header":"","_tribe_default_ticket_provider":"","_tribe_ticket_capacity":"0","_ticket_start_date":"","_ticket_end_date":"","_tribe_ticket_show_description":"","_tribe_ticket_show_not_going":false,"_tribe_ticket_use_global_stock":"","_tribe_ticket_global_stock_level":"","_global_stock_mode":"","_global_stock_cap":"","_tribe_rsvp_for_event":"","_tribe_ticket_going_count":"","_tribe_ticket_not_going_count":"","_tribe_tickets_list":"[]","_tribe_ticket_has_attendee_info_fields":false,"footnotes":"","_tec_slr_enabled":"","_tec_slr_layout":""},"class_list":["post-6764","page","type-page","status-publish","has-post-thumbnail","hentry"],"ticketed":false,"_links":{"self":[{"href":"https:\/\/kuwehi.de\/index.php?rest_route=\/wp\/v2\/pages\/6764","targetHints":{"allow":["GET"]}}],"collection":[{"href":"https:\/\/kuwehi.de\/index.php?rest_route=\/wp\/v2\/pages"}],"about":[{"href":"https:\/\/kuwehi.de\/index.php?rest_route=\/wp\/v2\/types\/page"}],"author":[{"embeddable":true,"href":"https:\/\/kuwehi.de\/index.php?rest_route=\/wp\/v2\/users\/1"}],"replies":[{"embeddable":true,"href":"https:\/\/kuwehi.de\/index.php?rest_route=%2Fwp%2Fv2%2Fcomments&post=6764"}],"version-history":[{"count":11,"href":"https:\/\/kuwehi.de\/index.php?rest_route=\/wp\/v2\/pages\/6764\/revisions"}],"predecessor-version":[{"id":6789,"href":"https:\/\/kuwehi.de\/index.php?rest_route=\/wp\/v2\/pages\/6764\/revisions\/6789"}],"wp:featuredmedia":[{"embeddable":true,"href":"https:\/\/kuwehi.de\/index.php?rest_route=\/wp\/v2\/media\/6773"}],"wp:attachment":[{"href":"https:\/\/kuwehi.de\/index.php?rest_route=%2Fwp%2Fv2%2Fmedia&parent=6764"}],"curies":[{"name":"wp","href":"https:\/\/api.w.org\/{rel}","templated":true}]}}