{"id":6600,"date":"2023-01-23T10:36:08","date_gmt":"2023-01-23T09:36:08","guid":{"rendered":"https:\/\/kuwehi.de\/?page_id=6600"},"modified":"2023-03-21T17:57:11","modified_gmt":"2023-03-21T16:57:11","slug":"maerchenbilder-in-aquarell-2023","status":"publish","type":"page","link":"https:\/\/kuwehi.de\/?page_id=6600","title":{"rendered":"M\u00e4rchenbilder in Aquarell 2023"},"content":{"rendered":"<h3 style=\"text-align: center;\"><strong><span style=\"color: #ff0000;\">Samstagswerkstatt (nur 8 \u20ac pro Termin)<\/span><br \/>\n<\/strong><\/h3>\n<h2 style=\"text-align: center;\"><strong>M\u00e4rchenbilder in Aquarell<br \/>\n<\/strong><\/h2>\n<h6 style=\"text-align: center;\">mit Ingrid Kerber<\/h6>\n<h3 style=\"text-align: center;\"><strong>( F\u00fcr 6- bis 10- J\u00e4hrige)<\/strong><\/h3>\n<h3 style=\"text-align: center;\"><\/h3>\n<h5><img fetchpriority=\"high\" decoding=\"async\" class=\"alignleft wp-image-6676 \" src=\"https:\/\/kuwehi.de\/wp-content\/uploads\/2023\/02\/Rumpelstielzchen-Rechteck-200x300.jpg\" alt=\"\" width=\"290\" height=\"435\" srcset=\"https:\/\/kuwehi.de\/wp-content\/uploads\/2023\/02\/Rumpelstielzchen-Rechteck-200x300.jpg 200w, https:\/\/kuwehi.de\/wp-content\/uploads\/2023\/02\/Rumpelstielzchen-Rechteck-683x1024.jpg 683w, https:\/\/kuwehi.de\/wp-content\/uploads\/2023\/02\/Rumpelstielzchen-Rechteck-100x150.jpg 100w, https:\/\/kuwehi.de\/wp-content\/uploads\/2023\/02\/Rumpelstielzchen-Rechteck-768x1152.jpg 768w, https:\/\/kuwehi.de\/wp-content\/uploads\/2023\/02\/Rumpelstielzchen-Rechteck-1024x1536.jpg 1024w, https:\/\/kuwehi.de\/wp-content\/uploads\/2023\/02\/Rumpelstielzchen-Rechteck-1365x2048.jpg 1365w, https:\/\/kuwehi.de\/wp-content\/uploads\/2023\/02\/Rumpelstielzchen-Rechteck-1600x2400.jpg 1600w, https:\/\/kuwehi.de\/wp-content\/uploads\/2023\/02\/Rumpelstielzchen-Rechteck-scaled.jpg 1706w\" sizes=\"(max-width: 290px) 100vw, 290px\" \/><\/h5>\n<p>&nbsp;<\/p>\n<h5>In den M\u00e4rchen werden unsere kleinen HeldInnen vor viele schwierige Aufgaben gestellt, sie durchleben alle Gef\u00fchle und am Ende l\u00f6sen sie das Problem.<\/h5>\n<h5>Wir gehen mit ihnen durch &#8218;dick und d\u00fcnn&#8216; und versuchen dabei, die Spannung mit Farben umzusetzen und tauchen mit ihnen in ihre verzauberten Farbwelten ein.<\/h5>\n<h5>Der Kurs findet an 2 zusammenh\u00e4ngenden aufeinander aufbauenden Samstagen statt.<\/h5>\n","protected":false},"excerpt":{"rendered":"<p>Samstagswerkstatt (nur 8 \u20ac pro Termin) M\u00e4rchenbilder in Aquarell mit Ingrid Kerber ( F\u00fcr 6- bis 10- J\u00e4hrige) &nbsp; In&hellip;<\/p>\n","protected":false},"author":1,"featured_media":6563,"parent":0,"menu_order":0,"comment_status":"closed","ping_status":"closed","template":"","meta":{"_price":"","_stock":"","_tribe_ticket_header":"","_tribe_default_ticket_provider":"","_tribe_ticket_capacity":"0","_ticket_start_date":"","_ticket_end_date":"","_tribe_ticket_show_description":"","_tribe_ticket_show_not_going":false,"_tribe_ticket_use_global_stock":"","_tribe_ticket_global_stock_level":"","_global_stock_mode":"","_global_stock_cap":"","_tribe_rsvp_for_event":"","_tribe_ticket_going_count":"","_tribe_ticket_not_going_count":"","_tribe_tickets_list":"[]","_tribe_ticket_has_attendee_info_fields":false,"footnotes":"","_tec_slr_enabled":"","_tec_slr_layout":""},"class_list":["post-6600","page","type-page","status-publish","has-post-thumbnail","hentry"],"ticketed":false,"_links":{"self":[{"href":"https:\/\/kuwehi.de\/index.php?rest_route=\/wp\/v2\/pages\/6600","targetHints":{"allow":["GET"]}}],"collection":[{"href":"https:\/\/kuwehi.de\/index.php?rest_route=\/wp\/v2\/pages"}],"about":[{"href":"https:\/\/kuwehi.de\/index.php?rest_route=\/wp\/v2\/types\/page"}],"author":[{"embeddable":true,"href":"https:\/\/kuwehi.de\/index.php?rest_route=\/wp\/v2\/users\/1"}],"replies":[{"embeddable":true,"href":"https:\/\/kuwehi.de\/index.php?rest_route=%2Fwp%2Fv2%2Fcomments&post=6600"}],"version-history":[{"count":22,"href":"https:\/\/kuwehi.de\/index.php?rest_route=\/wp\/v2\/pages\/6600\/revisions"}],"predecessor-version":[{"id":6958,"href":"https:\/\/kuwehi.de\/index.php?rest_route=\/wp\/v2\/pages\/6600\/revisions\/6958"}],"wp:featuredmedia":[{"embeddable":true,"href":"https:\/\/kuwehi.de\/index.php?rest_route=\/wp\/v2\/media\/6563"}],"wp:attachment":[{"href":"https:\/\/kuwehi.de\/index.php?rest_route=%2Fwp%2Fv2%2Fmedia&parent=6600"}],"curies":[{"name":"wp","href":"https:\/\/api.w.org\/{rel}","templated":true}]}}