{"id":5965,"date":"2022-10-11T10:51:07","date_gmt":"2022-10-11T08:51:07","guid":{"rendered":"https:\/\/kuwehi.de\/?page_id=5965"},"modified":"2024-01-02T22:18:29","modified_gmt":"2024-01-02T21:18:29","slug":"weihnachtsgruesse-selbst-gedruckt","status":"publish","type":"page","link":"https:\/\/kuwehi.de\/?page_id=5965","title":{"rendered":"Weihnachtsgr\u00fc\u00dfe selbst gedruckt"},"content":{"rendered":"<div class=\"entry-content\">\n<h3 style=\"text-align: center;\"><span style=\"color: #ff0000;\"><strong>Samstagswerkstatt<br \/>\n<\/strong><\/span><\/h3>\n<h1 style=\"text-align: center;\"><strong>Weihnachtsgr\u00fc\u00dfe selbst geruckt<br \/>\n<\/strong><\/h1>\n<h6 style=\"text-align: center;\">mit Kristine W.Benn<\/h6>\n<h3 style=\"text-align: center;\">(ab 9 Jahren)<\/h3>\n<h5 style=\"text-align: center;\"><img decoding=\"async\" class=\"alignleft size-thumbnail wp-image-3885\" src=\"https:\/\/kuwehi.de\/wp-content\/uploads\/2021\/09\/Weihnachtliches-Drucken-Stern-Quadrat-150x150.jpg\" alt=\"\" width=\"150\" height=\"150\" srcset=\"https:\/\/kuwehi.de\/wp-content\/uploads\/2021\/09\/Weihnachtliches-Drucken-Stern-Quadrat-150x150.jpg 150w, https:\/\/kuwehi.de\/wp-content\/uploads\/2021\/09\/Weihnachtliches-Drucken-Stern-Quadrat.jpg 298w\" sizes=\"(max-width: 150px) 100vw, 150px\" \/>Mit selbst geschnittenen Linolplatten gestalten wir individuelle Karten und grafische Geschenke f\u00fcr Weihnachten, die, als Gru\u00df verschickt oder gerahmt, verschenkt werden k\u00f6nnen.<\/h5>\n<h5 style=\"text-align: center;\"><strong>Auf jeden Fall werden deine Weihnachtsgr\u00fc\u00dfe ganz besondere in diesem Jahr.<\/strong><\/h5>\n<\/div>\n","protected":false},"excerpt":{"rendered":"<p>Samstagswerkstatt Weihnachtsgr\u00fc\u00dfe selbst geruckt mit Kristine W.Benn (ab 9 Jahren) Mit selbst geschnittenen Linolplatten gestalten wir individuelle Karten und grafische&hellip;<\/p>\n","protected":false},"author":1,"featured_media":3875,"parent":0,"menu_order":0,"comment_status":"closed","ping_status":"closed","template":"","meta":{"_price":"","_stock":"","_tribe_ticket_header":"","_tribe_default_ticket_provider":"","_tribe_ticket_capacity":"0","_ticket_start_date":"","_ticket_end_date":"","_tribe_ticket_show_description":"","_tribe_ticket_show_not_going":false,"_tribe_ticket_use_global_stock":"","_tribe_ticket_global_stock_level":"","_global_stock_mode":"","_global_stock_cap":"","_tribe_rsvp_for_event":"","_tribe_ticket_going_count":"","_tribe_ticket_not_going_count":"","_tribe_tickets_list":"[]","_tribe_ticket_has_attendee_info_fields":false,"footnotes":"","_tec_slr_enabled":"","_tec_slr_layout":""},"class_list":["post-5965","page","type-page","status-publish","has-post-thumbnail","hentry"],"ticketed":false,"_links":{"self":[{"href":"https:\/\/kuwehi.de\/index.php?rest_route=\/wp\/v2\/pages\/5965","targetHints":{"allow":["GET"]}}],"collection":[{"href":"https:\/\/kuwehi.de\/index.php?rest_route=\/wp\/v2\/pages"}],"about":[{"href":"https:\/\/kuwehi.de\/index.php?rest_route=\/wp\/v2\/types\/page"}],"author":[{"embeddable":true,"href":"https:\/\/kuwehi.de\/index.php?rest_route=\/wp\/v2\/users\/1"}],"replies":[{"embeddable":true,"href":"https:\/\/kuwehi.de\/index.php?rest_route=%2Fwp%2Fv2%2Fcomments&post=5965"}],"version-history":[{"count":24,"href":"https:\/\/kuwehi.de\/index.php?rest_route=\/wp\/v2\/pages\/5965\/revisions"}],"predecessor-version":[{"id":8118,"href":"https:\/\/kuwehi.de\/index.php?rest_route=\/wp\/v2\/pages\/5965\/revisions\/8118"}],"wp:featuredmedia":[{"embeddable":true,"href":"https:\/\/kuwehi.de\/index.php?rest_route=\/wp\/v2\/media\/3875"}],"wp:attachment":[{"href":"https:\/\/kuwehi.de\/index.php?rest_route=%2Fwp%2Fv2%2Fmedia&parent=5965"}],"curies":[{"name":"wp","href":"https:\/\/api.w.org\/{rel}","templated":true}]}}