{"id":5336,"date":"2022-07-14T18:32:06","date_gmt":"2022-07-14T16:32:06","guid":{"rendered":"https:\/\/kuwehi.de\/?page_id=5336"},"modified":"2022-12-22T11:06:36","modified_gmt":"2022-12-22T10:06:36","slug":"natur-ag","status":"publish","type":"page","link":"https:\/\/kuwehi.de\/?page_id=5336","title":{"rendered":"Natur-AG"},"content":{"rendered":"<h1 align=\"center\"><strong><span style=\"font-family: Comic Sans MS, cursive;\"><img fetchpriority=\"high\" decoding=\"async\" class=\"alignleft wp-image-5337\" src=\"https:\/\/kuwehi.de\/wp-content\/uploads\/2022\/07\/20200202_141248-300x169.jpg\" alt=\"\" width=\"310\" height=\"174\" srcset=\"https:\/\/kuwehi.de\/wp-content\/uploads\/2022\/07\/20200202_141248-300x169.jpg 300w, https:\/\/kuwehi.de\/wp-content\/uploads\/2022\/07\/20200202_141248-1024x576.jpg 1024w, https:\/\/kuwehi.de\/wp-content\/uploads\/2022\/07\/20200202_141248-768x432.jpg 768w, https:\/\/kuwehi.de\/wp-content\/uploads\/2022\/07\/20200202_141248-1536x864.jpg 1536w, https:\/\/kuwehi.de\/wp-content\/uploads\/2022\/07\/20200202_141248-2048x1152.jpg 2048w, https:\/\/kuwehi.de\/wp-content\/uploads\/2022\/07\/20200202_141248-1600x900.jpg 1600w\" sizes=\"(max-width: 310px) 100vw, 310px\" \/>Natur &#8211; AG<\/span><\/strong><\/h1>\n<h3 align=\"center\"><span style=\"font-family: Comic Sans MS, cursive;\">mit Anke Scholz und Kirsten Brauns<\/span><\/h3>\n<p>&nbsp;<\/p>\n<p><img decoding=\"async\" class=\"alignleft wp-image-5353\" src=\"https:\/\/kuwehi.de\/wp-content\/uploads\/2022\/07\/Bienenstein2-Quadrat-jpg-1-300x300.jpg\" alt=\"\" width=\"310\" height=\"310\" srcset=\"https:\/\/kuwehi.de\/wp-content\/uploads\/2022\/07\/Bienenstein2-Quadrat-jpg-1-300x300.jpg 300w, https:\/\/kuwehi.de\/wp-content\/uploads\/2022\/07\/Bienenstein2-Quadrat-jpg-1-1024x1024.jpg 1024w, https:\/\/kuwehi.de\/wp-content\/uploads\/2022\/07\/Bienenstein2-Quadrat-jpg-1-150x150.jpg 150w, https:\/\/kuwehi.de\/wp-content\/uploads\/2022\/07\/Bienenstein2-Quadrat-jpg-1-768x768.jpg 768w, https:\/\/kuwehi.de\/wp-content\/uploads\/2022\/07\/Bienenstein2-Quadrat-jpg-1-1536x1536.jpg 1536w, https:\/\/kuwehi.de\/wp-content\/uploads\/2022\/07\/Bienenstein2-Quadrat-jpg-1-2048x2048.jpg 2048w, https:\/\/kuwehi.de\/wp-content\/uploads\/2022\/07\/Bienenstein2-Quadrat-jpg-1-1600x1600.jpg 1600w\" sizes=\"(max-width: 310px) 100vw, 310px\" \/><\/p>\n<p><span style=\"font-size: 18pt;\"><span style=\"font-family: Comic Sans MS, cursive;\">Hier erf\u00e4hrst du etwas \u00fcber die Art wie unsere Vorfahren Gebrauchsgegenst\u00e4nde gefertigt, Speisen zubereitet und Feuer entz\u00fcndet haben. In einem selbst gestalteten Wildnis-Journal dokumentierst du alles Erlernte. Du begibst dich auf die F\u00e4hrte von heimischen Wildtieren und zeichnest ihre Spuren. Du erf\u00e4hrst etwas \u00fcber Bienen und ihre wilden Verwandten und begleitest ein Bienenvolk durch das Jahr. I<\/span><span style=\"font-family: Comic Sans MS, cursive;\">n Gemeinschaft<\/span> <span style=\"font-family: Comic Sans MS, cursive;\">erlebst Du<\/span><span style=\"font-family: Comic Sans MS, cursive;\"> die jahreszeitlichen Kreisl\u00e4ufe und die Sch\u00f6nheit und Sinnhaftigkeit der Natur. Alte Handwerkstechniken leben wieder auf und du stellst <\/span><span style=\"font-family: Comic Sans MS, cursive;\"> Gebrauchsgegenst\u00e4nde und <\/span><span style=\"font-family: Comic Sans MS, cursive;\">kleine Kunstwerke her.<\/span><\/span><\/p>\n<p>&nbsp;<\/p>\n<p><span style=\"font-size: 18pt;\"><span style=\"font-family: Comic Sans MS, cursive;\"><img decoding=\"async\" class=\"alignleft wp-image-5350\" src=\"https:\/\/kuwehi.de\/wp-content\/uploads\/2022\/07\/IMG-20201108-WA0027-169x300.jpeg\" alt=\"\" width=\"310\" height=\"551\" srcset=\"https:\/\/kuwehi.de\/wp-content\/uploads\/2022\/07\/IMG-20201108-WA0027-169x300.jpeg 169w, https:\/\/kuwehi.de\/wp-content\/uploads\/2022\/07\/IMG-20201108-WA0027-576x1024.jpeg 576w, https:\/\/kuwehi.de\/wp-content\/uploads\/2022\/07\/IMG-20201108-WA0027-768x1365.jpeg 768w, https:\/\/kuwehi.de\/wp-content\/uploads\/2022\/07\/IMG-20201108-WA0027-864x1536.jpeg 864w, https:\/\/kuwehi.de\/wp-content\/uploads\/2022\/07\/IMG-20201108-WA0027-1152x2048.jpeg 1152w, https:\/\/kuwehi.de\/wp-content\/uploads\/2022\/07\/IMG-20201108-WA0027-1600x2844.jpeg 1600w, https:\/\/kuwehi.de\/wp-content\/uploads\/2022\/07\/IMG-20201108-WA0027-scaled.jpeg 1440w\" sizes=\"(max-width: 310px) 100vw, 310px\" \/><\/span><\/span><\/p>\n<h5 align=\"center\"><\/h5>\n<p>&nbsp;<\/p>\n<h5 align=\"center\"><span style=\"font-family: Comic Sans MS, cursive;\">W<\/span><span style=\"font-family: Comic Sans MS, cursive;\">ir treffen uns wieder ab M\u00e4rz 2023. <\/span><\/h5>\n<h5 align=\"center\"><span style=\"font-family: Comic Sans MS, cursive;\">Die neuen Termine werden hier im Februar eingestellt.<br \/>\n<\/span><\/h5>\n<h5 align=\"center\"><span style=\"font-family: Comic Sans MS, cursive;\">DIE <\/span><span style=\"font-family: Comic Sans MS, cursive;\">A<\/span><span style=\"font-family: Comic Sans MS, cursive;\">NMELDUNG GI<\/span><span style=\"font-family: Comic Sans MS, cursive;\">LT<\/span><span style=\"font-family: Comic Sans MS, cursive;\"> F\u00dcR 1 HALBJAHR. <\/span><\/h5>\n<h5 align=\"center\"><span style=\"font-family: Comic Sans MS, cursive;\">Die einzelnen Termine bauen auf<\/span><span style=\"font-family: Comic Sans MS, cursive;\">e<\/span><span style=\"font-family: Comic Sans MS, cursive;\">inander auf.<\/span><\/h5>\n<h5 align=\"center\"><span style=\"font-family: Comic Sans MS, cursive;\">ALTERSGRUPPE:<\/span><\/h5>\n<h5 align=\"center\"><span style=\"font-family: Comic Sans MS, cursive;\">ab 4. Klasse Grundschule \u2013 bis ca. 15 Jahre<\/span><\/h5>\n<p>&nbsp;<\/p>\n<h5 align=\"center\"><\/h5>\n<p>&nbsp;<\/p>\n<h5 align=\"center\"><\/h5>\n<h5 align=\"center\"><span style=\"color: #000000;\"><span style=\"font-family: Comic Sans MS, cursive;\"><img loading=\"lazy\" decoding=\"async\" class=\"alignleft wp-image-5278\" src=\"https:\/\/kuwehi.de\/wp-content\/uploads\/2022\/07\/IMG_6122-225x300.jpg\" alt=\"\" width=\"310\" height=\"413\" srcset=\"https:\/\/kuwehi.de\/wp-content\/uploads\/2022\/07\/IMG_6122-225x300.jpg 225w, https:\/\/kuwehi.de\/wp-content\/uploads\/2022\/07\/IMG_6122.jpg 480w\" sizes=\"(max-width: 310px) 100vw, 310px\" \/><\/span><\/span><span style=\"color: #000000;\"><span style=\"font-family: Comic Sans MS, cursive;\">K<\/span><\/span><span style=\"color: #000000;\"><span style=\"font-family: Comic Sans MS, cursive;\">OSTEN:<\/span><\/span><\/h5>\n<h5 align=\"center\"><span style=\"color: #000000;\"><span style=\"font-family: Comic Sans MS, cursive;\"><img loading=\"lazy\" decoding=\"async\" class=\" wp-image-5390 alignright\" src=\"https:\/\/kuwehi.de\/wp-content\/uploads\/2022\/08\/Logo_Buergerstiftung-300x281.jpg\" alt=\"\" width=\"100\" height=\"94\" srcset=\"https:\/\/kuwehi.de\/wp-content\/uploads\/2022\/08\/Logo_Buergerstiftung-300x281.jpg 300w, https:\/\/kuwehi.de\/wp-content\/uploads\/2022\/08\/Logo_Buergerstiftung-1024x958.jpg 1024w, https:\/\/kuwehi.de\/wp-content\/uploads\/2022\/08\/Logo_Buergerstiftung-768x719.jpg 768w, https:\/\/kuwehi.de\/wp-content\/uploads\/2022\/08\/Logo_Buergerstiftung.jpg 1139w\" sizes=\"(max-width: 100px) 100vw, 100px\" \/>Wir k\u00f6nnen die Natur &#8211; AG <\/span><\/span><span style=\"color: #000000;\"><span style=\"font-family: Comic Sans MS, cursive;\">zur Zeit <\/span><\/span><span style=\"color: #000000;\"><span style=\"font-family: Comic Sans MS, cursive;\"> kostenfrei anbieten, da wir von der Sparkassenstiftung \u201eUnser Herz schl\u00e4gt hier&#8220; unterst\u00fctzt werden.<\/span><\/span><\/h5>\n<h5 align=\"center\"><span style=\"color: #000000;\"><span style=\"font-family: Comic Sans MS, cursive;\">Anmeldung<\/span><\/span> <span style=\"color: #000000;\"><span style=\"font-family: Comic Sans MS, cursive;\">bitte <\/span><\/span><span style=\"color: #000000;\"><span style=\"font-family: Comic Sans MS, cursive;\">mit Name, Alter und Telefonnummer an:<\/span><\/span><\/h5>\n<h5 align=\"center\"><a href=\"mailto:braunskuwehi@gmail.com\" target=\"_blank\" rel=\"noopener\"><span style=\"color: #000000;\"><span style=\"font-family: Comic Sans MS, cursive;\">braunskuwehi@gmail.com<\/span><\/span><\/a><\/h5>\n<h5 align=\"center\"><span style=\"color: #000000;\"><span style=\"font-family: Comic Sans MS, cursive;\">F<\/span><\/span><span style=\"color: #000000;\"><span style=\"font-family: Comic Sans MS, cursive;\">ragen werden gerne beantwortet.<\/span><\/span><\/h5>\n","protected":false},"excerpt":{"rendered":"<p>Natur &#8211; AG mit Anke Scholz und Kirsten Brauns &nbsp; Hier erf\u00e4hrst du etwas \u00fcber die Art wie unsere Vorfahren&hellip;<\/p>\n","protected":false},"author":1,"featured_media":5341,"parent":0,"menu_order":0,"comment_status":"closed","ping_status":"closed","template":"","meta":{"_price":"","_stock":"","_tribe_ticket_header":"","_tribe_default_ticket_provider":"","_tribe_ticket_capacity":"0","_ticket_start_date":"","_ticket_end_date":"","_tribe_ticket_show_description":"","_tribe_ticket_show_not_going":false,"_tribe_ticket_use_global_stock":"","_tribe_ticket_global_stock_level":"","_global_stock_mode":"","_global_stock_cap":"","_tribe_rsvp_for_event":"","_tribe_ticket_going_count":"","_tribe_ticket_not_going_count":"","_tribe_tickets_list":"[]","_tribe_ticket_has_attendee_info_fields":false,"footnotes":"","_tec_slr_enabled":"","_tec_slr_layout":""},"class_list":["post-5336","page","type-page","status-publish","has-post-thumbnail","hentry"],"ticketed":false,"_links":{"self":[{"href":"https:\/\/kuwehi.de\/index.php?rest_route=\/wp\/v2\/pages\/5336","targetHints":{"allow":["GET"]}}],"collection":[{"href":"https:\/\/kuwehi.de\/index.php?rest_route=\/wp\/v2\/pages"}],"about":[{"href":"https:\/\/kuwehi.de\/index.php?rest_route=\/wp\/v2\/types\/page"}],"author":[{"embeddable":true,"href":"https:\/\/kuwehi.de\/index.php?rest_route=\/wp\/v2\/users\/1"}],"replies":[{"embeddable":true,"href":"https:\/\/kuwehi.de\/index.php?rest_route=%2Fwp%2Fv2%2Fcomments&post=5336"}],"version-history":[{"count":24,"href":"https:\/\/kuwehi.de\/index.php?rest_route=\/wp\/v2\/pages\/5336\/revisions"}],"predecessor-version":[{"id":6364,"href":"https:\/\/kuwehi.de\/index.php?rest_route=\/wp\/v2\/pages\/5336\/revisions\/6364"}],"wp:featuredmedia":[{"embeddable":true,"href":"https:\/\/kuwehi.de\/index.php?rest_route=\/wp\/v2\/media\/5341"}],"wp:attachment":[{"href":"https:\/\/kuwehi.de\/index.php?rest_route=%2Fwp%2Fv2%2Fmedia&parent=5336"}],"curies":[{"name":"wp","href":"https:\/\/api.w.org\/{rel}","templated":true}]}}