{"id":5253,"date":"2022-07-01T13:38:07","date_gmt":"2022-07-01T11:38:07","guid":{"rendered":"https:\/\/kuwehi.de\/?page_id=5253"},"modified":"2022-07-01T13:38:07","modified_gmt":"2022-07-01T11:38:07","slug":"allgemeine-geschaeftsbedingungen-der-kulturwerkstatt-hiddenhausen-e-v","status":"publish","type":"page","link":"https:\/\/kuwehi.de\/?page_id=5253","title":{"rendered":"Allgemeine Gesch\u00e4ftsbedingungen der Kulturwerkstatt Hiddenhausen (e.V.)"},"content":{"rendered":"<ol>\n<li>\n<h5><span style=\"font-family: arial, helvetica, sans-serif;\">Eine Anmeldung zu einem Kurs oder einer Veranstaltung ist \u00fcber die Homepage, per Mail, per Post, telefonisch oder pers\u00f6nlich in der Kulturwerkstatt Hiddenhausen m\u00f6glich. Die Belegung der Kursteilnehmerpl\u00e4tze erfolgt nach der zeitlichen Reihenfolge der Anmeldungen.<\/span><\/h5>\n<\/li>\n<li>\n<h5><span style=\"font-family: arial, helvetica, sans-serif;\">Durch die Anmeldung besteht die Verpflichtung zur Zahlung des auf der Homepage ausgewiesenen Entgelts.<\/span><\/h5>\n<\/li>\n<li>\n<h5><span style=\"font-family: arial, helvetica, sans-serif;\">Eine Anmeldung ist verbindlich, sofern keine Absage durch die Kulturwerkstatt erfolgt.<\/span><\/h5>\n<\/li>\n<li>\n<h5><span style=\"font-family: arial, helvetica, sans-serif;\">Die Bezahlung des Kursentgeltes sollte m\u00f6glichst bis sp\u00e4testens 14 Tage vor Kursbeginn erfolgen.<\/span><\/h5>\n<\/li>\n<li>\n<h5><span style=\"font-family: arial, helvetica, sans-serif;\">Barzahlungen sind nur nach Absprache m\u00f6glich.<\/span><\/h5>\n<\/li>\n<li>\n<h5><span style=\"font-family: arial, helvetica, sans-serif;\">Bis zu 14 Tage vor Kurs- oder Veranstaltungsbeginn kann die Anmeldung schriftlich, telefonisch oder pers\u00f6nlich kostenfrei widerrufen werden.<\/span><\/h5>\n<\/li>\n<li>\n<h5><span style=\"font-family: arial, helvetica, sans-serif;\">Bei einem R\u00fccktritt zu einem sp\u00e4teren Zeitpunkt (14 \u2013 8 Tage vor Kursbeginn) sind 50 % der Kursgeb\u00fchren zu zahlen bzw. werden diese, bei bereits get\u00e4tigter Zahlung, zu 50% zur\u00fcckerstattet.<\/span><\/h5>\n<\/li>\n<li>\n<h5><span style=\"font-family: arial, helvetica, sans-serif;\">Ab 7 Tagen vor Kursbeginn ist kein R\u00fccktritt m\u00f6glich. Kann eine andere Person benannt werden oder eine andere Person von der Warteliste den Teilnehmerplatz einnehmen, geht die Verpflichtung der Zahlung des Kursentgeltes automatisch auf diese Person \u00fcber. Kann keine andere Person benannt werden, ist das Entgelt in vollem Umfang zu zahlen.<\/span><\/h5>\n<\/li>\n<li>\n<h5><span style=\"font-family: arial, helvetica, sans-serif;\">Das Entgelt ist auch dann zu zahlen, wenn eine Teilnahme am Kurs nicht oder nur unregelm\u00e4\u00dfig erfolgt. Ein Wechsel der Kursleiterin oder des Kursleiters berechtigt nicht zum R\u00fccktritt.<\/span><\/h5>\n<\/li>\n<li>\n<h5><span style=\"font-family: arial, helvetica, sans-serif;\">Die Kulturwerkstatt beh\u00e4lt sich Absagen oder \u00c4nderungen der Veranstaltung bzw. des Kurses aus organisatorischen Gr\u00fcnden vor, z. B. bei Nichterreichen einer bestimmten Teilnahmezahl.<\/span><\/h5>\n<\/li>\n<li>\n<h5><span style=\"font-family: arial, helvetica, sans-serif;\">Im Fall der Absage einer Veranstaltung bzw. eines Kurses seitens der Kulturwerkstatt, werden die gezahlten Teilnahmeentgelte erstattet. Weitergehende Anspr\u00fcche gegen die Kulturwerkstatt sind ausgeschlossen.<\/span><\/h5>\n<\/li>\n<\/ol>\n","protected":false},"excerpt":{"rendered":"<p>Eine Anmeldung zu einem Kurs oder einer Veranstaltung ist \u00fcber die Homepage, per Mail, per Post, telefonisch oder pers\u00f6nlich in&hellip;<\/p>\n","protected":false},"author":1,"featured_media":0,"parent":0,"menu_order":0,"comment_status":"closed","ping_status":"closed","template":"","meta":{"_price":"","_stock":"","_tribe_ticket_header":"","_tribe_default_ticket_provider":"","_tribe_ticket_capacity":"0","_ticket_start_date":"","_ticket_end_date":"","_tribe_ticket_show_description":"","_tribe_ticket_show_not_going":false,"_tribe_ticket_use_global_stock":"","_tribe_ticket_global_stock_level":"","_global_stock_mode":"","_global_stock_cap":"","_tribe_rsvp_for_event":"","_tribe_ticket_going_count":"","_tribe_ticket_not_going_count":"","_tribe_tickets_list":"[]","_tribe_ticket_has_attendee_info_fields":false,"footnotes":"","_tec_slr_enabled":"","_tec_slr_layout":""},"class_list":["post-5253","page","type-page","status-publish","hentry"],"ticketed":false,"_links":{"self":[{"href":"https:\/\/kuwehi.de\/index.php?rest_route=\/wp\/v2\/pages\/5253","targetHints":{"allow":["GET"]}}],"collection":[{"href":"https:\/\/kuwehi.de\/index.php?rest_route=\/wp\/v2\/pages"}],"about":[{"href":"https:\/\/kuwehi.de\/index.php?rest_route=\/wp\/v2\/types\/page"}],"author":[{"embeddable":true,"href":"https:\/\/kuwehi.de\/index.php?rest_route=\/wp\/v2\/users\/1"}],"replies":[{"embeddable":true,"href":"https:\/\/kuwehi.de\/index.php?rest_route=%2Fwp%2Fv2%2Fcomments&post=5253"}],"version-history":[{"count":3,"href":"https:\/\/kuwehi.de\/index.php?rest_route=\/wp\/v2\/pages\/5253\/revisions"}],"predecessor-version":[{"id":5256,"href":"https:\/\/kuwehi.de\/index.php?rest_route=\/wp\/v2\/pages\/5253\/revisions\/5256"}],"wp:attachment":[{"href":"https:\/\/kuwehi.de\/index.php?rest_route=%2Fwp%2Fv2%2Fmedia&parent=5253"}],"curies":[{"name":"wp","href":"https:\/\/api.w.org\/{rel}","templated":true}]}}