{"id":5126,"date":"2022-05-24T21:11:32","date_gmt":"2022-05-24T19:11:32","guid":{"rendered":"https:\/\/kuwehi.de\/?page_id=5126"},"modified":"2022-09-22T08:59:51","modified_gmt":"2022-09-22T06:59:51","slug":"eltern-kind-schmieden-im-juni","status":"publish","type":"page","link":"https:\/\/kuwehi.de\/?page_id=5126","title":{"rendered":"Eltern &#8211; Kind &#8211; Schmieden im Juni"},"content":{"rendered":"<h1 style=\"text-align: center;\"><strong><span style=\"color: #800000;\">Eltern &#8211; Kind &#8211; Schmieden<\/span><\/strong><\/h1>\n<h3 style=\"text-align: center;\">mit Kirsten Brauns<\/h3>\n<p>&nbsp;<\/p>\n<p><img fetchpriority=\"high\" decoding=\"async\" class=\"alignleft wp-image-5132\" src=\"https:\/\/kuwehi.de\/wp-content\/uploads\/2022\/05\/Piet-am-Amboss-626x1024.jpg\" alt=\"\" width=\"450\" height=\"736\" srcset=\"https:\/\/kuwehi.de\/wp-content\/uploads\/2022\/05\/Piet-am-Amboss-626x1024.jpg 626w, https:\/\/kuwehi.de\/wp-content\/uploads\/2022\/05\/Piet-am-Amboss-183x300.jpg 183w, https:\/\/kuwehi.de\/wp-content\/uploads\/2022\/05\/Piet-am-Amboss.jpg 675w\" sizes=\"(max-width: 450px) 100vw, 450px\" \/><\/p>\n<h5>Der Umgang mit den urspr\u00fcnglichen Elementen Feuer, Eisen und Wasser \u2013 die M\u00f6glichkeit, festen Stahl nach eigenen Ideen zu formen sowie der\u00a0 Kreativit\u00e4t und der\u00a0 Fantasie freien Lauf zu lassen, fasziniert gerade Kinder. Da vieles in der heutigen Zeit oft nur auf digitaler Ebene und virtuell abl\u00e4uft, ist es insbesondere f\u00fcr Kinder wichtig zu erfahren, dass sie mit eigenen H\u00e4nden etwas erschaffen k\u00f6nnen. So werden sie ganz nebenbei an das alte Handwerk herangef\u00fchrt.<\/h5>\n<h5>Kinder ab 9 Jahren k\u00f6nnen bei uns mit Unterst\u00fctzung eines Elternteils ein einfaches Wikinger-Messer, einen Gartenstecker oder ein kleines Schmuckst\u00fcck schmieden.<\/h5>\n<h5>Zum Schmieden ist niemand zu jung oder zu alt \u2013 aber Schmieden bedeutet auch Schmutz, Schwei\u00df und Arbeit! Daher sind festes Schuhwerk, alte Kleidung und lange Hosen aus nat\u00fcrlichen Materialien (z.B. Baumwolle) Voraussetzung f\u00fcr die Teilnahme am Kurs. Bei ger\u00e4uschempfindlichen Kindern bitte einen Geh\u00f6rschutz mitbringen.<\/h5>\n<h5 style=\"text-align: center;\">Kleidung: Bitte dem Wetter angepasst! Festes Schuhwerk, alte Kleidung und lange Hosen aus nat\u00fcrlichen Materialien;<\/h5>\n<h5 style=\"text-align: center;\">Schutzbrille, Sch\u00fcrze und Handschuhe werden von uns gestellt.<\/h5>\n<h5 style=\"text-align: center;\"><\/h5>\n<h5 style=\"text-align: center;\">Verpflegung: Essen und Trinken* bitte selbst mitbringen. (* Tee und Kaffee gibt\u2018s kostenlos. Andere Getr\u00e4nke k\u00f6nnen k\u00e4uflich erworben werden.)<\/h5>\n<h5><\/h5>\n<h5 style=\"text-align: center;\"><span style=\"color: #800000;\">Ort:<\/span> Garten der Kulturwerkstatt Hiddenhausen<\/h5>\n<h5 style=\"text-align: center;\"><span style=\"color: #800000;\">Termin:<\/span> war der 12. Juni 2022<\/h5>\n<h5 style=\"text-align: center;\"><span style=\"color: #800000;\">Uhrzeit: <\/span>10.00 \u2013 14.00 Uhr<\/h5>\n<h5 style=\"text-align: center;\"><span style=\"color: #800000;\">Kosten: <\/span>60 \u20ac<\/h5>\n<h5 style=\"text-align: center;\"><\/h5>\n<h5 style=\"text-align: center;\">Max. Teilnehmerzahl: 4 Kinder in Begleitung eines Elternteils<\/h5>\n<p>&nbsp;<\/p>\n<h5 style=\"text-align: center;\"><a href=\"https:\/\/kuwehi.de\/?tribe_events=eltern-kind-schmieden-im-juni\"><span style=\"color: #800000;\">&gt;\u00a0 Zur Anmeldung\u00a0 &lt;<\/span><\/a><\/h5>\n","protected":false},"excerpt":{"rendered":"<p>Eltern &#8211; Kind &#8211; Schmieden mit Kirsten Brauns &nbsp; Der Umgang mit den urspr\u00fcnglichen Elementen Feuer, Eisen und Wasser \u2013&hellip;<\/p>\n","protected":false},"author":1,"featured_media":5130,"parent":0,"menu_order":0,"comment_status":"closed","ping_status":"closed","template":"","meta":{"_price":"","_stock":"","_tribe_ticket_header":"","_tribe_default_ticket_provider":"","_tribe_ticket_capacity":"0","_ticket_start_date":"","_ticket_end_date":"","_tribe_ticket_show_description":"","_tribe_ticket_show_not_going":false,"_tribe_ticket_use_global_stock":"","_tribe_ticket_global_stock_level":"","_global_stock_mode":"","_global_stock_cap":"","_tribe_rsvp_for_event":"","_tribe_ticket_going_count":"","_tribe_ticket_not_going_count":"","_tribe_tickets_list":"[]","_tribe_ticket_has_attendee_info_fields":false,"footnotes":"","_tec_slr_enabled":"","_tec_slr_layout":""},"class_list":["post-5126","page","type-page","status-publish","has-post-thumbnail","hentry"],"ticketed":false,"_links":{"self":[{"href":"https:\/\/kuwehi.de\/index.php?rest_route=\/wp\/v2\/pages\/5126","targetHints":{"allow":["GET"]}}],"collection":[{"href":"https:\/\/kuwehi.de\/index.php?rest_route=\/wp\/v2\/pages"}],"about":[{"href":"https:\/\/kuwehi.de\/index.php?rest_route=\/wp\/v2\/types\/page"}],"author":[{"embeddable":true,"href":"https:\/\/kuwehi.de\/index.php?rest_route=\/wp\/v2\/users\/1"}],"replies":[{"embeddable":true,"href":"https:\/\/kuwehi.de\/index.php?rest_route=%2Fwp%2Fv2%2Fcomments&post=5126"}],"version-history":[{"count":17,"href":"https:\/\/kuwehi.de\/index.php?rest_route=\/wp\/v2\/pages\/5126\/revisions"}],"predecessor-version":[{"id":5904,"href":"https:\/\/kuwehi.de\/index.php?rest_route=\/wp\/v2\/pages\/5126\/revisions\/5904"}],"wp:featuredmedia":[{"embeddable":true,"href":"https:\/\/kuwehi.de\/index.php?rest_route=\/wp\/v2\/media\/5130"}],"wp:attachment":[{"href":"https:\/\/kuwehi.de\/index.php?rest_route=%2Fwp%2Fv2%2Fmedia&parent=5126"}],"curies":[{"name":"wp","href":"https:\/\/api.w.org\/{rel}","templated":true}]}}