{"id":5056,"date":"2022-05-10T15:55:52","date_gmt":"2022-05-10T13:55:52","guid":{"rendered":"https:\/\/kuwehi.de\/?page_id=5056"},"modified":"2022-05-15T19:36:02","modified_gmt":"2022-05-15T17:36:02","slug":"die-verrueckte-zeitwunschmaschine","status":"publish","type":"page","link":"https:\/\/kuwehi.de\/?page_id=5056","title":{"rendered":"Die verr\u00fcckte ZeitWunschMaschine"},"content":{"rendered":"<h2 style=\"text-align: center;\"><span style=\"font-family: comic sans ms, sans-serif;\"><strong>\u201eDie verr\u00fcckte <span style=\"color: #339966;\">Zeit<\/span><span style=\"color: #333399;\">Wunsch<\/span><span style=\"color: #cc99ff;\">Maschine<\/span>\u201c <\/strong><\/span><\/h2>\n<h5 style=\"text-align: center;\"><span style=\"font-family: comic sans ms, sans-serif;\">mit<\/span><\/h5>\n<h5 style=\"text-align: center;\"><span style=\"font-family: comic sans ms, sans-serif;\">Alina Tinnefeld \u2013 Theaterp\u00e4dagogin und Schauspielerin <\/span><br \/>\n<span style=\"font-family: comic sans ms, sans-serif;\">Martina Gladys \u2013 Tanzp\u00e4dagogin und Choreografin<\/span><\/h5>\n<h5><span style=\"font-family: comic sans ms, sans-serif;\">Ein Theater- und Tanztheaterworkshop in der vorletzten Sommerferienwoche (25.07. \u2013 29.07.2022) nat\u00fcrlich mit einer Schlusspr\u00e4sentation der besten Momente aus dem Workshop:<\/span><\/h5>\n<h5><span style=\"font-family: comic sans ms, sans-serif;\">Wie w\u00e4re das wohl, wenn man \u00fcberall in die <span style=\"color: #008000;\">Vergangenheit<\/span> und <span style=\"color: #99cc00;\">Zukunft<\/span> reisen k\u00f6nnte! Und zudem noch alle <span style=\"color: #333399;\">W\u00fcnsche<\/span> in Erf\u00fcllung gehen. Die verr\u00fcckte <span style=\"color: #339966;\">Zeit<span style=\"color: #333399;\">Wunsch<\/span><span style=\"color: #cc99ff;\">Maschine<\/span><\/span> macht es m\u00f6glich! Fantastisch! Oder gibt es da auch einen Harken? <\/span><\/h5>\n<h5><span style=\"font-family: comic sans ms, sans-serif;\">Alle <span style=\"color: #008000;\">Zeitreisenden<\/span> und <span style=\"color: #333399;\">Wunschtr\u00e4umer<\/span>, die Mutigen und \u00c4ngstlichen, sind willkommen! Und nat\u00fcrlich du!<\/span><\/h5>\n<h5><span style=\"font-family: comic sans ms, sans-serif;\">Was du mitbringen solltest: Neugier, Begeisterung f\u00fcrs Ausprobieren\u00a0<\/span><\/h5>\n<h5><span style=\"font-family: comic sans ms, sans-serif;\">Tanzen und\/oder Theaterspielen ist m\u00f6glich! Du w\u00e4hlst aus, was du am liebsten mitmachen m\u00f6chtest.<\/span><\/h5>\n<h5><span style=\"font-family: comic sans ms, sans-serif;\">\u2026 daf\u00fcr brauchst du nat\u00fcrlich bequeme Kleidung.<\/span><\/h5>\n<h6 style=\"text-align: center;\"><span style=\"font-family: comic sans ms, sans-serif;\">Wann?: Montag bis Donnerstag von 10 \u2013 14 Uhr + Freitag von 10 \u2013 17 Uhr. <\/span><br \/>\n<span style=\"font-family: comic sans ms, sans-serif;\">Am Freitag findet 16.00 Uhr eine Pr\u00e4sentation vor Familie und Freunden statt.<\/span><\/h6>\n<h5 style=\"text-align: center;\"><span style=\"font-family: comic sans ms, sans-serif;\">F\u00fcr wen?: F\u00fcr Kinder und Teenager im Alter von 10 \u2013 14 Jahren<\/span><\/h5>\n<h5 style=\"text-align: center;\"><a href=\"https:\/\/kuwehi.de\/?tribe_events=die-verrueckte-zeitwunschmaschine\"><span style=\"color: #333399;\"><em>&gt; Zur Anmeldung &lt;<\/em><\/span><\/a><\/h5>\n<p>&nbsp;<\/p>\n<p><img fetchpriority=\"high\" decoding=\"async\" class=\"alignleft size-full wp-image-5015\" src=\"https:\/\/kuwehi.de\/wp-content\/uploads\/2022\/05\/Logo-Kulturrucksack-Foerderung-vom-Ministerium-Schule.png\" alt=\"\" width=\"259\" height=\"194\" \/><\/p>\n<p><img decoding=\"async\" class=\"alignleft size-medium wp-image-2545\" src=\"https:\/\/kuwehi.de\/wp-content\/uploads\/2021\/01\/Logo-Ministerium-f\u00fcr-Kinder...-NRW-300x103.png\" alt=\"\" width=\"300\" height=\"103\" srcset=\"https:\/\/kuwehi.de\/wp-content\/uploads\/2021\/01\/Logo-Ministerium-f\u00fcr-Kinder...-NRW-300x103.png 300w, https:\/\/kuwehi.de\/wp-content\/uploads\/2021\/01\/Logo-Ministerium-f\u00fcr-Kinder...-NRW.png 527w\" sizes=\"(max-width: 300px) 100vw, 300px\" \/><\/p>\n","protected":false},"excerpt":{"rendered":"<p>\u201eDie verr\u00fcckte ZeitWunschMaschine\u201c mit Alina Tinnefeld \u2013 Theaterp\u00e4dagogin und Schauspielerin Martina Gladys \u2013 Tanzp\u00e4dagogin und Choreografin Ein Theater- und Tanztheaterworkshop&hellip;<\/p>\n","protected":false},"author":1,"featured_media":1294,"parent":0,"menu_order":0,"comment_status":"closed","ping_status":"closed","template":"","meta":{"_price":"","_stock":"","_tribe_ticket_header":"","_tribe_default_ticket_provider":"","_tribe_ticket_capacity":"0","_ticket_start_date":"","_ticket_end_date":"","_tribe_ticket_show_description":"","_tribe_ticket_show_not_going":false,"_tribe_ticket_use_global_stock":"","_tribe_ticket_global_stock_level":"","_global_stock_mode":"","_global_stock_cap":"","_tribe_rsvp_for_event":"","_tribe_ticket_going_count":"","_tribe_ticket_not_going_count":"","_tribe_tickets_list":"[]","_tribe_ticket_has_attendee_info_fields":false,"footnotes":"","_tec_slr_enabled":"","_tec_slr_layout":""},"class_list":["post-5056","page","type-page","status-publish","has-post-thumbnail","hentry"],"ticketed":false,"_links":{"self":[{"href":"https:\/\/kuwehi.de\/index.php?rest_route=\/wp\/v2\/pages\/5056","targetHints":{"allow":["GET"]}}],"collection":[{"href":"https:\/\/kuwehi.de\/index.php?rest_route=\/wp\/v2\/pages"}],"about":[{"href":"https:\/\/kuwehi.de\/index.php?rest_route=\/wp\/v2\/types\/page"}],"author":[{"embeddable":true,"href":"https:\/\/kuwehi.de\/index.php?rest_route=\/wp\/v2\/users\/1"}],"replies":[{"embeddable":true,"href":"https:\/\/kuwehi.de\/index.php?rest_route=%2Fwp%2Fv2%2Fcomments&post=5056"}],"version-history":[{"count":12,"href":"https:\/\/kuwehi.de\/index.php?rest_route=\/wp\/v2\/pages\/5056\/revisions"}],"predecessor-version":[{"id":5108,"href":"https:\/\/kuwehi.de\/index.php?rest_route=\/wp\/v2\/pages\/5056\/revisions\/5108"}],"wp:featuredmedia":[{"embeddable":true,"href":"https:\/\/kuwehi.de\/index.php?rest_route=\/wp\/v2\/media\/1294"}],"wp:attachment":[{"href":"https:\/\/kuwehi.de\/index.php?rest_route=%2Fwp%2Fv2%2Fmedia&parent=5056"}],"curies":[{"name":"wp","href":"https:\/\/api.w.org\/{rel}","templated":true}]}}