{"id":4863,"date":"2022-03-17T09:49:23","date_gmt":"2022-03-17T08:49:23","guid":{"rendered":"https:\/\/kuwehi.de\/?page_id=4863"},"modified":"2023-04-14T10:02:09","modified_gmt":"2023-04-14T08:02:09","slug":"vier-verrueckte-huehner-2","status":"publish","type":"page","link":"https:\/\/kuwehi.de\/?page_id=4863","title":{"rendered":"Vier verr\u00fcckte H\u00fchner"},"content":{"rendered":"<h3 style=\"text-align: center;\"><span style=\"color: #ff0000;\"><strong>Samstagswerkstatt (NUR 8 \u20ac)<br \/>\n<\/strong><\/span><\/h3>\n<h1 style=\"text-align: center;\"><strong>Vier verr\u00fcckte H\u00fchner<\/strong><\/h1>\n<h3 style=\"text-align: center;\">mit Andrea Mallwitz-Jander<\/h3>\n<h5 style=\"text-align: center;\">(ab 6 Jahre)<\/h5>\n<h5 style=\"text-align: center;\">Das ist die Geschichte von vier H\u00fchnern, die vom H\u00fchnerhof fl\u00fcchten, bevor sie im Suppentopf\u00a0 landen\u2026.<\/h5>\n<h5 style=\"text-align: center;\">Ihr k\u00f6nnt beim Vorlesen der Geschichte ihre Abenteuer miterleben und viel Wissenswertes \u00fcber H\u00fchner erfahren.<\/h5>\n<h5 style=\"text-align: center;\">Es werden kleine H\u00fchner aus Eierkartons gebastelt und eine Osterwiese angelegt.<\/h5>\n<h5 style=\"text-align: center;\"><span style=\"color: #ff0000;\">!<\/span> Bitte einen kleinen Korb zum Bepflanzen mitbringen <span style=\"color: #ff0000;\">!<\/span><\/h5>\n","protected":false},"excerpt":{"rendered":"<p>Samstagswerkstatt (NUR 8 \u20ac) Vier verr\u00fcckte H\u00fchner mit Andrea Mallwitz-Jander (ab 6 Jahre) Das ist die Geschichte von vier H\u00fchnern,&hellip;<\/p>\n","protected":false},"author":1,"featured_media":4270,"parent":0,"menu_order":0,"comment_status":"closed","ping_status":"closed","template":"","meta":{"_price":"","_stock":"","_tribe_ticket_header":"","_tribe_default_ticket_provider":"","_tribe_ticket_capacity":"0","_ticket_start_date":"","_ticket_end_date":"","_tribe_ticket_show_description":"","_tribe_ticket_show_not_going":false,"_tribe_ticket_use_global_stock":"","_tribe_ticket_global_stock_level":"","_global_stock_mode":"","_global_stock_cap":"","_tribe_rsvp_for_event":"","_tribe_ticket_going_count":"","_tribe_ticket_not_going_count":"","_tribe_tickets_list":"[]","_tribe_ticket_has_attendee_info_fields":false,"footnotes":"","_tec_slr_enabled":"","_tec_slr_layout":""},"class_list":["post-4863","page","type-page","status-publish","has-post-thumbnail","hentry"],"ticketed":false,"_links":{"self":[{"href":"https:\/\/kuwehi.de\/index.php?rest_route=\/wp\/v2\/pages\/4863","targetHints":{"allow":["GET"]}}],"collection":[{"href":"https:\/\/kuwehi.de\/index.php?rest_route=\/wp\/v2\/pages"}],"about":[{"href":"https:\/\/kuwehi.de\/index.php?rest_route=\/wp\/v2\/types\/page"}],"author":[{"embeddable":true,"href":"https:\/\/kuwehi.de\/index.php?rest_route=\/wp\/v2\/users\/1"}],"replies":[{"embeddable":true,"href":"https:\/\/kuwehi.de\/index.php?rest_route=%2Fwp%2Fv2%2Fcomments&post=4863"}],"version-history":[{"count":8,"href":"https:\/\/kuwehi.de\/index.php?rest_route=\/wp\/v2\/pages\/4863\/revisions"}],"predecessor-version":[{"id":7100,"href":"https:\/\/kuwehi.de\/index.php?rest_route=\/wp\/v2\/pages\/4863\/revisions\/7100"}],"wp:featuredmedia":[{"embeddable":true,"href":"https:\/\/kuwehi.de\/index.php?rest_route=\/wp\/v2\/media\/4270"}],"wp:attachment":[{"href":"https:\/\/kuwehi.de\/index.php?rest_route=%2Fwp%2Fv2%2Fmedia&parent=4863"}],"curies":[{"name":"wp","href":"https:\/\/api.w.org\/{rel}","templated":true}]}}