{"id":4785,"date":"2022-03-14T13:13:28","date_gmt":"2022-03-14T12:13:28","guid":{"rendered":"https:\/\/kuwehi.de\/?page_id=4785"},"modified":"2022-03-14T13:18:51","modified_gmt":"2022-03-14T12:18:51","slug":"kleiner-wildbienenworkshop-fuer-erwachsene","status":"publish","type":"page","link":"https:\/\/kuwehi.de\/?page_id=4785","title":{"rendered":"Kleiner Wildbienenworkshop f\u00fcr Erwachsene"},"content":{"rendered":"<h1 style=\"text-align: left;\">\u00a0\u00a0\u00a0\u00a0\u00a0\u00a0\u00a0\u00a0\u00a0\u00a0\u00a0\u00a0 Kleiner Wildbienenworkshop<\/h1>\n<h3 style=\"text-align: left;\">\u00a0\u00a0\u00a0\u00a0\u00a0\u00a0\u00a0\u00a0\u00a0\u00a0\u00a0\u00a0\u00a0\u00a0\u00a0\u00a0\u00a0\u00a0\u00a0\u00a0\u00a0\u00a0\u00a0\u00a0\u00a0\u00a0\u00a0\u00a0 \u00a0\u00a0 Und das Bauen von Nisthilfen aus Ton<\/h3>\n<h3 style=\"text-align: left;\">\u00a0\u00a0\u00a0\u00a0\u00a0\u00a0\u00a0\u00a0\u00a0\u00a0\u00a0\u00a0\u00a0\u00a0\u00a0\u00a0\u00a0\u00a0\u00a0\u00a0\u00a0\u00a0\u00a0\u00a0\u00a0\u00a0\u00a0\u00a0\u00a0\u00a0\u00a0\u00a0\u00a0\u00a0\u00a0\u00a0\u00a0\u00a0\u00a0\u00a0\u00a0\u00a0 \u00a0\u00a0 mit Anke Scholz<\/h3>\n<h5><img fetchpriority=\"high\" decoding=\"async\" class=\" wp-image-4506 alignright\" src=\"https:\/\/kuwehi.de\/wp-content\/uploads\/2022\/01\/Bienenstein2Rechteck-laengs-jpg-1-103x300.jpg\" alt=\"\" width=\"156\" height=\"455\" srcset=\"https:\/\/kuwehi.de\/wp-content\/uploads\/2022\/01\/Bienenstein2Rechteck-laengs-jpg-1-103x300.jpg 103w, https:\/\/kuwehi.de\/wp-content\/uploads\/2022\/01\/Bienenstein2Rechteck-laengs-jpg-1-351x1024.jpg 351w, https:\/\/kuwehi.de\/wp-content\/uploads\/2022\/01\/Bienenstein2Rechteck-laengs-jpg-1-526x1536.jpg 526w, https:\/\/kuwehi.de\/wp-content\/uploads\/2022\/01\/Bienenstein2Rechteck-laengs-jpg-1.jpg 540w\" sizes=\"(max-width: 156px) 100vw, 156px\" \/>Immer wieder h\u00f6rt man vom Insektensterben, aber was hat es damit auf sich? Und vor<br \/>\nallem: Was k\u00f6nnen wir dazu beitragen, die kleinen Summer zu unterst\u00fctzen?<br \/>\nWildbienen brauchen Schutz! Wer das genau so sieht, kann in unserem Workshop<br \/>\nfantastisches \u00fcber diese Bienen und ihre Lebensweise lernen. Unter anderem erfahren Sie,<br \/>\ndass manche der kleinen Helfer sich in Nisthilfen ansiedeln.<br \/>\nInsektenhotels aus Ton haben verschiedene Vorteile: Ton ist langlebig und nachhaltig,<br \/>\nMeisen und Spechte k\u00f6nnen die Nisthilfen nicht aufhacken, so ist die Wildbienenbrut<br \/>\noptimal gesch\u00fctzt. Au\u00dferdem macht es viel Spa\u00df, mit Ton kreativ zu werden und eine<br \/>\nNisthilfe zu gestalten.<\/h5>\n<h5>In unserem Kurs k\u00f6nnen Niststeine f\u00fcr Solit\u00e4r-Bienen und Wespen in unterschiedlichen<br \/>\nGr\u00f6\u00dfen und ansprechendem Design entstehen. Und wir lernen vieles dar\u00fcber kennen,<br \/>\nworauf es bei dauerhafter und erfolgreicher Hilfe ankommt.<\/h5>\n<h5>Termin: Sonntag, den 03. April 2022 von 11 \u2013 14 Uhr<\/h5>\n<h5>Kursgeb\u00fchr: 35 \u20ac (Bitte \u00fcberweisen) + Material (Bitte direkt bei der Workshopleiterin bezahlen)<\/h5>\n<h5><\/h5>\n<h5 style=\"text-align: left;\"><span style=\"color: #ff9900;\">\u00a0\u00a0\u00a0\u00a0\u00a0\u00a0\u00a0\u00a0\u00a0\u00a0\u00a0\u00a0\u00a0\u00a0\u00a0\u00a0\u00a0\u00a0\u00a0\u00a0\u00a0\u00a0\u00a0\u00a0 \u00a0 \u00a0 \u00a0 \u00a0 \u00a0 \u00a0 \u00a0\u00a0 \u00a0 \u00a0\u00a0 \u00a0\u00a0\u00a0\u00a0\u00a0\u00a0<a style=\"color: #ff9900;\" href=\"https:\/\/kuwehi.de\/?tribe_events=kleiner-wildbienenworkshop\"> &gt; Zur Anmeldung &lt;<\/a><\/span><\/h5>\n<p>&nbsp;<\/p>\n","protected":false},"excerpt":{"rendered":"<p>\u00a0\u00a0\u00a0\u00a0\u00a0\u00a0\u00a0\u00a0\u00a0\u00a0\u00a0\u00a0 Kleiner Wildbienenworkshop \u00a0\u00a0\u00a0\u00a0\u00a0\u00a0\u00a0\u00a0\u00a0\u00a0\u00a0\u00a0\u00a0\u00a0\u00a0\u00a0\u00a0\u00a0\u00a0\u00a0\u00a0\u00a0\u00a0\u00a0\u00a0\u00a0\u00a0\u00a0 \u00a0\u00a0 Und das Bauen von Nisthilfen aus Ton \u00a0\u00a0\u00a0\u00a0\u00a0\u00a0\u00a0\u00a0\u00a0\u00a0\u00a0\u00a0\u00a0\u00a0\u00a0\u00a0\u00a0\u00a0\u00a0\u00a0\u00a0\u00a0\u00a0\u00a0\u00a0\u00a0\u00a0\u00a0\u00a0\u00a0\u00a0\u00a0\u00a0\u00a0\u00a0\u00a0\u00a0\u00a0\u00a0\u00a0\u00a0\u00a0 \u00a0\u00a0 mit Anke Scholz Immer wieder h\u00f6rt&hellip;<\/p>\n","protected":false},"author":1,"featured_media":4503,"parent":0,"menu_order":0,"comment_status":"closed","ping_status":"closed","template":"","meta":{"_price":"","_stock":"","_tribe_ticket_header":"","_tribe_default_ticket_provider":"","_tribe_ticket_capacity":"0","_ticket_start_date":"","_ticket_end_date":"","_tribe_ticket_show_description":"","_tribe_ticket_show_not_going":false,"_tribe_ticket_use_global_stock":"","_tribe_ticket_global_stock_level":"","_global_stock_mode":"","_global_stock_cap":"","_tribe_rsvp_for_event":"","_tribe_ticket_going_count":"","_tribe_ticket_not_going_count":"","_tribe_tickets_list":"[]","_tribe_ticket_has_attendee_info_fields":false,"footnotes":"","_tec_slr_enabled":"","_tec_slr_layout":""},"class_list":["post-4785","page","type-page","status-publish","has-post-thumbnail","hentry"],"ticketed":false,"_links":{"self":[{"href":"https:\/\/kuwehi.de\/index.php?rest_route=\/wp\/v2\/pages\/4785","targetHints":{"allow":["GET"]}}],"collection":[{"href":"https:\/\/kuwehi.de\/index.php?rest_route=\/wp\/v2\/pages"}],"about":[{"href":"https:\/\/kuwehi.de\/index.php?rest_route=\/wp\/v2\/types\/page"}],"author":[{"embeddable":true,"href":"https:\/\/kuwehi.de\/index.php?rest_route=\/wp\/v2\/users\/1"}],"replies":[{"embeddable":true,"href":"https:\/\/kuwehi.de\/index.php?rest_route=%2Fwp%2Fv2%2Fcomments&post=4785"}],"version-history":[{"count":14,"href":"https:\/\/kuwehi.de\/index.php?rest_route=\/wp\/v2\/pages\/4785\/revisions"}],"predecessor-version":[{"id":4801,"href":"https:\/\/kuwehi.de\/index.php?rest_route=\/wp\/v2\/pages\/4785\/revisions\/4801"}],"wp:featuredmedia":[{"embeddable":true,"href":"https:\/\/kuwehi.de\/index.php?rest_route=\/wp\/v2\/media\/4503"}],"wp:attachment":[{"href":"https:\/\/kuwehi.de\/index.php?rest_route=%2Fwp%2Fv2%2Fmedia&parent=4785"}],"curies":[{"name":"wp","href":"https:\/\/api.w.org\/{rel}","templated":true}]}}