{"id":4746,"date":"2022-03-01T20:01:38","date_gmt":"2022-03-01T19:01:38","guid":{"rendered":"https:\/\/kuwehi.de\/?page_id=4746"},"modified":"2022-03-01T20:03:01","modified_gmt":"2022-03-01T19:03:01","slug":"auf-heimischen-wegen-lesung-mit-dagmar-hoener","status":"publish","type":"page","link":"https:\/\/kuwehi.de\/?page_id=4746","title":{"rendered":"Auf heimischen Wegen: Lesung mit Dagmar H\u00f6ner"},"content":{"rendered":"<p><img fetchpriority=\"high\" decoding=\"async\" class=\"alignleft wp-image-4731 size-full\" src=\"https:\/\/kuwehi.de\/wp-content\/uploads\/2022\/03\/Buchcover-2.jpg\" alt=\"\" width=\"299\" height=\"461\" srcset=\"https:\/\/kuwehi.de\/wp-content\/uploads\/2022\/03\/Buchcover-2.jpg 299w, https:\/\/kuwehi.de\/wp-content\/uploads\/2022\/03\/Buchcover-2-195x300.jpg 195w\" sizes=\"(max-width: 299px) 100vw, 299px\" \/><\/p>\n<p><span style=\"font-size: 18pt; font-family: helvetica;\">Pilgern \u2013 auch Jahre nach Hape Kerkelings Bestseller ist dieser Trend ungebrochen. Die meisten denken dabei an den spanischen Camino, an Santiago de Compostela und vielleicht an Finisterre, das Ende der Welt.<\/span><\/p>\n<p><span style=\"font-size: 18pt; font-family: helvetica;\">Doch pilgern kann man nicht nur unter s\u00fcdlicher Sonne \u2013 auch in Deutschland gibt es etliche Jakobswege, die zum spirituellen Wandern einladen; daneben viele regionale und lokale Pilgerstrecken mit ganz besonderem Reiz, der sich oft erst beim Gehen offenbart.<\/span><\/p>\n<p><span style=\"font-size: 18pt; font-family: helvetica;\">Das zumindest ist die Erkenntnis von Dagmar H\u00f6ner, die einen Sommer lang auf Pilgerwegen ihre Heimat Nordrhein-Westfalen und das benachbarte Niedersachsen erkundete.<\/span><\/p>\n<p><span style=\"font-size: 18pt; font-family: helvetica;\">Eine nicht ganz freiwillige Entscheidung, denn eigentlich sollte es laut Plan auf den Camino franc\u00e9s gehen. Doch die Corona-Beschr\u00e4nkungen lie\u00dfen das spanische Pilgerziel in weite Ferne r\u00fccken \u2013 die einzig sinnvolle Alternative schien der Autorin, vor der Haust\u00fcr zu laufen.\u00a0<\/span><\/p>\n<p><span style=\"font-size: 18pt; font-family: helvetica;\">\u201ePilgern auf heimischen Wegen\u201c \u2013 das klang zun\u00e4chst nicht nach Abenteuer und Freiheit, nicht nach bewusstseinserweiternder Spiritualit\u00e4t, exotischen Mitpilgern und Pilgermen\u00fcs in internationaler Runde. Und tats\u00e4chlich war das Pilgern in der Mitte Deutschlands nicht zu vergleichen mit dem Erlaufen eines spanischen Caminos, mangelte es doch an Mitpilgern und Herbergen.<\/span><\/p>\n<p><span style=\"font-size: 18pt; font-family: helvetica;\">Und trotzdem \u2013 so die Erkenntnis von Dagmar H\u00f6ner &#8211; waren gerade die heimischen Wege jeden Meter wert, den man lief, denn aus ungewohnter Pilger-Perspektive wurde die Heimat pl\u00f6tzlich zu einem Abenteuerland mit vielen \u00fcberraschenden Facetten.<\/span><\/p>\n<p><span style=\"font-size: 18pt; font-family: helvetica;\">Die Regionen, die Dagmar H\u00f6ner auf ihren Touren durch den Teutoburger Wald und das Wiehengebirge, durch Sauer- und Siegerland, durch das Bergische, das M\u00fcnsterland und am Steinhuder Meer durchstreifte, erwiesen sich als Wundert\u00fcte. Das vermeintlich bekannte Terrain bot jede Menge Entdeckungen sowie eine Vielfalt an bereichernden Begegnungen, an erhellender Geschichte und spannenden Geschichten, die das Heimatbild der Autorin neu definierten.<\/span><\/p>\n<p><span style=\"font-size: 18pt; font-family: helvetica;\">Auf heimischen Wegen staunte Dagmar H\u00f6ner nicht nur \u00fcber Moore und Karstlandschaften, \u00fcber Vulkane, riesige Quell- und Binnensalzgebiete, sondern sie lie\u00df sich auch von monumentalen Mausoleen begeistern, von fantastischen Aussichtspunkten in luftiger H\u00f6he sowie entz\u00fcckenden mittelalterlichen St\u00e4dtchen und M\u00e4rchenschl\u00f6ssern.<\/span><\/p>\n<p><span style=\"font-size: 18pt; font-family: helvetica;\">Doch auch die Begegnung mit Pilgerwege-Macherinnen, mit au\u00dfergew\u00f6hnlichen Glaubensgemeinschaften sowie das \u00dcbernachten in besonderen Unterk\u00fcnften machten das Erpilgern der Heimat zu einem kleinen Abenteuer. Daneben lag der Reiz der Entdeckungs- und Erlebnisreise auf heimischen Wegen in der Erkundung wunderbarer Klosterg\u00e4rten, romantischer B\u00e4derarchitektur und weitl\u00e4ufiger Parklandschaften.<\/span><\/p>\n<p><span style=\"font-size: 18pt; font-family: helvetica;\">Ferner zeigte die Auseinandersetzung mit lokalen Heiligen und au\u00dfergew\u00f6hnlichen Pers\u00f6nlichkeiten weitere, bis dato unbekannte Facetten der Heimat auf.<\/span><\/p>\n<p>&nbsp;<\/p>\n<p><span style=\"font-size: 18pt; font-family: helvetica;\">\u201ePilgern auf heimischen Wegen\u201c \u2013 eine lohnenswerte Erfahrung also, die von einer Notl\u00f6sung zu einer Bereicherung wurde. Eine lohnenswerte Erfahrung, die die Autorin jedem ans Herz legt, der ein Abenteuer vor der Haust\u00fcr erleben m\u00f6chte.<\/span><\/p>\n<p>&nbsp;<\/p>\n<p><span style=\"font-size: 18pt; font-family: helvetica;\">Die Erlebnisse und Erkenntnisse der Pilgertouren sind in ein Buch eingeflossen: \u201eAuf heimischen Wegen: Pilgern zwischen Rhein und Weser\u201c ist jetzt im Reisebuch Verlag erschienen.<\/span><\/p>\n<h6 style=\"text-align: center;\"><span style=\"color: #000000;\"><a style=\"color: #000000;\" href=\"https:\/\/kuwehi.de\/?page_id=4725\"><span style=\"font-family: helvetica;\">&gt; zur\u00fcck &lt;<\/span><\/a><\/span><\/h6>\n","protected":false},"excerpt":{"rendered":"<p>Pilgern \u2013 auch Jahre nach Hape Kerkelings Bestseller ist dieser Trend ungebrochen. Die meisten denken dabei an den spanischen Camino,&hellip;<\/p>\n","protected":false},"author":1,"featured_media":4733,"parent":0,"menu_order":0,"comment_status":"closed","ping_status":"closed","template":"","meta":{"_price":"","_stock":"","_tribe_ticket_header":"","_tribe_default_ticket_provider":"","_tribe_ticket_capacity":"0","_ticket_start_date":"","_ticket_end_date":"","_tribe_ticket_show_description":"","_tribe_ticket_show_not_going":false,"_tribe_ticket_use_global_stock":"","_tribe_ticket_global_stock_level":"","_global_stock_mode":"","_global_stock_cap":"","_tribe_rsvp_for_event":"","_tribe_ticket_going_count":"","_tribe_ticket_not_going_count":"","_tribe_tickets_list":"[]","_tribe_ticket_has_attendee_info_fields":false,"footnotes":"","_tec_slr_enabled":"","_tec_slr_layout":""},"class_list":["post-4746","page","type-page","status-publish","has-post-thumbnail","hentry"],"ticketed":false,"_links":{"self":[{"href":"https:\/\/kuwehi.de\/index.php?rest_route=\/wp\/v2\/pages\/4746","targetHints":{"allow":["GET"]}}],"collection":[{"href":"https:\/\/kuwehi.de\/index.php?rest_route=\/wp\/v2\/pages"}],"about":[{"href":"https:\/\/kuwehi.de\/index.php?rest_route=\/wp\/v2\/types\/page"}],"author":[{"embeddable":true,"href":"https:\/\/kuwehi.de\/index.php?rest_route=\/wp\/v2\/users\/1"}],"replies":[{"embeddable":true,"href":"https:\/\/kuwehi.de\/index.php?rest_route=%2Fwp%2Fv2%2Fcomments&post=4746"}],"version-history":[{"count":5,"href":"https:\/\/kuwehi.de\/index.php?rest_route=\/wp\/v2\/pages\/4746\/revisions"}],"predecessor-version":[{"id":4751,"href":"https:\/\/kuwehi.de\/index.php?rest_route=\/wp\/v2\/pages\/4746\/revisions\/4751"}],"wp:featuredmedia":[{"embeddable":true,"href":"https:\/\/kuwehi.de\/index.php?rest_route=\/wp\/v2\/media\/4733"}],"wp:attachment":[{"href":"https:\/\/kuwehi.de\/index.php?rest_route=%2Fwp%2Fv2%2Fmedia&parent=4746"}],"curies":[{"name":"wp","href":"https:\/\/api.w.org\/{rel}","templated":true}]}}