{"id":4505,"date":"2022-01-25T12:31:09","date_gmt":"2022-01-25T11:31:09","guid":{"rendered":"https:\/\/kuwehi.de\/?page_id=4505"},"modified":"2022-03-14T13:04:32","modified_gmt":"2022-03-14T12:04:32","slug":"kleiner-wildbienenworkshop","status":"publish","type":"page","link":"https:\/\/kuwehi.de\/?page_id=4505","title":{"rendered":"Kleiner Wildbienenworkshop"},"content":{"rendered":"<h1><img fetchpriority=\"high\" decoding=\"async\" class=\" wp-image-4507 alignleft\" src=\"https:\/\/kuwehi.de\/wp-content\/uploads\/2022\/01\/Bienenstein2-Quadrat2.jpg\" alt=\"\" width=\"225\" height=\"226\" srcset=\"https:\/\/kuwehi.de\/wp-content\/uploads\/2022\/01\/Bienenstein2-Quadrat2.jpg 190w, https:\/\/kuwehi.de\/wp-content\/uploads\/2022\/01\/Bienenstein2-Quadrat2-150x150.jpg 150w\" sizes=\"(max-width: 225px) 100vw, 225px\" \/><span style=\"font-family: comic sans ms, sans-serif;\">Kleiner Wildbienenworkshop<\/span><\/h1>\n<h3><span style=\"font-family: comic sans ms, sans-serif;\">Und das Bauen von Nisthilfen aus Ton<\/span><\/h3>\n<h3><span style=\"font-family: comic sans ms, sans-serif;\"> mit Anke Scholz<\/span><\/h3>\n<h5><img decoding=\"async\" class=\" wp-image-4506 alignright\" src=\"https:\/\/kuwehi.de\/wp-content\/uploads\/2022\/01\/Bienenstein2Rechteck-laengs-jpg-1-103x300.jpg\" alt=\"\" width=\"156\" height=\"455\" srcset=\"https:\/\/kuwehi.de\/wp-content\/uploads\/2022\/01\/Bienenstein2Rechteck-laengs-jpg-1-103x300.jpg 103w, https:\/\/kuwehi.de\/wp-content\/uploads\/2022\/01\/Bienenstein2Rechteck-laengs-jpg-1-351x1024.jpg 351w, https:\/\/kuwehi.de\/wp-content\/uploads\/2022\/01\/Bienenstein2Rechteck-laengs-jpg-1-526x1536.jpg 526w, https:\/\/kuwehi.de\/wp-content\/uploads\/2022\/01\/Bienenstein2Rechteck-laengs-jpg-1.jpg 540w\" sizes=\"(max-width: 156px) 100vw, 156px\" \/><span style=\"font-family: comic sans ms, sans-serif;\">Immer wieder h\u00f6rt man vom Insektensterben, aber was hat es damit auf sich? Und vor<\/span><br \/>\n<span style=\"font-family: comic sans ms, sans-serif;\">allem: Was k\u00f6nnen wir dazu beitragen, die kleinen Summer zu unterst\u00fctzen?<\/span><br \/>\n<span style=\"font-family: comic sans ms, sans-serif;\">Wildbienen brauchen Schutz! Wer das genau so sieht, kann in unserem Workshop<\/span><br \/>\n<span style=\"font-family: comic sans ms, sans-serif;\">fantastisches \u00fcber diese Bienen und ihre Lebensweise lernen. Unter anderem erfahren Sie,<\/span><br \/>\n<span style=\"font-family: comic sans ms, sans-serif;\">dass manche der kleinen Helfer sich in Nisthilfen ansiedeln.<\/span><br \/>\n<span style=\"font-family: comic sans ms, sans-serif;\">Insektenhotels aus Ton haben verschiedene Vorteile: Ton ist langlebig und nachhaltig,<\/span><br \/>\n<span style=\"font-family: comic sans ms, sans-serif;\">Meisen und Spechte k\u00f6nnen die Nisthilfen nicht aufhacken, so ist die Wildbienenbrut<\/span><br \/>\n<span style=\"font-family: comic sans ms, sans-serif;\">optimal gesch\u00fctzt. Au\u00dferdem macht es viel Spa\u00df, mit Ton kreativ zu werden und eine<\/span><br \/>\n<span style=\"font-family: comic sans ms, sans-serif;\">Nisthilfe zu gestalten.<\/span><\/h5>\n<h5><span style=\"font-family: comic sans ms, sans-serif;\">In unserem Kurs k\u00f6nnen Niststeine f\u00fcr Solit\u00e4r-Bienen und Wespen in unterschiedlichen<\/span><br \/>\n<span style=\"font-family: comic sans ms, sans-serif;\">Gr\u00f6\u00dfen und ansprechendem Design entstehen. Und wir lernen vieles dar\u00fcber kennen,<\/span><br \/>\n<span style=\"font-family: comic sans ms, sans-serif;\">worauf es bei dauerhafter und erfolgreicher Hilfe ankommt.<\/span><\/h5>\n<h5 style=\"text-align: center;\"><span style=\"font-family: comic sans ms, sans-serif;\">Sonntag, den 13.M\u00e4rz 2022 von 11 \u2013 14 Uhr<\/span><br \/>\n<span style=\"font-family: comic sans ms, sans-serif;\">1 Erwachsener mit einem Kind ab 10 Jahren<\/span><br \/>\n<span style=\"font-family: comic sans ms, sans-serif;\">Kursgeb\u00fchr: 35 \u20ac (Bitte \u00fcberweisen) + Material (Bitte direkt bei der Workshopleiterin bezahlen)<\/span><\/h5>\n<h5 style=\"text-align: center;\"><span style=\"font-family: comic sans ms, sans-serif;\">Begrenzt auf 6 Paare. Bitte melden sie sich mit ihrem Kind gemeinsam auf einem Anmeldeformular an.<\/span><\/h5>\n<h5 style=\"text-align: center;\"><span style=\"color: #ffcc00;\"><strong><span style=\"color: #ffcc99;\">&gt; Zur Anmeldung &lt;<\/span><\/strong><\/span><\/h5>\n","protected":false},"excerpt":{"rendered":"<p>Kleiner Wildbienenworkshop Und das Bauen von Nisthilfen aus Ton mit Anke Scholz Immer wieder h\u00f6rt man vom Insektensterben, aber was&hellip;<\/p>\n","protected":false},"author":1,"featured_media":4503,"parent":0,"menu_order":0,"comment_status":"closed","ping_status":"closed","template":"","meta":{"_price":"","_stock":"","_tribe_ticket_header":"","_tribe_default_ticket_provider":"","_tribe_ticket_capacity":"0","_ticket_start_date":"","_ticket_end_date":"","_tribe_ticket_show_description":"","_tribe_ticket_show_not_going":false,"_tribe_ticket_use_global_stock":"","_tribe_ticket_global_stock_level":"","_global_stock_mode":"","_global_stock_cap":"","_tribe_rsvp_for_event":"","_tribe_ticket_going_count":"","_tribe_ticket_not_going_count":"","_tribe_tickets_list":"[]","_tribe_ticket_has_attendee_info_fields":false,"footnotes":"","_tec_slr_enabled":"","_tec_slr_layout":""},"class_list":["post-4505","page","type-page","status-publish","has-post-thumbnail","hentry"],"ticketed":false,"_links":{"self":[{"href":"https:\/\/kuwehi.de\/index.php?rest_route=\/wp\/v2\/pages\/4505","targetHints":{"allow":["GET"]}}],"collection":[{"href":"https:\/\/kuwehi.de\/index.php?rest_route=\/wp\/v2\/pages"}],"about":[{"href":"https:\/\/kuwehi.de\/index.php?rest_route=\/wp\/v2\/types\/page"}],"author":[{"embeddable":true,"href":"https:\/\/kuwehi.de\/index.php?rest_route=\/wp\/v2\/users\/1"}],"replies":[{"embeddable":true,"href":"https:\/\/kuwehi.de\/index.php?rest_route=%2Fwp%2Fv2%2Fcomments&post=4505"}],"version-history":[{"count":21,"href":"https:\/\/kuwehi.de\/index.php?rest_route=\/wp\/v2\/pages\/4505\/revisions"}],"predecessor-version":[{"id":4784,"href":"https:\/\/kuwehi.de\/index.php?rest_route=\/wp\/v2\/pages\/4505\/revisions\/4784"}],"wp:featuredmedia":[{"embeddable":true,"href":"https:\/\/kuwehi.de\/index.php?rest_route=\/wp\/v2\/media\/4503"}],"wp:attachment":[{"href":"https:\/\/kuwehi.de\/index.php?rest_route=%2Fwp%2Fv2%2Fmedia&parent=4505"}],"curies":[{"name":"wp","href":"https:\/\/api.w.org\/{rel}","templated":true}]}}