{"id":4312,"date":"2022-01-15T18:35:23","date_gmt":"2022-01-15T17:35:23","guid":{"rendered":"https:\/\/kuwehi.de\/?page_id=4312"},"modified":"2024-01-02T23:28:09","modified_gmt":"2024-01-02T22:28:09","slug":"maerchenbilder-in-aquarell","status":"publish","type":"page","link":"https:\/\/kuwehi.de\/?page_id=4312","title":{"rendered":"M\u00e4rchenbilder in Aquarell"},"content":{"rendered":"<h3 style=\"text-align: center;\"><span style=\"color: #ff0000;\"><strong>Samstagswerkstatt (NUR 8 \u20ac)<\/strong><\/span><\/h3>\n<h1 style=\"text-align: center;\"><strong>M\u00e4rchenbilder in Aquarell<\/strong><\/h1>\n<h3 style=\"text-align: center;\"><strong>mit Ingrid Kerber<\/strong><\/h3>\n<h3 style=\"text-align: center;\"><strong>(f\u00fcr 6- bis 10- J\u00e4hrige)<\/strong><\/h3>\n<p style=\"text-align: center;\"><img fetchpriority=\"high\" decoding=\"async\" class=\"wp-image-4310 alignleft\" src=\"https:\/\/kuwehi.de\/wp-content\/uploads\/2022\/01\/Rumpelstielzchen-Quadrat2-300x300.jpg\" alt=\"\" width=\"310\" height=\"310\" srcset=\"https:\/\/kuwehi.de\/wp-content\/uploads\/2022\/01\/Rumpelstielzchen-Quadrat2-300x300.jpg 300w, https:\/\/kuwehi.de\/wp-content\/uploads\/2022\/01\/Rumpelstielzchen-Quadrat2-1024x1024.jpg 1024w, https:\/\/kuwehi.de\/wp-content\/uploads\/2022\/01\/Rumpelstielzchen-Quadrat2-150x150.jpg 150w, https:\/\/kuwehi.de\/wp-content\/uploads\/2022\/01\/Rumpelstielzchen-Quadrat2-768x768.jpg 768w, https:\/\/kuwehi.de\/wp-content\/uploads\/2022\/01\/Rumpelstielzchen-Quadrat2-1536x1536.jpg 1536w, https:\/\/kuwehi.de\/wp-content\/uploads\/2022\/01\/Rumpelstielzchen-Quadrat2-2048x2048.jpg 2048w, https:\/\/kuwehi.de\/wp-content\/uploads\/2022\/01\/Rumpelstielzchen-Quadrat2-1600x1600.jpg 1600w\" sizes=\"(max-width: 310px) 100vw, 310px\" \/><\/p>\n<h5 style=\"text-align: left;\"><span style=\"font-size: 18pt;\">In den M\u00e4rchen werden unserer kleinen HeldInnen vor viele schwierige Aufgaben gestellt, sie durchleben alle Gef\u00fchle und am Ende l\u00f6sen sie das Problem. <\/span><\/h5>\n<h5 style=\"text-align: left;\"><span style=\"font-size: 18pt;\">Wir gehen mit ihnen durch &#8218;dick und d\u00fcnn&#8216; und versuchen dabei, die Spannung mit Farben umzusetzen, wir tauchen mit ihnen in ihre verzauberten Farbwelten ein.<\/span><\/h5>\n","protected":false},"excerpt":{"rendered":"<p>Samstagswerkstatt (NUR 8 \u20ac) M\u00e4rchenbilder in Aquarell mit Ingrid Kerber (f\u00fcr 6- bis 10- J\u00e4hrige) In den M\u00e4rchen werden unserer&hellip;<\/p>\n","protected":false},"author":1,"featured_media":4310,"parent":0,"menu_order":0,"comment_status":"closed","ping_status":"closed","template":"","meta":{"_price":"","_stock":"","_tribe_ticket_header":"","_tribe_default_ticket_provider":"","_tribe_ticket_capacity":"0","_ticket_start_date":"","_ticket_end_date":"","_tribe_ticket_show_description":"","_tribe_ticket_show_not_going":false,"_tribe_ticket_use_global_stock":"","_tribe_ticket_global_stock_level":"","_global_stock_mode":"","_global_stock_cap":"","_tribe_rsvp_for_event":"","_tribe_ticket_going_count":"","_tribe_ticket_not_going_count":"","_tribe_tickets_list":"[]","_tribe_ticket_has_attendee_info_fields":false,"footnotes":"","_tec_slr_enabled":"","_tec_slr_layout":""},"class_list":["post-4312","page","type-page","status-publish","has-post-thumbnail","hentry"],"ticketed":false,"_links":{"self":[{"href":"https:\/\/kuwehi.de\/index.php?rest_route=\/wp\/v2\/pages\/4312","targetHints":{"allow":["GET"]}}],"collection":[{"href":"https:\/\/kuwehi.de\/index.php?rest_route=\/wp\/v2\/pages"}],"about":[{"href":"https:\/\/kuwehi.de\/index.php?rest_route=\/wp\/v2\/types\/page"}],"author":[{"embeddable":true,"href":"https:\/\/kuwehi.de\/index.php?rest_route=\/wp\/v2\/users\/1"}],"replies":[{"embeddable":true,"href":"https:\/\/kuwehi.de\/index.php?rest_route=%2Fwp%2Fv2%2Fcomments&post=4312"}],"version-history":[{"count":12,"href":"https:\/\/kuwehi.de\/index.php?rest_route=\/wp\/v2\/pages\/4312\/revisions"}],"predecessor-version":[{"id":8126,"href":"https:\/\/kuwehi.de\/index.php?rest_route=\/wp\/v2\/pages\/4312\/revisions\/8126"}],"wp:featuredmedia":[{"embeddable":true,"href":"https:\/\/kuwehi.de\/index.php?rest_route=\/wp\/v2\/media\/4310"}],"wp:attachment":[{"href":"https:\/\/kuwehi.de\/index.php?rest_route=%2Fwp%2Fv2%2Fmedia&parent=4312"}],"curies":[{"name":"wp","href":"https:\/\/api.w.org\/{rel}","templated":true}]}}