{"id":4220,"date":"2022-01-03T18:43:53","date_gmt":"2022-01-03T17:43:53","guid":{"rendered":"https:\/\/kuwehi.de\/?page_id=4220"},"modified":"2023-01-23T10:09:14","modified_gmt":"2023-01-23T09:09:14","slug":"hoelenmalerei-und-felsritzungen","status":"publish","type":"page","link":"https:\/\/kuwehi.de\/?page_id=4220","title":{"rendered":"H\u00f6hlenmalerei und Felsritzungen"},"content":{"rendered":"<h3 style=\"text-align: center;\"><strong><span style=\"font-family: comic sans ms, sans-serif; color: #ff0000;\">Samstagswerkstatt<br \/>\n<\/span><\/strong><\/h3>\n<h1 style=\"text-align: center;\"><span style=\"font-family: comic sans ms, sans-serif;\">H\u00f6hlenmalerei und Felsritzungen<\/span><\/h1>\n<h5 style=\"text-align: center;\">mit Andrea Mallwitz-Jander<\/h5>\n<h5 style=\"text-align: center;\">(ab 8 Jahren)<\/h5>\n<h5><img fetchpriority=\"high\" decoding=\"async\" class=\"alignleft size-full wp-image-4250\" src=\"https:\/\/kuwehi.de\/wp-content\/uploads\/2022\/01\/Hoelenmalerei-Schieferplatte-Quadrat.png\" alt=\"\" width=\"260\" height=\"259\" srcset=\"https:\/\/kuwehi.de\/wp-content\/uploads\/2022\/01\/Hoelenmalerei-Schieferplatte-Quadrat.png 260w, https:\/\/kuwehi.de\/wp-content\/uploads\/2022\/01\/Hoelenmalerei-Schieferplatte-Quadrat-150x150.png 150w\" sizes=\"(max-width: 260px) 100vw, 260px\" \/>Erdfarben, Wasser, Borstenpinsel und Holzkohle \u2013 mehr brauchten die Menschen damals nicht, um<img decoding=\"async\" class=\"size-medium wp-image-4228 alignright\" src=\"https:\/\/kuwehi.de\/wp-content\/uploads\/2022\/01\/Hoelenmalerei-Hirsch1Quadrat-300x300.png\" alt=\"\" width=\"300\" height=\"300\" srcset=\"https:\/\/kuwehi.de\/wp-content\/uploads\/2022\/01\/Hoelenmalerei-Hirsch1Quadrat-300x300.png 300w, https:\/\/kuwehi.de\/wp-content\/uploads\/2022\/01\/Hoelenmalerei-Hirsch1Quadrat-150x150.png 150w, https:\/\/kuwehi.de\/wp-content\/uploads\/2022\/01\/Hoelenmalerei-Hirsch1Quadrat.png 378w\" sizes=\"(max-width: 300px) 100vw, 300px\" \/><br \/>\nwundersch\u00f6ne H\u00f6hlenmalereien herzustellen. Sie sind zum Teil \u00e4lter als 20.000 Jahre und dienen uns als Vorbilder f\u00fcr eigene kleine Kunstwerke auf selbst hergestellten Felsw\u00e4nden.<\/h5>\n<h5>Die Felsritzungen entstehen mit Feuersteinen auf Schieferplatten.<\/h5>\n<p>&nbsp;<\/p>\n<h5 style=\"text-align: center;\"><span style=\"color: #993300;\">\u00a0\u00a0\u00a0\u00a0\u00a0\u00a0\u00a0\u00a0\u00a0\u00a0\u00a0 \u00a0 \u00a0\u00a0 \u00a0\u00a0 <\/span><\/h5>\n","protected":false},"excerpt":{"rendered":"<p>Samstagswerkstatt H\u00f6hlenmalerei und Felsritzungen mit Andrea Mallwitz-Jander (ab 8 Jahren) Erdfarben, Wasser, Borstenpinsel und Holzkohle \u2013 mehr brauchten die Menschen&hellip;<\/p>\n","protected":false},"author":1,"featured_media":4249,"parent":0,"menu_order":0,"comment_status":"closed","ping_status":"closed","template":"","meta":{"_price":"","_stock":"","_tribe_ticket_header":"","_tribe_default_ticket_provider":"","_tribe_ticket_capacity":"0","_ticket_start_date":"","_ticket_end_date":"","_tribe_ticket_show_description":"","_tribe_ticket_show_not_going":false,"_tribe_ticket_use_global_stock":"","_tribe_ticket_global_stock_level":"","_global_stock_mode":"","_global_stock_cap":"","_tribe_rsvp_for_event":"","_tribe_ticket_going_count":"","_tribe_ticket_not_going_count":"","_tribe_tickets_list":"[]","_tribe_ticket_has_attendee_info_fields":false,"footnotes":"","_tec_slr_enabled":"","_tec_slr_layout":""},"class_list":["post-4220","page","type-page","status-publish","has-post-thumbnail","hentry"],"ticketed":false,"_links":{"self":[{"href":"https:\/\/kuwehi.de\/index.php?rest_route=\/wp\/v2\/pages\/4220","targetHints":{"allow":["GET"]}}],"collection":[{"href":"https:\/\/kuwehi.de\/index.php?rest_route=\/wp\/v2\/pages"}],"about":[{"href":"https:\/\/kuwehi.de\/index.php?rest_route=\/wp\/v2\/types\/page"}],"author":[{"embeddable":true,"href":"https:\/\/kuwehi.de\/index.php?rest_route=\/wp\/v2\/users\/1"}],"replies":[{"embeddable":true,"href":"https:\/\/kuwehi.de\/index.php?rest_route=%2Fwp%2Fv2%2Fcomments&post=4220"}],"version-history":[{"count":36,"href":"https:\/\/kuwehi.de\/index.php?rest_route=\/wp\/v2\/pages\/4220\/revisions"}],"predecessor-version":[{"id":6588,"href":"https:\/\/kuwehi.de\/index.php?rest_route=\/wp\/v2\/pages\/4220\/revisions\/6588"}],"wp:featuredmedia":[{"embeddable":true,"href":"https:\/\/kuwehi.de\/index.php?rest_route=\/wp\/v2\/media\/4249"}],"wp:attachment":[{"href":"https:\/\/kuwehi.de\/index.php?rest_route=%2Fwp%2Fv2%2Fmedia&parent=4220"}],"curies":[{"name":"wp","href":"https:\/\/api.w.org\/{rel}","templated":true}]}}