{"id":3920,"date":"2021-09-14T22:56:25","date_gmt":"2021-09-14T20:56:25","guid":{"rendered":"https:\/\/kuwehi.de\/?page_id=3920"},"modified":"2023-01-23T10:13:54","modified_gmt":"2023-01-23T09:13:54","slug":"papierschoepfen-zur-adventszeit","status":"publish","type":"page","link":"https:\/\/kuwehi.de\/?page_id=3920","title":{"rendered":"Papiersch\u00f6pfen zur Adventszeit"},"content":{"rendered":"<h3 style=\"text-align: center;\"><span style=\"color: #ff0000;\"><strong>SAMSTAGSWERKSTATT<br \/>\n<\/strong><\/span><\/h3>\n<h1 style=\"text-align: center;\"><strong>Papiersch\u00f6pfen zur Adventszeit<br \/>\n<\/strong><\/h1>\n<h3 style=\"text-align: center;\">mit Andrea Mallwitz-Jander<\/h3>\n<h5 style=\"text-align: center;\">(6 &#8211; 10 Jahre)<\/h5>\n<h5 style=\"text-align: center;\"><strong>Aus buntem Altpapier stellen wir einen Faserbrei her, aus dem handgesch\u00f6pftes Papier entsteht.<\/strong><\/h5>\n<h5 style=\"text-align: center;\"><strong>Durch das Einsch\u00f6pfen von getrockneten Bl\u00fcten, Bl\u00e4ttern und Glitzerpapier entstehen weihnachtliche Papiere, die ihr gut zum Gestalten von Weihnachtskarten verwenden k\u00f6nnt. Vielleicht rahmt ihr sie aber auch oder klebt Collagen daraus und habt direkt ein Geschenk f\u00fcr eure Liebsten.<\/strong><\/h5>\n<h5 style=\"text-align: center;\"><strong>Das ist umweltfreundlich und sieht auch toll aus!<\/strong><\/h5>\n","protected":false},"excerpt":{"rendered":"<p>SAMSTAGSWERKSTATT Papiersch\u00f6pfen zur Adventszeit mit Andrea Mallwitz-Jander (6 &#8211; 10 Jahre) Aus buntem Altpapier stellen wir einen Faserbrei her, aus&hellip;<\/p>\n","protected":false},"author":1,"featured_media":2266,"parent":0,"menu_order":0,"comment_status":"closed","ping_status":"closed","template":"","meta":{"_price":"","_stock":"","_tribe_ticket_header":"","_tribe_default_ticket_provider":"","_tribe_ticket_capacity":"0","_ticket_start_date":"","_ticket_end_date":"","_tribe_ticket_show_description":"","_tribe_ticket_show_not_going":false,"_tribe_ticket_use_global_stock":"","_tribe_ticket_global_stock_level":"","_global_stock_mode":"","_global_stock_cap":"","_tribe_rsvp_for_event":"","_tribe_ticket_going_count":"","_tribe_ticket_not_going_count":"","_tribe_tickets_list":"[]","_tribe_ticket_has_attendee_info_fields":false,"footnotes":"","_tec_slr_enabled":"","_tec_slr_layout":""},"class_list":["post-3920","page","type-page","status-publish","has-post-thumbnail","hentry"],"ticketed":false,"_links":{"self":[{"href":"https:\/\/kuwehi.de\/index.php?rest_route=\/wp\/v2\/pages\/3920","targetHints":{"allow":["GET"]}}],"collection":[{"href":"https:\/\/kuwehi.de\/index.php?rest_route=\/wp\/v2\/pages"}],"about":[{"href":"https:\/\/kuwehi.de\/index.php?rest_route=\/wp\/v2\/types\/page"}],"author":[{"embeddable":true,"href":"https:\/\/kuwehi.de\/index.php?rest_route=\/wp\/v2\/users\/1"}],"replies":[{"embeddable":true,"href":"https:\/\/kuwehi.de\/index.php?rest_route=%2Fwp%2Fv2%2Fcomments&post=3920"}],"version-history":[{"count":5,"href":"https:\/\/kuwehi.de\/index.php?rest_route=\/wp\/v2\/pages\/3920\/revisions"}],"predecessor-version":[{"id":6590,"href":"https:\/\/kuwehi.de\/index.php?rest_route=\/wp\/v2\/pages\/3920\/revisions\/6590"}],"wp:featuredmedia":[{"embeddable":true,"href":"https:\/\/kuwehi.de\/index.php?rest_route=\/wp\/v2\/media\/2266"}],"wp:attachment":[{"href":"https:\/\/kuwehi.de\/index.php?rest_route=%2Fwp%2Fv2%2Fmedia&parent=3920"}],"curies":[{"name":"wp","href":"https:\/\/api.w.org\/{rel}","templated":true}]}}