{"id":3712,"date":"2021-09-02T11:25:30","date_gmt":"2021-09-02T09:25:30","guid":{"rendered":"https:\/\/kuwehi.de\/?page_id=3712"},"modified":"2024-01-02T23:29:28","modified_gmt":"2024-01-02T22:29:28","slug":"papierschoepfen-im-oktober-2","status":"publish","type":"page","link":"https:\/\/kuwehi.de\/?page_id=3712","title":{"rendered":"Papiersch\u00f6pfen"},"content":{"rendered":"<h3 style=\"text-align: center;\"><img fetchpriority=\"high\" decoding=\"async\" class=\"alignright size-medium wp-image-2684\" src=\"https:\/\/kuwehi.de\/wp-content\/uploads\/2021\/01\/PapierschoepfenSchoepfbrei2-rotated-e1611772479153-203x300.jpg\" alt=\"\" width=\"203\" height=\"300\" srcset=\"https:\/\/kuwehi.de\/wp-content\/uploads\/2021\/01\/PapierschoepfenSchoepfbrei2-rotated-e1611772479153-203x300.jpg 203w, https:\/\/kuwehi.de\/wp-content\/uploads\/2021\/01\/PapierschoepfenSchoepfbrei2-rotated-e1611772479153.jpg 679w\" sizes=\"(max-width: 203px) 100vw, 203px\" \/><\/h3>\n<h3 style=\"text-align: center;\"><span style=\"color: #ff0000;\"><strong>SAMSTAGSWERKSTATT<br \/>\n<\/strong><\/span><\/h3>\n<h1 style=\"text-align: center;\"><strong>Papiersch\u00f6pfen<br \/>\n<\/strong><\/h1>\n<h3 style=\"text-align: center;\">mit Andrea Mallwitz-Jander<\/h3>\n<h5 style=\"text-align: center;\">(ab 6 Jahre)<\/h5>\n<h5 style=\"text-align: center;\">Aus einfarbigen oder bunten Altpapieren, getrockneten Bl\u00fcten und Bl\u00e4ttern l\u00e4sst Du hier ganz umweltfreundlich handgesch\u00f6pfte Papiere entstehen. Vorher stellst Du selbst den dazu ben\u00f6tigten Faserbrei her. Mit etwas Geschick entsteht vielleicht sogar ein kleines B\u00fcchlein, das Du nach eigenen W\u00fcnschen weiter verwenden kannst.<\/h5>\n","protected":false},"excerpt":{"rendered":"<p>SAMSTAGSWERKSTATT Papiersch\u00f6pfen mit Andrea Mallwitz-Jander (ab 6 Jahre) Aus einfarbigen oder bunten Altpapieren, getrockneten Bl\u00fcten und Bl\u00e4ttern l\u00e4sst Du hier&hellip;<\/p>\n","protected":false},"author":1,"featured_media":2671,"parent":0,"menu_order":0,"comment_status":"closed","ping_status":"closed","template":"","meta":{"_price":"","_stock":"","_tribe_ticket_header":"","_tribe_default_ticket_provider":"","_tribe_ticket_capacity":"0","_ticket_start_date":"","_ticket_end_date":"","_tribe_ticket_show_description":"","_tribe_ticket_show_not_going":false,"_tribe_ticket_use_global_stock":"","_tribe_ticket_global_stock_level":"","_global_stock_mode":"","_global_stock_cap":"","_tribe_rsvp_for_event":"","_tribe_ticket_going_count":"","_tribe_ticket_not_going_count":"","_tribe_tickets_list":"[]","_tribe_ticket_has_attendee_info_fields":false,"footnotes":"","_tec_slr_enabled":"","_tec_slr_layout":""},"class_list":["post-3712","page","type-page","status-publish","has-post-thumbnail","hentry"],"ticketed":false,"_links":{"self":[{"href":"https:\/\/kuwehi.de\/index.php?rest_route=\/wp\/v2\/pages\/3712","targetHints":{"allow":["GET"]}}],"collection":[{"href":"https:\/\/kuwehi.de\/index.php?rest_route=\/wp\/v2\/pages"}],"about":[{"href":"https:\/\/kuwehi.de\/index.php?rest_route=\/wp\/v2\/types\/page"}],"author":[{"embeddable":true,"href":"https:\/\/kuwehi.de\/index.php?rest_route=\/wp\/v2\/users\/1"}],"replies":[{"embeddable":true,"href":"https:\/\/kuwehi.de\/index.php?rest_route=%2Fwp%2Fv2%2Fcomments&post=3712"}],"version-history":[{"count":7,"href":"https:\/\/kuwehi.de\/index.php?rest_route=\/wp\/v2\/pages\/3712\/revisions"}],"predecessor-version":[{"id":8127,"href":"https:\/\/kuwehi.de\/index.php?rest_route=\/wp\/v2\/pages\/3712\/revisions\/8127"}],"wp:featuredmedia":[{"embeddable":true,"href":"https:\/\/kuwehi.de\/index.php?rest_route=\/wp\/v2\/media\/2671"}],"wp:attachment":[{"href":"https:\/\/kuwehi.de\/index.php?rest_route=%2Fwp%2Fv2%2Fmedia&parent=3712"}],"curies":[{"name":"wp","href":"https:\/\/api.w.org\/{rel}","templated":true}]}}