{"id":361,"date":"2020-04-15T19:56:48","date_gmt":"2020-04-15T19:56:48","guid":{"rendered":"http:\/\/test.kuwehi.de\/?page_id=361"},"modified":"2026-02-17T19:01:03","modified_gmt":"2026-02-17T18:01:03","slug":"musik-und-bewegung","status":"publish","type":"page","link":"https:\/\/kuwehi.de\/?page_id=361","title":{"rendered":"Meditation, Bewegung und Entspannung in der Kulturwerkstatt"},"content":{"rendered":"<h5>Aufgrund unseres Umzuges in die Sonntagstra\u00dfe sind wir aktuell noch in der Planung, welche Angebote f\u00fcr Erwachsene m\u00f6glich sind.<\/h5>\r\n<h5>Folgen Sie uns gerne auf Instagram, um keine Neuigkeiten zu verpassen!<\/h5>\r\n<h5><a href=\"https:\/\/www.instagram.com\/kulturwerkstatt_hiddenhausen\/\"><img decoding=\"async\" class=\"wp-image-10714 alignleft\" src=\"https:\/\/kuwehi.de\/wp-content\/uploads\/2025\/08\/Instagram-Icon.jpg\" alt=\"\" width=\"28\" height=\"26\" srcset=\"https:\/\/kuwehi.de\/wp-content\/uploads\/2025\/08\/Instagram-Icon.jpg 158w, https:\/\/kuwehi.de\/wp-content\/uploads\/2025\/08\/Instagram-Icon-150x141.jpg 150w\" sizes=\"(max-width: 28px) 100vw, 28px\" \/><\/a><\/h5>\r\n\r\n<p><a href=\"https:\/\/www.instagram.com\/kulturwerkstatt_hiddenhausen\/\"><span style=\"color: #000000;\">kulturwerkstatt_hiddenhausen<\/span><\/a><\/p>","protected":false},"excerpt":{"rendered":"<p>Aufgrund unseres Umzuges in die Sonntagstra\u00dfe sind wir aktuell noch in der Planung, welche Angebote f\u00fcr Erwachsene m\u00f6glich sind. Folgen&hellip;<\/p>\n","protected":false},"author":1,"featured_media":951,"parent":0,"menu_order":0,"comment_status":"closed","ping_status":"closed","template":"","meta":{"_price":"","_stock":"","_tribe_ticket_header":"","_tribe_default_ticket_provider":"","_tribe_ticket_capacity":"0","_ticket_start_date":"","_ticket_end_date":"","_tribe_ticket_show_description":"","_tribe_ticket_show_not_going":false,"_tribe_ticket_use_global_stock":"","_tribe_ticket_global_stock_level":"","_global_stock_mode":"","_global_stock_cap":"","_tribe_rsvp_for_event":"","_tribe_ticket_going_count":"","_tribe_ticket_not_going_count":"","_tribe_tickets_list":"[]","_tribe_ticket_has_attendee_info_fields":false,"footnotes":"","_tec_slr_enabled":"","_tec_slr_layout":""},"class_list":["post-361","page","type-page","status-publish","has-post-thumbnail","hentry"],"ticketed":false,"_links":{"self":[{"href":"https:\/\/kuwehi.de\/index.php?rest_route=\/wp\/v2\/pages\/361","targetHints":{"allow":["GET"]}}],"collection":[{"href":"https:\/\/kuwehi.de\/index.php?rest_route=\/wp\/v2\/pages"}],"about":[{"href":"https:\/\/kuwehi.de\/index.php?rest_route=\/wp\/v2\/types\/page"}],"author":[{"embeddable":true,"href":"https:\/\/kuwehi.de\/index.php?rest_route=\/wp\/v2\/users\/1"}],"replies":[{"embeddable":true,"href":"https:\/\/kuwehi.de\/index.php?rest_route=%2Fwp%2Fv2%2Fcomments&post=361"}],"version-history":[{"count":46,"href":"https:\/\/kuwehi.de\/index.php?rest_route=\/wp\/v2\/pages\/361\/revisions"}],"predecessor-version":[{"id":11252,"href":"https:\/\/kuwehi.de\/index.php?rest_route=\/wp\/v2\/pages\/361\/revisions\/11252"}],"wp:featuredmedia":[{"embeddable":true,"href":"https:\/\/kuwehi.de\/index.php?rest_route=\/wp\/v2\/media\/951"}],"wp:attachment":[{"href":"https:\/\/kuwehi.de\/index.php?rest_route=%2Fwp%2Fv2%2Fmedia&parent=361"}],"curies":[{"name":"wp","href":"https:\/\/api.w.org\/{rel}","templated":true}]}}