{"id":3593,"date":"2021-08-18T19:18:57","date_gmt":"2021-08-18T17:18:57","guid":{"rendered":"https:\/\/kuwehi.de\/?page_id=3593"},"modified":"2023-01-23T10:15:30","modified_gmt":"2023-01-23T09:15:30","slug":"grosse-bluete-auf-buntem-grund","status":"publish","type":"page","link":"https:\/\/kuwehi.de\/?page_id=3593","title":{"rendered":"Gro\u00dfe Bl\u00fcte auf buntem Grund"},"content":{"rendered":"<h3 style=\"text-align: center;\"><strong>Hast Du Lust, dies mal Auszuprobieren? <span style=\"color: #666699;\"><a style=\"color: #666699;\" href=\"https:\/\/kuwehi.de\/?page_id=20\">Schreib uns eine Nachricht!<\/a><\/span><br \/>\n<\/strong><\/h3>\n<h3 style=\"text-align: center;\"><strong><span style=\"color: #ff0000;\">Samstagswerkstatt<br \/>\n<\/span><\/strong><\/h3>\n<h1 style=\"text-align: center;\">Gro\u00dfe Bl\u00fcte auf buntem Grund<\/h1>\n<h5 style=\"text-align: center;\">mit K. W. Benn<\/h5>\n<h3 style=\"text-align: center;\">( ab 9 Jahre )<\/h3>\n<h5 style=\"text-align: center;\">Bl\u00fcten sehen wir zurzeit \u00fcberall in ihren vielf\u00e4ltigen Farben und Formen.<\/h5>\n<h5 style=\"text-align: center;\">Du l\u00e4sst Dich von der Natur und Deiner Fantasie inspirieren, um mit verschiedenen zeichnerischen Techniken<\/h5>\n<h5 style=\"text-align: center;\">gro\u00dfe freie Natur-Formen zu erschaffen,<\/h5>\n<h5 style=\"text-align: center;\">die wir mithilfe selbst hergestellter Schablonen auf farbige Papiere drucken.<\/h5>\n<h5 style=\"text-align: center;\">Sp\u00e4ter kannst Du damit auch Deine Zimmer- oder Hauswand schm\u00fccken.<\/h5>\n","protected":false},"excerpt":{"rendered":"<p>Hast Du Lust, dies mal Auszuprobieren? Schreib uns eine Nachricht! Samstagswerkstatt Gro\u00dfe Bl\u00fcte auf buntem Grund mit K. W. Benn&hellip;<\/p>\n","protected":false},"author":1,"featured_media":3606,"parent":0,"menu_order":0,"comment_status":"closed","ping_status":"closed","template":"","meta":{"_price":"","_stock":"","_tribe_ticket_header":"","_tribe_default_ticket_provider":"","_tribe_ticket_capacity":"0","_ticket_start_date":"","_ticket_end_date":"","_tribe_ticket_show_description":"","_tribe_ticket_show_not_going":false,"_tribe_ticket_use_global_stock":"","_tribe_ticket_global_stock_level":"","_global_stock_mode":"","_global_stock_cap":"","_tribe_rsvp_for_event":"","_tribe_ticket_going_count":"","_tribe_ticket_not_going_count":"","_tribe_tickets_list":"[]","_tribe_ticket_has_attendee_info_fields":false,"footnotes":"","_tec_slr_enabled":"","_tec_slr_layout":""},"class_list":["post-3593","page","type-page","status-publish","has-post-thumbnail","hentry"],"ticketed":false,"_links":{"self":[{"href":"https:\/\/kuwehi.de\/index.php?rest_route=\/wp\/v2\/pages\/3593","targetHints":{"allow":["GET"]}}],"collection":[{"href":"https:\/\/kuwehi.de\/index.php?rest_route=\/wp\/v2\/pages"}],"about":[{"href":"https:\/\/kuwehi.de\/index.php?rest_route=\/wp\/v2\/types\/page"}],"author":[{"embeddable":true,"href":"https:\/\/kuwehi.de\/index.php?rest_route=\/wp\/v2\/users\/1"}],"replies":[{"embeddable":true,"href":"https:\/\/kuwehi.de\/index.php?rest_route=%2Fwp%2Fv2%2Fcomments&post=3593"}],"version-history":[{"count":15,"href":"https:\/\/kuwehi.de\/index.php?rest_route=\/wp\/v2\/pages\/3593\/revisions"}],"predecessor-version":[{"id":6593,"href":"https:\/\/kuwehi.de\/index.php?rest_route=\/wp\/v2\/pages\/3593\/revisions\/6593"}],"wp:featuredmedia":[{"embeddable":true,"href":"https:\/\/kuwehi.de\/index.php?rest_route=\/wp\/v2\/media\/3606"}],"wp:attachment":[{"href":"https:\/\/kuwehi.de\/index.php?rest_route=%2Fwp%2Fv2%2Fmedia&parent=3593"}],"curies":[{"name":"wp","href":"https:\/\/api.w.org\/{rel}","templated":true}]}}