{"id":358,"date":"2020-04-15T19:56:48","date_gmt":"2020-04-15T19:56:48","guid":{"rendered":"http:\/\/test.kuwehi.de\/?page_id=358"},"modified":"2026-04-15T10:02:11","modified_gmt":"2026-04-15T08:02:11","slug":"lesekreis","status":"publish","type":"page","link":"https:\/\/kuwehi.de\/?page_id=358","title":{"rendered":"Lesekreis"},"content":{"rendered":"<h1 style=\"text-align: center;\"><span style=\"font-family: book antiqua, palatino;\"><strong>Lesekreis<\/strong><\/span><\/h1>\n<h3 style=\"text-align: center;\"><span style=\"font-family: book antiqua, palatino;\">Leselust teilen \u2013 Bereicherung im Austausch erfahren &#8211; Vielfalt genie\u00dfen<\/span><\/h3>\n<h5 style=\"text-align: left;\"><span style=\"font-family: book antiqua, palatino;\">Wir sind ein offener Lesekreis, der sich seit ca. 12 Jahren regelm\u00e4\u00dfig am ersten Montag im<\/span><br \/>\n<span style=\"font-family: book antiqua, palatino;\">Monat trifft.<\/span><\/h5>\n<figure id=\"attachment_3490\" aria-describedby=\"caption-attachment-3490\" style=\"width: 399px\" class=\"wp-caption alignright\"><img fetchpriority=\"high\" decoding=\"async\" class=\"wp-image-3490\" src=\"https:\/\/kuwehi.de\/wp-content\/uploads\/2021\/07\/Lesekreis1-300x225.jpg\" alt=\"\" width=\"399\" height=\"300\" srcset=\"https:\/\/kuwehi.de\/wp-content\/uploads\/2021\/07\/Lesekreis1-300x225.jpg 300w, https:\/\/kuwehi.de\/wp-content\/uploads\/2021\/07\/Lesekreis1-1024x768.jpg 1024w, https:\/\/kuwehi.de\/wp-content\/uploads\/2021\/07\/Lesekreis1-768x576.jpg 768w, https:\/\/kuwehi.de\/wp-content\/uploads\/2021\/07\/Lesekreis1-1536x1152.jpg 1536w, https:\/\/kuwehi.de\/wp-content\/uploads\/2021\/07\/Lesekreis1-2048x1536.jpg 2048w, https:\/\/kuwehi.de\/wp-content\/uploads\/2021\/07\/Lesekreis1-1600x1200.jpg 1600w\" sizes=\"(max-width: 399px) 100vw, 399px\" \/><figcaption id=\"caption-attachment-3490\" class=\"wp-caption-text\"><span style=\"font-family: book antiqua, palatino;\">B\u00fccher lassen uns reisen &#8211; wenn wir verharren m\u00fcssen.<\/span><\/figcaption><\/figure>\n<h5 style=\"text-align: left;\"><span style=\"font-family: book antiqua, palatino;\">F\u00fcr uns enden B\u00fccher nicht mit der letzten Seite, sie begleiten uns ein Leben lang und<\/span><br \/>\n<span style=\"font-family: book antiqua, palatino;\">dar\u00fcber kommen wir ins Gespr\u00e4ch und in die Diskussion. <em><strong>Wir sprechen \u00fcber B\u00fccher und nur<\/strong><\/em><\/span><br \/>\n<span style=\"font-family: book antiqua, palatino;\"><em><strong>\u00fcber B\u00fccher<\/strong><\/em>, lesen Romane, Erz\u00e4hlungen und Biographien von Schriftstellern aus der ganzen<\/span><br \/>\n<span style=\"font-family: book antiqua, palatino;\">Welt und \u00fcber alle Epochen hinweg.<\/span><\/h5>\n<h5 style=\"text-align: left;\"><span style=\"font-family: book antiqua, palatino;\">Bei der Auswahl des Lesestoffes lassen wir uns von aktuellen Themen inspirieren oder aber<\/span><br \/>\n<span style=\"font-family: book antiqua, palatino;\">unsere Diskussion f\u00fchrt uns zum n\u00e4chsten Buch.<\/span><\/h5>\n<h5 style=\"text-align: left;\"><span style=\"font-family: book antiqua, palatino;\">Wir w\u00fcrden uns freuen neue LeserInnen begr\u00fc\u00dfen zu k\u00f6nnen!<br \/>\n<\/span><\/h5>\n<h5 style=\"text-align: left;\"><span style=\"font-family: book antiqua, palatino;\">Die Mitglieder des Lesekreises<\/span><\/h5>\n<p>&nbsp;<\/p>\n<h5 style=\"text-align: center;\"><span style=\"font-family: book antiqua, palatino;\">Unser n\u00e4chster gemeinsamer Termin :<\/span><\/h5>\n<p style=\"text-align: center;\"><strong><span style=\"color: #800080; font-size: 22px;\">Aufgrund des Umzuges, findet der Lesekreis im Kirchcaf\u00e9 statt!<\/span><\/strong><\/p>\n<h5 style=\"text-align: center;\"><span style=\"font-family: book antiqua, palatino;\">Kosten: auf Spendenbasis<\/span><\/h5>\n<h5 style=\"text-align: center;\"><span style=\"font-family: book antiqua, palatino;\">Kommen Sie doch gern dazu!<br \/>\n<\/span><\/h5>\n<p>&nbsp;<\/p>\n<p style=\"text-align: center;\">\n","protected":false},"excerpt":{"rendered":"<p>Lesekreis Leselust teilen \u2013 Bereicherung im Austausch erfahren &#8211; Vielfalt genie\u00dfen Wir sind ein offener Lesekreis, der sich seit ca.&hellip;<\/p>\n","protected":false},"author":1,"featured_media":941,"parent":0,"menu_order":0,"comment_status":"closed","ping_status":"closed","template":"","meta":{"_price":"","_stock":"","_tribe_ticket_header":"","_tribe_default_ticket_provider":"","_tribe_ticket_capacity":"0","_ticket_start_date":"","_ticket_end_date":"","_tribe_ticket_show_description":"","_tribe_ticket_show_not_going":false,"_tribe_ticket_use_global_stock":"","_tribe_ticket_global_stock_level":"","_global_stock_mode":"","_global_stock_cap":"","_tribe_rsvp_for_event":"","_tribe_ticket_going_count":"","_tribe_ticket_not_going_count":"","_tribe_tickets_list":"[]","_tribe_ticket_has_attendee_info_fields":false,"footnotes":"","_tec_slr_enabled":"","_tec_slr_layout":""},"class_list":["post-358","page","type-page","status-publish","has-post-thumbnail","hentry"],"ticketed":false,"_links":{"self":[{"href":"https:\/\/kuwehi.de\/index.php?rest_route=\/wp\/v2\/pages\/358","targetHints":{"allow":["GET"]}}],"collection":[{"href":"https:\/\/kuwehi.de\/index.php?rest_route=\/wp\/v2\/pages"}],"about":[{"href":"https:\/\/kuwehi.de\/index.php?rest_route=\/wp\/v2\/types\/page"}],"author":[{"embeddable":true,"href":"https:\/\/kuwehi.de\/index.php?rest_route=\/wp\/v2\/users\/1"}],"replies":[{"embeddable":true,"href":"https:\/\/kuwehi.de\/index.php?rest_route=%2Fwp%2Fv2%2Fcomments&post=358"}],"version-history":[{"count":74,"href":"https:\/\/kuwehi.de\/index.php?rest_route=\/wp\/v2\/pages\/358\/revisions"}],"predecessor-version":[{"id":11435,"href":"https:\/\/kuwehi.de\/index.php?rest_route=\/wp\/v2\/pages\/358\/revisions\/11435"}],"wp:featuredmedia":[{"embeddable":true,"href":"https:\/\/kuwehi.de\/index.php?rest_route=\/wp\/v2\/media\/941"}],"wp:attachment":[{"href":"https:\/\/kuwehi.de\/index.php?rest_route=%2Fwp%2Fv2%2Fmedia&parent=358"}],"curies":[{"name":"wp","href":"https:\/\/api.w.org\/{rel}","templated":true}]}}