{"id":353,"date":"2020-04-15T19:56:48","date_gmt":"2020-04-15T19:56:48","guid":{"rendered":"http:\/\/test.kuwehi.de\/?page_id=353"},"modified":"2024-01-22T10:57:20","modified_gmt":"2024-01-22T09:57:20","slug":"spinnen-und-mehr","status":"publish","type":"page","link":"https:\/\/kuwehi.de\/?page_id=353","title":{"rendered":"Spinnen und mehr"},"content":{"rendered":"<h2 style=\"text-align: center;\"><span style=\"font-family: comic sans ms, sans-serif;\"><strong>Spinnen und mehr &#8211; <\/strong><\/span><\/h2>\n<h2 style=\"text-align: center;\"><span style=\"font-family: comic sans ms, sans-serif;\"><strong>in der Gruppe textile Erfahrungen teilen<\/strong><\/span><\/h2>\n<h5 style=\"text-align: center;\"><span style=\"font-family: comic sans ms, sans-serif;\"><img fetchpriority=\"high\" decoding=\"async\" class=\"alignleft wp-image-7575\" src=\"https:\/\/kuwehi.de\/wp-content\/uploads\/2023\/06\/Spinnen-und-mehr-9x16-Hochkannt-2-169x300.jpg\" alt=\"\" width=\"248\" height=\"440\" srcset=\"https:\/\/kuwehi.de\/wp-content\/uploads\/2023\/06\/Spinnen-und-mehr-9x16-Hochkannt-2-169x300.jpg 169w, https:\/\/kuwehi.de\/wp-content\/uploads\/2023\/06\/Spinnen-und-mehr-9x16-Hochkannt-2-576x1024.jpg 576w, https:\/\/kuwehi.de\/wp-content\/uploads\/2023\/06\/Spinnen-und-mehr-9x16-Hochkannt-2-84x150.jpg 84w, https:\/\/kuwehi.de\/wp-content\/uploads\/2023\/06\/Spinnen-und-mehr-9x16-Hochkannt-2-768x1365.jpg 768w, https:\/\/kuwehi.de\/wp-content\/uploads\/2023\/06\/Spinnen-und-mehr-9x16-Hochkannt-2-864x1536.jpg 864w, https:\/\/kuwehi.de\/wp-content\/uploads\/2023\/06\/Spinnen-und-mehr-9x16-Hochkannt-2-1152x2048.jpg 1152w, https:\/\/kuwehi.de\/wp-content\/uploads\/2023\/06\/Spinnen-und-mehr-9x16-Hochkannt-2.jpg 1276w\" sizes=\"(max-width: 248px) 100vw, 248px\" \/><\/span><\/h5>\n<h5 style=\"text-align: center;\"><\/h5>\n<h5 style=\"text-align: left;\"><span style=\"font-family: comic sans ms, sans-serif;\"><img decoding=\"async\" class=\"alignright wp-image-7566\" src=\"https:\/\/kuwehi.de\/wp-content\/uploads\/2023\/06\/Spinnen-und-mehr-9x16-Hochkannt-1-169x300.jpg\" alt=\"\" width=\"248\" height=\"440\" srcset=\"https:\/\/kuwehi.de\/wp-content\/uploads\/2023\/06\/Spinnen-und-mehr-9x16-Hochkannt-1-169x300.jpg 169w, https:\/\/kuwehi.de\/wp-content\/uploads\/2023\/06\/Spinnen-und-mehr-9x16-Hochkannt-1-576x1024.jpg 576w, https:\/\/kuwehi.de\/wp-content\/uploads\/2023\/06\/Spinnen-und-mehr-9x16-Hochkannt-1-84x150.jpg 84w, https:\/\/kuwehi.de\/wp-content\/uploads\/2023\/06\/Spinnen-und-mehr-9x16-Hochkannt-1-768x1365.jpg 768w, https:\/\/kuwehi.de\/wp-content\/uploads\/2023\/06\/Spinnen-und-mehr-9x16-Hochkannt-1-864x1536.jpg 864w, https:\/\/kuwehi.de\/wp-content\/uploads\/2023\/06\/Spinnen-und-mehr-9x16-Hochkannt-1-1152x2048.jpg 1152w, https:\/\/kuwehi.de\/wp-content\/uploads\/2023\/06\/Spinnen-und-mehr-9x16-Hochkannt-1.jpg 1276w\" sizes=\"(max-width: 248px) 100vw, 248px\" \/><\/span><\/h5>\n<h5 style=\"text-align: left;\"><span style=\"font-family: comic sans ms, sans-serif;\">Immer am ersten Dienstag im Monat ab 19.30 Uhr findet unser Spinntreff statt. Aber auch andere Techniken wie H\u00e4keln, Stricken, Hooking, Nadelbinden oder tunesisches H\u00e4keln k\u00f6nnen erprobt werden. Oder, was interessiert Sie?<\/span><\/h5>\n<h5 style=\"text-align: left;\"><span style=\"font-family: comic sans ms, sans-serif;\">Spinnr\u00e4der k\u00f6nnen ausgeliehen werden. Auch Anf\u00e4ngerInnen sind willkommen und werden gerne angeleitet. Zum \u00dcben zu Hause k\u00f6nnen Spinnr\u00e4der gegen eine monatliche Geb\u00fchr von 10,00 \u20ac ausgeliehen werden.<\/span><\/h5>\n<h4 style=\"text-align: left;\"><span style=\"font-family: comic sans ms, sans-serif;\">Wenn Sie teilnehmen wollen, melden Sie sich doch bitte bei Frau Kirsten Brauns unter der Telefonnummer: 01520 51 39 39 5 oder mit einer Mail: braunskuwehi@gmail.com<\/span><\/h4>\n<h5 style=\"text-align: left;\"><span style=\"font-family: comic sans ms, sans-serif;\">Schnupperabend kostenlos, <\/span><span style=\"font-family: comic sans ms, sans-serif;\">Jahresbeitrag: 30 \u20ac &#8211; f\u00fcr Vereinsmitglieder kostenlos<\/span><\/h5>\n","protected":false},"excerpt":{"rendered":"<p>Spinnen und mehr &#8211; in der Gruppe textile Erfahrungen teilen Immer am ersten Dienstag im Monat ab 19.30 Uhr findet&hellip;<\/p>\n","protected":false},"author":1,"featured_media":779,"parent":0,"menu_order":0,"comment_status":"closed","ping_status":"closed","template":"","meta":{"_price":"","_stock":"","_tribe_ticket_header":"","_tribe_default_ticket_provider":"","_tribe_ticket_capacity":"0","_ticket_start_date":"","_ticket_end_date":"","_tribe_ticket_show_description":"","_tribe_ticket_show_not_going":false,"_tribe_ticket_use_global_stock":"","_tribe_ticket_global_stock_level":"","_global_stock_mode":"","_global_stock_cap":"","_tribe_rsvp_for_event":"","_tribe_ticket_going_count":"","_tribe_ticket_not_going_count":"","_tribe_tickets_list":"[]","_tribe_ticket_has_attendee_info_fields":false,"footnotes":"","_tec_slr_enabled":"","_tec_slr_layout":""},"class_list":["post-353","page","type-page","status-publish","has-post-thumbnail","hentry"],"ticketed":false,"_links":{"self":[{"href":"https:\/\/kuwehi.de\/index.php?rest_route=\/wp\/v2\/pages\/353","targetHints":{"allow":["GET"]}}],"collection":[{"href":"https:\/\/kuwehi.de\/index.php?rest_route=\/wp\/v2\/pages"}],"about":[{"href":"https:\/\/kuwehi.de\/index.php?rest_route=\/wp\/v2\/types\/page"}],"author":[{"embeddable":true,"href":"https:\/\/kuwehi.de\/index.php?rest_route=\/wp\/v2\/users\/1"}],"replies":[{"embeddable":true,"href":"https:\/\/kuwehi.de\/index.php?rest_route=%2Fwp%2Fv2%2Fcomments&post=353"}],"version-history":[{"count":11,"href":"https:\/\/kuwehi.de\/index.php?rest_route=\/wp\/v2\/pages\/353\/revisions"}],"predecessor-version":[{"id":8273,"href":"https:\/\/kuwehi.de\/index.php?rest_route=\/wp\/v2\/pages\/353\/revisions\/8273"}],"wp:featuredmedia":[{"embeddable":true,"href":"https:\/\/kuwehi.de\/index.php?rest_route=\/wp\/v2\/media\/779"}],"wp:attachment":[{"href":"https:\/\/kuwehi.de\/index.php?rest_route=%2Fwp%2Fv2%2Fmedia&parent=353"}],"curies":[{"name":"wp","href":"https:\/\/api.w.org\/{rel}","templated":true}]}}