{"id":16,"date":"2020-02-29T16:09:01","date_gmt":"2020-02-29T16:09:01","guid":{"rendered":"http:\/\/test.kuwehi.de\/?page_id=16"},"modified":"2024-06-12T17:47:47","modified_gmt":"2024-06-12T15:47:47","slug":"veranstaltungen","status":"publish","type":"page","link":"https:\/\/kuwehi.de\/?page_id=16","title":{"rendered":"Silent Green bei uns zu Gast!"},"content":{"rendered":"<h2><span style=\"font-family: comic sans ms, sans-serif;\"><strong>Herzliche Einladung zum \u00f6ffentlichen Mitmach-Workshop mit Auff\u00fchrung!<\/strong><\/span><\/h2>\n<h5 style=\"text-align: center;\">Liebe Musikbegeisterte und InstrumentalistInnen,<\/h5>\n<h5><strong><img fetchpriority=\"high\" decoding=\"async\" class=\"alignleft wp-image-8997\" src=\"https:\/\/kuwehi.de\/wp-content\/uploads\/2024\/05\/silent_green_3zu2_P2051406-checker-202x300.jpeg\" alt=\"\" width=\"300\" height=\"445\" srcset=\"https:\/\/kuwehi.de\/wp-content\/uploads\/2024\/05\/silent_green_3zu2_P2051406-checker-202x300.jpeg 202w, https:\/\/kuwehi.de\/wp-content\/uploads\/2024\/05\/silent_green_3zu2_P2051406-checker-101x150.jpeg 101w, https:\/\/kuwehi.de\/wp-content\/uploads\/2024\/05\/silent_green_3zu2_P2051406-checker.jpeg 431w\" sizes=\"(max-width: 300px) 100vw, 300px\" \/>WAS<\/strong>:<\/h5>\n<h5>Die\u00a0Band <strong>\u201eSilent Green\u201c<\/strong>\u00a0l\u00e4dt euch herzlich zu einem offenen <strong>Mitmach-Workshop<\/strong> ein. . Wir sind zu viert und stellen Euch einige St\u00fccke aus unserem Repertoire vor, die wir zum Abschluss dann mit Euch gemeinsam pr\u00e4sentieren wollen.<\/h5>\n<h5>Unser Repertoire umfasst Liedgut aus verschiedenen Kulturen &#8211;\u00a0 Klezmer, Balkan, Evergreens und auch Selbstgebasteltes.<\/h5>\n<h5><strong>WIE<\/strong>:<\/h5>\n<h5>Die St\u00fccke werden in Einzelgruppen einge\u00fcbt &#8211; aufgeteilt in Melodieinstrumente \/ Gitarre \/ Akkordeon oder sonstiges und anschlie\u00dfend zusammen geprobt und aufgef\u00fchrt.<\/h5>\n<h5><strong><img decoding=\"async\" class=\"alignleft wp-image-883 size-medium\" src=\"https:\/\/kuwehi.de\/wp-content\/uploads\/2020\/04\/Konzert-300x300.jpg\" alt=\"\" width=\"300\" height=\"300\" srcset=\"https:\/\/kuwehi.de\/wp-content\/uploads\/2020\/04\/Konzert-300x300.jpg 300w, https:\/\/kuwehi.de\/wp-content\/uploads\/2020\/04\/Konzert-1024x1024.jpg 1024w, https:\/\/kuwehi.de\/wp-content\/uploads\/2020\/04\/Konzert-150x150.jpg 150w, https:\/\/kuwehi.de\/wp-content\/uploads\/2020\/04\/Konzert-768x768.jpg 768w, https:\/\/kuwehi.de\/wp-content\/uploads\/2020\/04\/Konzert.jpg 1200w\" sizes=\"(max-width: 300px) 100vw, 300px\" \/>WER<\/strong>:<\/h5>\n<h5>Gitarre, Akkordeon, Percussion, Saxofon, Klarinette, Blechblasinstrumente, Geige\u2026. alles ist willkommen. Bringt euer Instrument mit und seid dabei! Ob freies Mitspielen oder nach Noten, alles ist m\u00f6glich &#8211; der Spa\u00df am Ausprobieren steht im Vordergrund. Mal h\u00f6ren, was dabei herauskommt!!<\/h5>\n<h5 style=\"text-align: center;\"><strong>WO<\/strong> und <strong>WANN<\/strong>:<\/h5>\n<h5>Los geht es am <strong>15.06.2024<\/strong> um <strong>15 Uhr <\/strong>in der Kulturwerkstatt Hiddenhausen, Maschstra\u00dfe 26.<\/h5>\n<h5>Es wird jeweils etwa eine Stunde in Kleingruppen und eine Stunde im Zusammenspiel geprobt, dazwischen gibt es kleine Verschnaufpausen.<\/h5>\n<h5>Um 17.30 Uhr wird eine halbe Stunde pausiert.<\/h5>\n<p>&nbsp;<\/p>\n<figure id=\"attachment_9000\" aria-describedby=\"caption-attachment-9000\" style=\"width: 640px\" class=\"wp-caption aligncenter\"><img decoding=\"async\" class=\"wp-image-9000 size-full\" src=\"https:\/\/kuwehi.de\/wp-content\/uploads\/2024\/05\/silent_green_2zu3_P2051413.jpeg\" alt=\"\" width=\"640\" height=\"427\" srcset=\"https:\/\/kuwehi.de\/wp-content\/uploads\/2024\/05\/silent_green_2zu3_P2051413.jpeg 640w, https:\/\/kuwehi.de\/wp-content\/uploads\/2024\/05\/silent_green_2zu3_P2051413-300x200.jpeg 300w, https:\/\/kuwehi.de\/wp-content\/uploads\/2024\/05\/silent_green_2zu3_P2051413-150x100.jpeg 150w\" sizes=\"(max-width: 640px) 100vw, 640px\" \/><figcaption id=\"caption-attachment-9000\" class=\"wp-caption-text\">Am 15.06. um 18: 00 Uhr wird die Gruppe &#8222;Silent Green&#8220; durch die WorkshopteilnehmerInnen erg\u00e4nzt &#8230;<\/figcaption><\/figure>\n<h5>Auf 18 Uhr d\u00fcrft ihr dann eure Freund*innen und Angeh\u00f6rigen zu unserem gemeinsamen <strong>Abschlusskonzert<\/strong> einladen. Auch andere Interessierte sind herzlich willkommen<\/h5>\n<h5 style=\"text-align: center;\"><strong>KOSTEN<\/strong>:<\/h5>\n<h5>F\u00fcr die Deckung der Raumnutzungskosten lassen wir einen Hut rum gehen.<\/h5>\n<h5 style=\"text-align: center;\"><strong>ANMELDUNG zum Workshop<br \/>\n<\/strong><\/h5>\n<h5>bei:\u00a0 saba@teleos-web.de<\/h5>\n<h5>Bitte anmelden mit: Name; E-Mail-Adresse; Instrument; Noten erw\u00fcnscht: Ja\/nein; eigene musikalische Einsch\u00e4tzung (z.B. Anf\u00e4nger\/ regelm\u00e4\u00dfiger Jammer\/ Profimusikerin mit Auftritten\/ o.\u00e4.)<\/h5>\n<h6>Die Anzahl der Teilnehmenden m\u00fcssen wir begrenzen, pro Bandmitglied sollten es nicht mehr als vier Teilnehmende sein, also acht f\u00fcr Melodie und acht f\u00fcr Akkord\/Rhythmusgruppe. \u00a0Meldet euch also rechtzeitig (bis zum 08.06.24) an, wenn ihr dabei sein wollt. Wir versuchen, Euch vorher einen Notensatz zu schicken, wenn ihr das m\u00f6chtet. Wenn es mehr Anmeldungen gibt, entscheidet das Los.<\/h6>\n<h5 style=\"text-align: center;\"><span style=\"color: #666699;\"><a style=\"color: #666699;\" href=\"https:\/\/kuwehi.de\/?tribe_events=konzert-mit-silent-green-und\">&gt; Kartenreservierung &lt;<\/a><\/span><\/h5>\n","protected":false},"excerpt":{"rendered":"<p>Herzliche Einladung zum \u00f6ffentlichen Mitmach-Workshop mit Auff\u00fchrung! Liebe Musikbegeisterte und InstrumentalistInnen, WAS: Die\u00a0Band \u201eSilent Green\u201c\u00a0l\u00e4dt euch herzlich zu einem offenen&hellip;<\/p>\n","protected":false},"author":1,"featured_media":8998,"parent":0,"menu_order":0,"comment_status":"closed","ping_status":"closed","template":"","meta":{"_price":"","_stock":"","_tribe_ticket_header":"","_tribe_default_ticket_provider":"","_tribe_ticket_capacity":"0","_ticket_start_date":"","_ticket_end_date":"","_tribe_ticket_show_description":"","_tribe_ticket_show_not_going":false,"_tribe_ticket_use_global_stock":"","_tribe_ticket_global_stock_level":"","_global_stock_mode":"","_global_stock_cap":"","_tribe_rsvp_for_event":"","_tribe_ticket_going_count":"","_tribe_ticket_not_going_count":"","_tribe_tickets_list":"[]","_tribe_ticket_has_attendee_info_fields":false,"footnotes":"","_tec_slr_enabled":"","_tec_slr_layout":""},"class_list":["post-16","page","type-page","status-publish","has-post-thumbnail","hentry"],"ticketed":false,"_links":{"self":[{"href":"https:\/\/kuwehi.de\/index.php?rest_route=\/wp\/v2\/pages\/16","targetHints":{"allow":["GET"]}}],"collection":[{"href":"https:\/\/kuwehi.de\/index.php?rest_route=\/wp\/v2\/pages"}],"about":[{"href":"https:\/\/kuwehi.de\/index.php?rest_route=\/wp\/v2\/types\/page"}],"author":[{"embeddable":true,"href":"https:\/\/kuwehi.de\/index.php?rest_route=\/wp\/v2\/users\/1"}],"replies":[{"embeddable":true,"href":"https:\/\/kuwehi.de\/index.php?rest_route=%2Fwp%2Fv2%2Fcomments&post=16"}],"version-history":[{"count":67,"href":"https:\/\/kuwehi.de\/index.php?rest_route=\/wp\/v2\/pages\/16\/revisions"}],"predecessor-version":[{"id":9131,"href":"https:\/\/kuwehi.de\/index.php?rest_route=\/wp\/v2\/pages\/16\/revisions\/9131"}],"wp:featuredmedia":[{"embeddable":true,"href":"https:\/\/kuwehi.de\/index.php?rest_route=\/wp\/v2\/media\/8998"}],"wp:attachment":[{"href":"https:\/\/kuwehi.de\/index.php?rest_route=%2Fwp%2Fv2%2Fmedia&parent=16"}],"curies":[{"name":"wp","href":"https:\/\/api.w.org\/{rel}","templated":true}]}}