{"id":15,"date":"2020-02-29T16:09:01","date_gmt":"2020-02-29T16:09:01","guid":{"rendered":"http:\/\/test.kuwehi.de\/?page_id=15"},"modified":"2026-03-17T19:25:44","modified_gmt":"2026-03-17T18:25:44","slug":"sondergruppen","status":"publish","type":"page","link":"https:\/\/kuwehi.de\/?page_id=15","title":{"rendered":"Ihre Gruppe &#8211; Ihr Event"},"content":{"rendered":"<h2 style=\"text-align: center;\"><strong>Ihre Gruppe &#8211; Ihr Event<\/strong><\/h2>\n<h5 style=\"text-align: center;\">Viele unserer Themen k\u00f6nnen Sie als Gruppe buchen.<\/h5>\n<h5 style=\"text-align: center;\">Sich selbst und seine Freunde, die Familie oder Arbeitskollegen bei einem Ausflug anders zu erleben und durch kreative Aktivit\u00e4t der Gruppe neue Erfahrungen zu erm\u00f6glichen, ist anregend und eine Bereicherung. Sie k\u00f6nnen gerne eigene Ideen oder W\u00fcnsche einbringen. Es kann eine Gemeinschaftsarbeit entstehen, z.B. aus Filz oder gesch\u00f6pftem Papier, oder ein Graffiti-Schriftzug. Lassen Sie sich gerne von unseren Angeboten f\u00fcr <strong><span style=\"color: #800080;\"><a style=\"color: #800080;\" href=\"https:\/\/kuwehi.de\/?page_id=10916\">Kindergeburtstage<\/a><\/span><\/strong> inspirieren.<\/h5>\n<h5 style=\"text-align: center;\"><a href=\"https:\/\/kuwehi.de\/?page_id=20\"><span style=\"color: #ff0000;\">&gt; Zur Anfrage<\/span><\/a><\/h5>\n","protected":false},"excerpt":{"rendered":"<p>Ihre Gruppe &#8211; Ihr Event Viele unserer Themen k\u00f6nnen Sie als Gruppe buchen. Sich selbst und seine Freunde, die Familie&hellip;<\/p>\n","protected":false},"author":1,"featured_media":878,"parent":0,"menu_order":0,"comment_status":"closed","ping_status":"closed","template":"","meta":{"_price":"","_stock":"","_tribe_ticket_header":"","_tribe_default_ticket_provider":"","_tribe_ticket_capacity":"0","_ticket_start_date":"","_ticket_end_date":"","_tribe_ticket_show_description":"","_tribe_ticket_show_not_going":false,"_tribe_ticket_use_global_stock":"","_tribe_ticket_global_stock_level":"","_global_stock_mode":"","_global_stock_cap":"","_tribe_rsvp_for_event":"","_tribe_ticket_going_count":"","_tribe_ticket_not_going_count":"","_tribe_tickets_list":"[]","_tribe_ticket_has_attendee_info_fields":false,"footnotes":"","_tec_slr_enabled":"","_tec_slr_layout":""},"class_list":["post-15","page","type-page","status-publish","has-post-thumbnail","hentry"],"ticketed":false,"_links":{"self":[{"href":"https:\/\/kuwehi.de\/index.php?rest_route=\/wp\/v2\/pages\/15","targetHints":{"allow":["GET"]}}],"collection":[{"href":"https:\/\/kuwehi.de\/index.php?rest_route=\/wp\/v2\/pages"}],"about":[{"href":"https:\/\/kuwehi.de\/index.php?rest_route=\/wp\/v2\/types\/page"}],"author":[{"embeddable":true,"href":"https:\/\/kuwehi.de\/index.php?rest_route=\/wp\/v2\/users\/1"}],"replies":[{"embeddable":true,"href":"https:\/\/kuwehi.de\/index.php?rest_route=%2Fwp%2Fv2%2Fcomments&post=15"}],"version-history":[{"count":9,"href":"https:\/\/kuwehi.de\/index.php?rest_route=\/wp\/v2\/pages\/15\/revisions"}],"predecessor-version":[{"id":11367,"href":"https:\/\/kuwehi.de\/index.php?rest_route=\/wp\/v2\/pages\/15\/revisions\/11367"}],"wp:featuredmedia":[{"embeddable":true,"href":"https:\/\/kuwehi.de\/index.php?rest_route=\/wp\/v2\/media\/878"}],"wp:attachment":[{"href":"https:\/\/kuwehi.de\/index.php?rest_route=%2Fwp%2Fv2%2Fmedia&parent=15"}],"curies":[{"name":"wp","href":"https:\/\/api.w.org\/{rel}","templated":true}]}}