{"id":14,"date":"2020-02-29T16:09:01","date_gmt":"2020-02-29T16:09:01","guid":{"rendered":"http:\/\/test.kuwehi.de\/?page_id=14"},"modified":"2026-04-15T09:42:49","modified_gmt":"2026-04-15T07:42:49","slug":"kinder-und-teens","status":"publish","type":"page","link":"https:\/\/kuwehi.de\/?page_id=14","title":{"rendered":"Kinder und Teens"},"content":{"rendered":"\t\t<div data-elementor-type=\"wp-page\" data-elementor-id=\"14\" class=\"elementor elementor-14\">\n\t\t\t\t<div class=\"elementor-element elementor-element-47d1d86 e-grid e-con-boxed e-con e-parent\" data-id=\"47d1d86\" data-element_type=\"container\">\n\t\t\t\t\t<div class=\"e-con-inner\">\n\t\t\t\t<div class=\"elementor-element elementor-element-fd2d1fb elementor-widget elementor-widget-image\" data-id=\"fd2d1fb\" data-element_type=\"widget\" data-widget_type=\"image.default\">\n\t\t\t\t<div class=\"elementor-widget-container\">\n\t\t\t\t\t\t\t\t\t\t\t\t<figure class=\"wp-caption\">\n\t\t\t\t\t\t\t\t\t\t\t<a href=\"https:\/\/kuwehi.de\/?page_id=10916\">\n\t\t\t\t\t\t\t<img fetchpriority=\"high\" decoding=\"async\" width=\"688\" height=\"688\" src=\"https:\/\/kuwehi.de\/wp-content\/uploads\/2020\/05\/Kindergeburtstag-1024x1024.jpg\" class=\"attachment-large size-large wp-image-1079\" alt=\"\" srcset=\"https:\/\/kuwehi.de\/wp-content\/uploads\/2020\/05\/Kindergeburtstag-1024x1024.jpg 1024w, https:\/\/kuwehi.de\/wp-content\/uploads\/2020\/05\/Kindergeburtstag-300x300.jpg 300w, https:\/\/kuwehi.de\/wp-content\/uploads\/2020\/05\/Kindergeburtstag-150x150.jpg 150w, https:\/\/kuwehi.de\/wp-content\/uploads\/2020\/05\/Kindergeburtstag-768x768.jpg 768w, https:\/\/kuwehi.de\/wp-content\/uploads\/2020\/05\/Kindergeburtstag-1536x1536.jpg 1536w, https:\/\/kuwehi.de\/wp-content\/uploads\/2020\/05\/Kindergeburtstag-1600x1601.jpg 1600w, https:\/\/kuwehi.de\/wp-content\/uploads\/2020\/05\/Kindergeburtstag.jpg 2039w\" sizes=\"(max-width: 688px) 100vw, 688px\" \/>\t\t\t\t\t\t\t\t<\/a>\n\t\t\t\t\t\t\t\t\t\t\t<figcaption class=\"widget-image-caption wp-caption-text\">Kindergeburtstage in der KuWehi<\/figcaption>\n\t\t\t\t\t\t\t\t\t\t<\/figure>\n\t\t\t\t\t\t\t\t\t<\/div>\n\t\t\t\t<\/div>\n\t\t\t\t<div class=\"elementor-element elementor-element-34cc3a8 elementor-widget elementor-widget-image\" data-id=\"34cc3a8\" data-element_type=\"widget\" data-widget_type=\"image.default\">\n\t\t\t\t<div class=\"elementor-widget-container\">\n\t\t\t\t\t\t\t\t\t\t\t\t<figure class=\"wp-caption\">\n\t\t\t\t\t\t\t\t\t\t\t<a href=\"https:\/\/kuwehi.de\/?page_id=6236\">\n\t\t\t\t\t\t\t<img decoding=\"async\" width=\"688\" height=\"688\" src=\"https:\/\/kuwehi.de\/wp-content\/uploads\/2025\/09\/Kulturrucksack-Logo_1024x1024.png\" class=\"attachment-large size-large wp-image-10728\" alt=\"\" srcset=\"https:\/\/kuwehi.de\/wp-content\/uploads\/2025\/09\/Kulturrucksack-Logo_1024x1024.png 1024w, https:\/\/kuwehi.de\/wp-content\/uploads\/2025\/09\/Kulturrucksack-Logo_1024x1024-300x300.png 300w, https:\/\/kuwehi.de\/wp-content\/uploads\/2025\/09\/Kulturrucksack-Logo_1024x1024-150x150.png 150w, https:\/\/kuwehi.de\/wp-content\/uploads\/2025\/09\/Kulturrucksack-Logo_1024x1024-768x768.png 768w\" sizes=\"(max-width: 688px) 100vw, 688px\" \/>\t\t\t\t\t\t\t\t<\/a>\n\t\t\t\t\t\t\t\t\t\t\t<figcaption class=\"widget-image-caption wp-caption-text\">Unsere n\u00e4chsten Kulturrucks\u00e4cke<\/figcaption>\n\t\t\t\t\t\t\t\t\t\t<\/figure>\n\t\t\t\t\t\t\t\t\t<\/div>\n\t\t\t\t<\/div>\n\t\t\t\t<div class=\"elementor-element elementor-element-dc992e8 elementor-widget elementor-widget-image\" data-id=\"dc992e8\" data-element_type=\"widget\" data-widget_type=\"image.default\">\n\t\t\t\t<div class=\"elementor-widget-container\">\n\t\t\t\t\t\t\t\t\t\t\t\t<figure class=\"wp-caption\">\n\t\t\t\t\t\t\t\t\t\t\t<a href=\"https:\/\/kuwehi.de\/?tribe_events=samstagswerkstatt-portrait-zeichnen-2\">\n\t\t\t\t\t\t\t<img decoding=\"async\" src=\"https:\/\/kuwehi.de\/wp-content\/uploads\/elementor\/thumbs\/Auge2-Quadrat-q8o83g1ygawbsrpy19ty0nxjy7q5mn47x4taz1le68.jpg\" title=\"Auge2 Quadrat\" alt=\"Auge2 Quadrat\" loading=\"lazy\" \/>\t\t\t\t\t\t\t\t<\/a>\n\t\t\t\t\t\t\t\t\t\t\t<figcaption class=\"widget-image-caption wp-caption-text\">Samstagswerkstatt: Portrait zeichnen<\/figcaption>\n\t\t\t\t\t\t\t\t\t\t<\/figure>\n\t\t\t\t\t\t\t\t\t<\/div>\n\t\t\t\t<\/div>\n\t\t\t\t<div class=\"elementor-element elementor-element-5a5940f elementor-widget elementor-widget-image\" data-id=\"5a5940f\" data-element_type=\"widget\" data-widget_type=\"image.default\">\n\t\t\t\t<div class=\"elementor-widget-container\">\n\t\t\t\t\t\t\t\t\t\t\t\t<figure class=\"wp-caption\">\n\t\t\t\t\t\t\t\t\t\t\t<a href=\"https:\/\/kuwehi.de\/?tribe_events=samstagswerkstatt-pferde-zeichnen-2\">\n\t\t\t\t\t\t\t<img decoding=\"async\" src=\"https:\/\/kuwehi.de\/wp-content\/uploads\/elementor\/thumbs\/Pferde-Zeichnen_2_Quadrat-rlslv8mwemw9p7sfr7t0pevntpykklps3pxug5lyps.png\" title=\"Pferde Zeichnen_2_Quadrat\" alt=\"Pferde Zeichnen_2_Quadrat\" loading=\"lazy\" \/>\t\t\t\t\t\t\t\t<\/a>\n\t\t\t\t\t\t\t\t\t\t\t<figcaption class=\"widget-image-caption wp-caption-text\">Samstagswerkstatt: Pferde zeichnen<\/figcaption>\n\t\t\t\t\t\t\t\t\t\t<\/figure>\n\t\t\t\t\t\t\t\t\t<\/div>\n\t\t\t\t<\/div>\n\t\t\t\t<div class=\"elementor-element elementor-element-ec26266 elementor-widget elementor-widget-image\" data-id=\"ec26266\" data-element_type=\"widget\" data-widget_type=\"image.default\">\n\t\t\t\t<div class=\"elementor-widget-container\">\n\t\t\t\t\t\t\t\t\t\t\t\t<figure class=\"wp-caption\">\n\t\t\t\t\t\t\t\t\t\t\t<a href=\"https:\/\/kuwehi.de\/?tribe_events=samstagswerkstatt-gemeinsam-haekeln-kunterbunt-und-kinderleicht\">\n\t\t\t\t\t\t\t<img decoding=\"async\" width=\"688\" height=\"672\" src=\"https:\/\/kuwehi.de\/wp-content\/uploads\/2024\/02\/Haekeln-SaWe-gemeinsam-2024-Andrea-Quadrat-1024x1000.jpg\" class=\"attachment-large size-large wp-image-8359\" alt=\"\" srcset=\"https:\/\/kuwehi.de\/wp-content\/uploads\/2024\/02\/Haekeln-SaWe-gemeinsam-2024-Andrea-Quadrat-1024x1000.jpg 1024w, https:\/\/kuwehi.de\/wp-content\/uploads\/2024\/02\/Haekeln-SaWe-gemeinsam-2024-Andrea-Quadrat-300x293.jpg 300w, https:\/\/kuwehi.de\/wp-content\/uploads\/2024\/02\/Haekeln-SaWe-gemeinsam-2024-Andrea-Quadrat-150x146.jpg 150w, https:\/\/kuwehi.de\/wp-content\/uploads\/2024\/02\/Haekeln-SaWe-gemeinsam-2024-Andrea-Quadrat-768x750.jpg 768w, https:\/\/kuwehi.de\/wp-content\/uploads\/2024\/02\/Haekeln-SaWe-gemeinsam-2024-Andrea-Quadrat.jpg 1058w\" sizes=\"(max-width: 688px) 100vw, 688px\" \/>\t\t\t\t\t\t\t\t<\/a>\n\t\t\t\t\t\t\t\t\t\t\t<figcaption class=\"widget-image-caption wp-caption-text\">Samstagswerkstatt gemeinsam: H\u00e4keln \u2013 kunterbunt und kinderleicht<\/figcaption>\n\t\t\t\t\t\t\t\t\t\t<\/figure>\n\t\t\t\t\t\t\t\t\t<\/div>\n\t\t\t\t<\/div>\n\t\t\t\t<div class=\"elementor-element elementor-element-7f4c562 elementor-widget elementor-widget-image\" data-id=\"7f4c562\" data-element_type=\"widget\" data-widget_type=\"image.default\">\n\t\t\t\t<div class=\"elementor-widget-container\">\n\t\t\t\t\t\t\t\t\t\t\t\t<figure class=\"wp-caption\">\n\t\t\t\t\t\t\t\t\t\t\t<a href=\"https:\/\/kuwehi.de\/?tribe_events=samstagswerkstatt-gemeinsam-papierschoepfen-aus-altpapier-hanf-und-baumwolle\">\n\t\t\t\t\t\t\t<img decoding=\"async\" src=\"https:\/\/kuwehi.de\/wp-content\/uploads\/elementor\/thumbs\/Papierschoepfen_Foto1_Blueten-scaled-rlsktzb7i1w3hnwsbm0edbcw4vlsgistbazymaurcw.jpg\" title=\"Papiersch\u00f6pfen_Foto1_Bl\u00fcten\" alt=\"Papiersch\u00f6pfen_Foto1_Bl\u00fcten\" loading=\"lazy\" \/>\t\t\t\t\t\t\t\t<\/a>\n\t\t\t\t\t\t\t\t\t\t\t<figcaption class=\"widget-image-caption wp-caption-text\">Samstagswerkstatt gemeinsam: Papiersch\u00f6pfen<\/figcaption>\n\t\t\t\t\t\t\t\t\t\t<\/figure>\n\t\t\t\t\t\t\t\t\t<\/div>\n\t\t\t\t<\/div>\n\t\t\t\t\t<\/div>\n\t\t\t\t<\/div>\n\t\t<div class=\"elementor-element elementor-element-0260549 e-grid e-con-boxed e-con e-parent\" data-id=\"0260549\" data-element_type=\"container\">\n\t\t\t\t\t<div class=\"e-con-inner\">\n\t\t\t\t<div class=\"elementor-element elementor-element-36d9913 elementor-widget elementor-widget-image\" data-id=\"36d9913\" data-element_type=\"widget\" data-widget_type=\"image.default\">\n\t\t\t\t<div class=\"elementor-widget-container\">\n\t\t\t\t\t\t\t\t\t\t\t\t<figure class=\"wp-caption\">\n\t\t\t\t\t\t\t\t\t\t\t<a href=\"https:\/\/kuwehi.de\/?tribe_events=samstagswerkstatt-gemeinsam-herbstliches-filzen\">\n\t\t\t\t\t\t\t<img decoding=\"async\" src=\"https:\/\/kuwehi.de\/wp-content\/uploads\/elementor\/thumbs\/Filzen_Beispiel-Maus-scaled-rl4az68oxz5ltpl0nv9ywc3gaa29xiijsnxzl153wg.jpg\" title=\"Filzen_Beispiel Maus\" alt=\"Filzen_Beispiel Maus\" loading=\"lazy\" \/>\t\t\t\t\t\t\t\t<\/a>\n\t\t\t\t\t\t\t\t\t\t\t<figcaption class=\"widget-image-caption wp-caption-text\">Samstagswerkstatt gemeinsam: Herbstliches Filzen<\/figcaption>\n\t\t\t\t\t\t\t\t\t\t<\/figure>\n\t\t\t\t\t\t\t\t\t<\/div>\n\t\t\t\t<\/div>\n\t\t\t\t<div class=\"elementor-element elementor-element-61fe5bb elementor-widget elementor-widget-image\" data-id=\"61fe5bb\" data-element_type=\"widget\" data-widget_type=\"image.default\">\n\t\t\t\t<div class=\"elementor-widget-container\">\n\t\t\t\t\t\t\t\t\t\t\t\t<figure class=\"wp-caption\">\n\t\t\t\t\t\t\t\t\t\t\t<a href=\"https:\/\/kuwehi.de\/?tribe_events=11421\">\n\t\t\t\t\t\t\t<img decoding=\"async\" src=\"https:\/\/kuwehi.de\/wp-content\/uploads\/elementor\/thumbs\/IMG-20250919-WA0010-e1758878347606-rcbh52byoqve6tocaw1vhv76hp0v6vuh5bjvf2uccg.jpg\" title=\"IMG-20250919-WA0010\" alt=\"IMG-20250919-WA0010\" loading=\"lazy\" \/>\t\t\t\t\t\t\t\t<\/a>\n\t\t\t\t\t\t\t\t\t\t\t<figcaption class=\"widget-image-caption wp-caption-text\">Samstagswerkstatt: Einfach Schnitzen<\/figcaption>\n\t\t\t\t\t\t\t\t\t\t<\/figure>\n\t\t\t\t\t\t\t\t\t<\/div>\n\t\t\t\t<\/div>\n\t\t\t\t\t<\/div>\n\t\t\t\t<\/div>\n\t\t<div class=\"elementor-element elementor-element-e30c566 e-flex e-con-boxed e-con e-parent\" data-id=\"e30c566\" data-element_type=\"container\">\n\t\t\t\t\t<div class=\"e-con-inner\">\n\t\t\t\t\t<\/div>\n\t\t\t\t<\/div>\n\t\t<div class=\"elementor-element elementor-element-4777fce e-flex e-con-boxed e-con e-parent\" data-id=\"4777fce\" data-element_type=\"container\">\n\t\t\t\t\t<div class=\"e-con-inner\">\n\t\t\t\t\t<\/div>\n\t\t\t\t<\/div>\n\t\t<div class=\"elementor-element elementor-element-ca5a1cf e-flex e-con-boxed e-con e-parent\" data-id=\"ca5a1cf\" data-element_type=\"container\">\n\t\t\t\t\t<div class=\"e-con-inner\">\n\t\t\t\t\t<\/div>\n\t\t\t\t<\/div>\n\t\t<div class=\"elementor-element elementor-element-b4f1ebe e-flex e-con-boxed e-con e-parent\" data-id=\"b4f1ebe\" data-element_type=\"container\">\n\t\t\t\t\t<div class=\"e-con-inner\">\n\t\t\t\t\t<\/div>\n\t\t\t\t<\/div>\n\t\t\t\t<\/div>\n\t\t","protected":false},"excerpt":{"rendered":"<p>Kindergeburtstage in der KuWehi Unsere n\u00e4chsten Kulturrucks\u00e4cke Samstagswerkstatt: Portrait zeichnen Samstagswerkstatt: Pferde zeichnen Samstagswerkstatt gemeinsam: H\u00e4keln \u2013 kunterbunt und kinderleicht&hellip;<\/p>\n","protected":false},"author":1,"featured_media":1076,"parent":0,"menu_order":0,"comment_status":"closed","ping_status":"closed","template":"","meta":{"_price":"","_stock":"","_tribe_ticket_header":"","_tribe_default_ticket_provider":"","_tribe_ticket_capacity":"0","_ticket_start_date":"","_ticket_end_date":"","_tribe_ticket_show_description":"","_tribe_ticket_show_not_going":false,"_tribe_ticket_use_global_stock":"","_tribe_ticket_global_stock_level":"","_global_stock_mode":"","_global_stock_cap":"","_tribe_rsvp_for_event":"","_tribe_ticket_going_count":"","_tribe_ticket_not_going_count":"","_tribe_tickets_list":"[]","_tribe_ticket_has_attendee_info_fields":false,"footnotes":"","_tec_slr_enabled":"","_tec_slr_layout":""},"class_list":["post-14","page","type-page","status-publish","has-post-thumbnail","hentry"],"ticketed":false,"_links":{"self":[{"href":"https:\/\/kuwehi.de\/index.php?rest_route=\/wp\/v2\/pages\/14","targetHints":{"allow":["GET"]}}],"collection":[{"href":"https:\/\/kuwehi.de\/index.php?rest_route=\/wp\/v2\/pages"}],"about":[{"href":"https:\/\/kuwehi.de\/index.php?rest_route=\/wp\/v2\/types\/page"}],"author":[{"embeddable":true,"href":"https:\/\/kuwehi.de\/index.php?rest_route=\/wp\/v2\/users\/1"}],"replies":[{"embeddable":true,"href":"https:\/\/kuwehi.de\/index.php?rest_route=%2Fwp%2Fv2%2Fcomments&post=14"}],"version-history":[{"count":167,"href":"https:\/\/kuwehi.de\/index.php?rest_route=\/wp\/v2\/pages\/14\/revisions"}],"predecessor-version":[{"id":11431,"href":"https:\/\/kuwehi.de\/index.php?rest_route=\/wp\/v2\/pages\/14\/revisions\/11431"}],"wp:featuredmedia":[{"embeddable":true,"href":"https:\/\/kuwehi.de\/index.php?rest_route=\/wp\/v2\/media\/1076"}],"wp:attachment":[{"href":"https:\/\/kuwehi.de\/index.php?rest_route=%2Fwp%2Fv2%2Fmedia&parent=14"}],"curies":[{"name":"wp","href":"https:\/\/api.w.org\/{rel}","templated":true}]}}