{"id":10972,"date":"2025-12-16T18:52:23","date_gmt":"2025-12-16T17:52:23","guid":{"rendered":"https:\/\/kuwehi.de\/?page_id=10972"},"modified":"2026-01-08T11:37:12","modified_gmt":"2026-01-08T10:37:12","slug":"traumwelten-erschaffen","status":"publish","type":"page","link":"https:\/\/kuwehi.de\/?page_id=10972","title":{"rendered":"Traumwelten erschaffen"},"content":{"rendered":"\t\t<div data-elementor-type=\"wp-page\" data-elementor-id=\"10972\" class=\"elementor elementor-10972\">\n\t\t\t\t<div class=\"elementor-element elementor-element-a9cb1da e-flex e-con-boxed e-con e-parent\" data-id=\"a9cb1da\" data-element_type=\"container\">\n\t\t\t\t\t<div class=\"e-con-inner\">\n\t\t\t\t<div class=\"elementor-element elementor-element-d03f6e9 elementor-widget elementor-widget-text-editor\" data-id=\"d03f6e9\" data-element_type=\"widget\" data-widget_type=\"text-editor.default\">\n\t\t\t\t<div class=\"elementor-widget-container\">\n\t\t\t\t\t\t\t\t\t<h1 style=\"text-align: center;\"><span style=\"color: #800080;\"><strong>Traumwelten aus<\/strong><\/span><span style=\"color: #800080;\"><strong> Naturmaterialien<br \/><\/strong>( ab 8 J. )<\/span><\/h1>\t\t\t\t\t\t\t\t<\/div>\n\t\t\t\t<\/div>\n\t\t\t\t<div class=\"elementor-element elementor-element-8570164 elementor-align-center elementor-widget elementor-widget-button\" data-id=\"8570164\" data-element_type=\"widget\" data-widget_type=\"button.default\">\n\t\t\t\t<div class=\"elementor-widget-container\">\n\t\t\t\t\t\t\t\t\t<div class=\"elementor-button-wrapper\">\n\t\t\t\t\t<a class=\"elementor-button elementor-button-link elementor-size-sm\" href=\"https:\/\/kuwehi.de\/?page_id=11028\">\n\t\t\t\t\t\t<span class=\"elementor-button-content-wrapper\">\n\t\t\t\t\t\t\t\t\t<span class=\"elementor-button-text\">Jetzt anfragen!<\/span>\n\t\t\t\t\t<\/span>\n\t\t\t\t\t<\/a>\n\t\t\t\t<\/div>\n\t\t\t\t\t\t\t\t<\/div>\n\t\t\t\t<\/div>\n\t\t\t\t<div class=\"elementor-element elementor-element-71109e9 elementor-widget elementor-widget-image\" data-id=\"71109e9\" data-element_type=\"widget\" data-widget_type=\"image.default\">\n\t\t\t\t<div class=\"elementor-widget-container\">\n\t\t\t\t\t\t\t\t\t\t\t\t\t\t\t<img decoding=\"async\" src=\"https:\/\/kuwehi.de\/wp-content\/uploads\/elementor\/thumbs\/IMG_20250207_172138-scaled-e1749198571283-r6wglsg87hf574wesiofpfhpp51jkk6a29nxrctj94.jpg\" title=\"IMG_20250207_172138\" alt=\"IMG_20250207_172138\" loading=\"lazy\" \/>\t\t\t\t\t\t\t\t\t\t\t\t\t\t\t<\/div>\n\t\t\t\t<\/div>\n\t\t\t\t<div class=\"elementor-element elementor-element-284a1de elementor-widget elementor-widget-text-editor\" data-id=\"284a1de\" data-element_type=\"widget\" data-widget_type=\"text-editor.default\">\n\t\t\t\t<div class=\"elementor-widget-container\">\n\t\t\t\t\t\t\t\t\t<p><span style=\"color: #000000; font-size: 26px;\">In einer Welt, in der Technik und Hektik oft den Alltag bestimmt, wird der Wunsch nach einem Ort voller Fantasie und Geborgenheit immer gr\u00f6\u00dfer. Mit einfachen handwerklichen Techniken wie s\u00e4gen, bohren, kneten, flechten und kleben entsteht aus Holz, \u00c4sten, Kork, Steinen und vielem mehr eine individuelle Welt der eigenen Fantasie. So k\u00f6nnen neue Landschaften erschaffen werden, in denen vielleicht auch kleine Figuren aus Modelliermasse zum Leben erweckt werden. Die Kombination aus festen und weichen Materialien l\u00e4sst Raum f\u00fcr Kontraste und Kreativit\u00e4t ohne Grenzen.<\/span><\/p><p><span style=\"color: #000000; font-size: 26px;\">Materialkosten : 4 \u20ac pro Kind<\/span><\/p>\t\t\t\t\t\t\t\t<\/div>\n\t\t\t\t<\/div>\n\t\t\t\t\t<\/div>\n\t\t\t\t<\/div>\n\t\t\t\t<\/div>\n\t\t","protected":false},"excerpt":{"rendered":"<p>Traumwelten aus Naturmaterialien( ab 8 J. ) Jetzt anfragen! In einer Welt, in der Technik und Hektik oft den Alltag&hellip;<\/p>\n","protected":false},"author":1,"featured_media":10354,"parent":0,"menu_order":0,"comment_status":"closed","ping_status":"closed","template":"elementor_header_footer","meta":{"_price":"","_stock":"","_tribe_ticket_header":"","_tribe_default_ticket_provider":"","_tribe_ticket_capacity":"0","_ticket_start_date":"","_ticket_end_date":"","_tribe_ticket_show_description":"","_tribe_ticket_show_not_going":false,"_tribe_ticket_use_global_stock":"","_tribe_ticket_global_stock_level":"","_global_stock_mode":"","_global_stock_cap":"","_tribe_rsvp_for_event":"","_tribe_ticket_going_count":"","_tribe_ticket_not_going_count":"","_tribe_tickets_list":"[]","_tribe_ticket_has_attendee_info_fields":false,"footnotes":"","_tec_slr_enabled":"","_tec_slr_layout":""},"class_list":["post-10972","page","type-page","status-publish","has-post-thumbnail","hentry"],"ticketed":false,"_links":{"self":[{"href":"https:\/\/kuwehi.de\/index.php?rest_route=\/wp\/v2\/pages\/10972","targetHints":{"allow":["GET"]}}],"collection":[{"href":"https:\/\/kuwehi.de\/index.php?rest_route=\/wp\/v2\/pages"}],"about":[{"href":"https:\/\/kuwehi.de\/index.php?rest_route=\/wp\/v2\/types\/page"}],"author":[{"embeddable":true,"href":"https:\/\/kuwehi.de\/index.php?rest_route=\/wp\/v2\/users\/1"}],"replies":[{"embeddable":true,"href":"https:\/\/kuwehi.de\/index.php?rest_route=%2Fwp%2Fv2%2Fcomments&post=10972"}],"version-history":[{"count":22,"href":"https:\/\/kuwehi.de\/index.php?rest_route=\/wp\/v2\/pages\/10972\/revisions"}],"predecessor-version":[{"id":11190,"href":"https:\/\/kuwehi.de\/index.php?rest_route=\/wp\/v2\/pages\/10972\/revisions\/11190"}],"wp:featuredmedia":[{"embeddable":true,"href":"https:\/\/kuwehi.de\/index.php?rest_route=\/wp\/v2\/media\/10354"}],"wp:attachment":[{"href":"https:\/\/kuwehi.de\/index.php?rest_route=%2Fwp%2Fv2%2Fmedia&parent=10972"}],"curies":[{"name":"wp","href":"https:\/\/api.w.org\/{rel}","templated":true}]}}